{"id":202490,"date":"2025-03-21T11:19:05","date_gmt":"2025-03-21T11:19:05","guid":{"rendered":"https:\/\/aromasentia.com\/product\/aromatherapy-soy-candle-200g-be-chilled\/"},"modified":"2025-06-22T03:54:30","modified_gmt":"2025-06-22T03:54:30","slug":"aromaterapeutisk-soyalys-200-g-be-chilled","status":"publish","type":"product","link":"https:\/\/aromasentia.com\/da\/aromaterapeutisk-soyalys-200-g-be-chilled\/","title":{"rendered":"Aromaterapeutisk Soyalys 200 G &#8211; Be Chilled"},"content":{"rendered":"<p>Lavet med <strong>100% ren lavendel- og fennikelolie<\/strong>\/ 200 g sojavoks \/ 40 timers br\u00e6ndetid.<\/p>\n<p>Vores nye <strong>aromaterapilys &#8211; Be Chilled<\/strong> er lavet med rene \u00e6teriske olier og naturlig sojavoks for at fortrylle og gl\u00e6de dine kunder. Intet mere, intet mindre&#8230; s\u00e5 naturligt, s\u00e5 rent, s\u00e5 vegansk \ud83d\ude42<\/p>\n<p>Kombinationer af rene olier, der alle fungerer godt sammen for at stimulere klar t\u00e6nkning, afslapning, energi, gl\u00e6de og meget mere. Langsomt og delikat vil aromaen stige, mens lyset br\u00e6nder, og fylde ethvert rum med en \u00e6gte aromaterapeutisk duft.<\/p>\n","protected":false},"excerpt":{"rendered":"<p>Lavet med 100% ren lavendel- og fennikelolie\/ 200 g sojavoks \/ 40 timers br\u00e6ndetid. Vores nye aromaterapilys &#8211; Be Chilled er lavet med rene \u00e6teriske olier og naturlig sojavoks for at fortrylle og gl\u00e6de dine kunder. Intet mere, intet mindre&#8230; s\u00e5 naturligt, s\u00e5 rent, s\u00e5 vegansk \ud83d\ude42 Kombinationer af rene olier, der alle fungerer godt [&hellip;]<\/p>\n","protected":false},"featured_media":303466,"comment_status":"closed","ping_status":"open","template":"","meta":{"_angie_page":false},"product_brand":[],"product_cat":[6251,7926],"product_tag":[],"class_list":{"0":"post-202490","1":"product","2":"type-product","3":"status-publish","4":"has-post-thumbnail","6":"product_cat-lysestager-og-stearinlys","7":"product_cat-soja-duftlys","8":"pa_collection-aromatherapy-soy-wax-candles-200g-da","9":"pa_made-in-kina","10":"pa_size-200g","12":"first","13":"instock","14":"purchasable","15":"product-type-simple"},"supplier_id":null,"supplier_sku":"ASC-06","barcode":null,"atum_controlled":true,"out_stock_date":null,"out_stock_threshold":null,"inheritable":false,"inbound_stock":null,"stock_on_hold":0,"sold_today":0,"sales_last_days":0,"reserved_stock":null,"customer_returns":null,"warehouse_damage":null,"lost_in_post":null,"other_logs":null,"out_stock_days":0,"lost_sales":0,"has_location":null,"update_date":"2026-05-04T00:02:49","atum_locations":[],"atum_stock_status":"instock","restock_status":false,"low_stock_amount":"","sales_update_date":"2025-10-09T03:23:48","calc_backorders":null,"_links":{"self":[{"href":"https:\/\/aromasentia.com\/da\/wp-json\/wp\/v2\/product\/202490","targetHints":{"allow":["GET"]}}],"collection":[{"href":"https:\/\/aromasentia.com\/da\/wp-json\/wp\/v2\/product"}],"about":[{"href":"https:\/\/aromasentia.com\/da\/wp-json\/wp\/v2\/types\/product"}],"replies":[{"embeddable":true,"href":"https:\/\/aromasentia.com\/da\/wp-json\/wp\/v2\/comments?post=202490"}],"version-history":[{"count":0,"href":"https:\/\/aromasentia.com\/da\/wp-json\/wp\/v2\/product\/202490\/revisions"}],"wp:featuredmedia":[{"embeddable":true,"href":"https:\/\/aromasentia.com\/da\/wp-json\/wp\/v2\/media\/303466"}],"wp:attachment":[{"href":"https:\/\/aromasentia.com\/da\/wp-json\/wp\/v2\/media?parent=202490"}],"wp:term":[{"taxonomy":"product_brand","embeddable":true,"href":"https:\/\/aromasentia.com\/da\/wp-json\/wp\/v2\/product_brand?post=202490"},{"taxonomy":"product_cat","embeddable":true,"href":"https:\/\/aromasentia.com\/da\/wp-json\/wp\/v2\/product_cat?post=202490"},{"taxonomy":"product_tag","embeddable":true,"href":"https:\/\/aromasentia.com\/da\/wp-json\/wp\/v2\/product_tag?post=202490"}],"curies":[{"name":"wp","href":"https:\/\/api.w.org\/{rel}","templated":true}]}}