{"id":202469,"date":"2025-03-21T11:19:05","date_gmt":"2025-03-21T11:19:05","guid":{"rendered":"https:\/\/aromasentia.com\/product\/votive-candle-moroccan-roll\/"},"modified":"2025-06-22T03:54:17","modified_gmt":"2025-06-22T03:54:17","slug":"stearinlys-marokkansk-rulle","status":"publish","type":"product","link":"https:\/\/aromasentia.com\/da\/stearinlys-marokkansk-rulle\/","title":{"rendered":"Stearinlys &#8211; marokkansk Rulle"},"content":{"rendered":"<p>Vi er stolte af at introducere en ny serie af <strong>&nbsp;sojab\u00f8nnevokslys<\/strong>, som er lavet af hydrogeneret sojab\u00f8nneolie og fri for syntetisk voks eller paraffin.<\/p>\n<p><strong>Aroma Sentia-ping Votive Candles &#8211; Moroccan Roll<\/strong> er h\u00e5ndh\u00e6ldt i en hvid glaskrukke, der kan genbruges, med et s\u00f8lvl\u00e5g. De leveres i en <strong>farverig gave\u00e6ske.<\/strong><\/p>\n<p>Disse lys er lavet med en h\u00f8j koncentration af <strong>duftolier<\/strong> og bruger udelukkende <strong>naturlig sojavoks<\/strong>.<\/p>\n<p>Opgrader din og dine kunders stearinlyslevetid. Sojavoks er et perfekt<strong>&nbsp;milj\u00f8venligt<\/strong> alternativ. Det er s\u00e5 meget renere og mere naturligt end paraffinlys. Lidt dyrere, men det v\u00e6rd. Sojab\u00f8nnelys i krukke br\u00e6nder meget bedre og efterlader minimale voksrester.<\/p>\n<p><span style=\"color: rgb(209, 72, 65);\"><strong>Designet som en flot og omsorgsfuld gave. Hvis du videres\u00e6lger lys, b\u00f8r du absolut overveje at tilf\u00f8je dem til din portef\u00f8lje.<\/strong><\/span><\/p>\n","protected":false},"excerpt":{"rendered":"<p>Vi er stolte af at introducere en ny serie af &nbsp;sojab\u00f8nnevokslys, som er lavet af hydrogeneret sojab\u00f8nneolie og fri for syntetisk voks eller paraffin. Aroma Sentia-ping Votive Candles &#8211; Moroccan Roll er h\u00e5ndh\u00e6ldt i en hvid glaskrukke, der kan genbruges, med et s\u00f8lvl\u00e5g. De leveres i en farverig gave\u00e6ske. Disse lys er lavet med en [&hellip;]<\/p>\n","protected":false},"featured_media":303101,"comment_status":"closed","ping_status":"open","template":"","meta":{"_angie_page":false},"product_brand":[27084],"product_cat":[6251,7926],"product_tag":[],"class_list":{"0":"post-202469","1":"product","2":"type-product","3":"status-publish","4":"has-post-thumbnail","6":"product_brand-agnes-and-cat","7":"product_cat-lysestager-og-stearinlys","8":"product_cat-soja-duftlys","9":"pa_collection-votive-glass-jar-candles-200-ml-da","10":"pa_made-in-kina","12":"first","13":"instock","14":"purchasable","15":"product-type-simple"},"supplier_id":null,"supplier_sku":"ACVC-02","barcode":null,"atum_controlled":true,"out_stock_date":null,"out_stock_threshold":null,"inheritable":false,"inbound_stock":null,"stock_on_hold":0,"sold_today":0,"sales_last_days":0,"reserved_stock":null,"customer_returns":null,"warehouse_damage":null,"lost_in_post":null,"other_logs":null,"out_stock_days":0,"lost_sales":0,"has_location":null,"update_date":"2026-05-08T05:02:35","atum_locations":[],"atum_stock_status":"instock","restock_status":false,"low_stock_amount":"","sales_update_date":"2026-01-20T05:13:08","calc_backorders":null,"_links":{"self":[{"href":"https:\/\/aromasentia.com\/da\/wp-json\/wp\/v2\/product\/202469","targetHints":{"allow":["GET"]}}],"collection":[{"href":"https:\/\/aromasentia.com\/da\/wp-json\/wp\/v2\/product"}],"about":[{"href":"https:\/\/aromasentia.com\/da\/wp-json\/wp\/v2\/types\/product"}],"replies":[{"embeddable":true,"href":"https:\/\/aromasentia.com\/da\/wp-json\/wp\/v2\/comments?post=202469"}],"version-history":[{"count":0,"href":"https:\/\/aromasentia.com\/da\/wp-json\/wp\/v2\/product\/202469\/revisions"}],"wp:featuredmedia":[{"embeddable":true,"href":"https:\/\/aromasentia.com\/da\/wp-json\/wp\/v2\/media\/303101"}],"wp:attachment":[{"href":"https:\/\/aromasentia.com\/da\/wp-json\/wp\/v2\/media?parent=202469"}],"wp:term":[{"taxonomy":"product_brand","embeddable":true,"href":"https:\/\/aromasentia.com\/da\/wp-json\/wp\/v2\/product_brand?post=202469"},{"taxonomy":"product_cat","embeddable":true,"href":"https:\/\/aromasentia.com\/da\/wp-json\/wp\/v2\/product_cat?post=202469"},{"taxonomy":"product_tag","embeddable":true,"href":"https:\/\/aromasentia.com\/da\/wp-json\/wp\/v2\/product_tag?post=202469"}],"curies":[{"name":"wp","href":"https:\/\/api.w.org\/{rel}","templated":true}]}}