{"id":202465,"date":"2025-03-21T11:19:54","date_gmt":"2025-03-21T11:19:54","guid":{"rendered":"https:\/\/aromasentia.com\/product\/ancient-witch-purification-candles-locked-desires\/"},"modified":"2025-06-22T03:54:15","modified_gmt":"2025-06-22T03:54:15","slug":"gamle-hekse-rensningslys-laaste-oensker","status":"publish","type":"product","link":"https:\/\/aromasentia.com\/da\/gamle-hekse-rensningslys-laaste-oensker\/","title":{"rendered":"Gamle Hekse-Rensningslys &#8211; L\u00e5ste \u00d8nsker"},"content":{"rendered":"<p><span style=\"color: rgb(75, 80, 88);\">Skabet til at v\u00e6kke \u00f8nsker og frig\u00f8re energien indeni. Beriget med den potente essens af <strong>rosmarin \u00e6terisk olie<\/strong>, er dette lys ideelt til heksekunster, der kr\u00e6ver fokus, intention og spirituel aktivering. Rosmarin, kendt for sine evner til klarhed og beskyttelse, renser sindet og skaber plads til manifestation og forf\u00f8lgelsen af l\u00e6nge n\u00e6rede ambitioner.<\/span><\/p>\n<p><span style=\"color: rgb(75, 80, 88);\">Flagermusen indesluttet i et bur symboliserer bundne \u00f8nsker, der venter p\u00e5 at blive frigivet. Mens lyset br\u00e6nder, visualiser bur\u00e5bningen, der s\u00e6tter dine intentioner fri til at sv\u00e6ve. Lad Manifestationslyset guide dig, mens du kanaliserer energi mod at manifestere dine sandeste \u00f8nsker og frig\u00f8re dit indre potentiale.<\/span><\/p>\n<p><span style=\"color: rgb(75, 80, 88);\"><strong>Din trylleformular:<\/strong><\/span><\/p>\n<p><span style=\"color: rgb(75, 80, 88);\"><em>&#8220;Rosemarys kraft, l\u00e5s d\u00f8ren op, afsl\u00f8r mine dr\u00f8mme for evigt. Indesp\u00e6rrede \u00f8nsker, tag flugt, opst\u00e5, afsl\u00f8r mine \u00f8nsker for mine \u00f8jne.&#8221;<\/em><\/span><\/p>\n<p><span style=\"color: rgb(75, 80, 88);\"><strong>Br\u00e6ndetid p\u00e5 op til 50 timer.<\/strong><\/span><\/p>\n","protected":false},"excerpt":{"rendered":"<p>Skabet til at v\u00e6kke \u00f8nsker og frig\u00f8re energien indeni. Beriget med den potente essens af rosmarin \u00e6terisk olie, er dette lys ideelt til heksekunster, der kr\u00e6ver fokus, intention og spirituel aktivering. Rosmarin, kendt for sine evner til klarhed og beskyttelse, renser sindet og skaber plads til manifestation og forf\u00f8lgelsen af l\u00e6nge n\u00e6rede ambitioner. Flagermusen indesluttet [&hellip;]<\/p>\n","protected":false},"featured_media":304344,"comment_status":"closed","ping_status":"open","template":"","meta":{"_angie_page":false},"product_brand":[],"product_cat":[7925,6251,7926],"product_tag":[],"class_list":{"0":"post-202465","1":"product","2":"type-product","3":"status-publish","4":"has-post-thumbnail","6":"product_cat-duftlys","7":"product_cat-lysestager-og-stearinlys","8":"product_cat-soja-duftlys","9":"pa_collection-botanical-wooden-wick-soy-candle-da","10":"pa_made-in-kina","12":"first","13":"instock","14":"purchasable","15":"product-type-simple"},"supplier_id":null,"supplier_sku":"AWtPC-05","barcode":null,"atum_controlled":true,"out_stock_date":null,"out_stock_threshold":null,"inheritable":false,"inbound_stock":null,"stock_on_hold":0,"sold_today":0,"sales_last_days":0,"reserved_stock":null,"customer_returns":null,"warehouse_damage":null,"lost_in_post":null,"other_logs":null,"out_stock_days":0,"lost_sales":0,"has_location":null,"update_date":"2026-05-04T00:02:50","atum_locations":[],"atum_stock_status":"instock","restock_status":false,"low_stock_amount":"","sales_update_date":"2025-10-09T03:24:52","calc_backorders":null,"_links":{"self":[{"href":"https:\/\/aromasentia.com\/da\/wp-json\/wp\/v2\/product\/202465","targetHints":{"allow":["GET"]}}],"collection":[{"href":"https:\/\/aromasentia.com\/da\/wp-json\/wp\/v2\/product"}],"about":[{"href":"https:\/\/aromasentia.com\/da\/wp-json\/wp\/v2\/types\/product"}],"replies":[{"embeddable":true,"href":"https:\/\/aromasentia.com\/da\/wp-json\/wp\/v2\/comments?post=202465"}],"version-history":[{"count":0,"href":"https:\/\/aromasentia.com\/da\/wp-json\/wp\/v2\/product\/202465\/revisions"}],"wp:featuredmedia":[{"embeddable":true,"href":"https:\/\/aromasentia.com\/da\/wp-json\/wp\/v2\/media\/304344"}],"wp:attachment":[{"href":"https:\/\/aromasentia.com\/da\/wp-json\/wp\/v2\/media?parent=202465"}],"wp:term":[{"taxonomy":"product_brand","embeddable":true,"href":"https:\/\/aromasentia.com\/da\/wp-json\/wp\/v2\/product_brand?post=202465"},{"taxonomy":"product_cat","embeddable":true,"href":"https:\/\/aromasentia.com\/da\/wp-json\/wp\/v2\/product_cat?post=202465"},{"taxonomy":"product_tag","embeddable":true,"href":"https:\/\/aromasentia.com\/da\/wp-json\/wp\/v2\/product_tag?post=202465"}],"curies":[{"name":"wp","href":"https:\/\/api.w.org\/{rel}","templated":true}]}}