{"id":202455,"date":"2025-03-21T11:19:54","date_gmt":"2025-03-21T11:19:54","guid":{"rendered":"https:\/\/aromasentia.com\/product\/art-tin-candle-russian-dolls\/"},"modified":"2025-06-22T03:54:10","modified_gmt":"2025-06-22T03:54:10","slug":"art-tin-candle-russiske-dukker","status":"publish","type":"product","link":"https:\/\/aromasentia.com\/da\/art-tin-candle-russiske-dukker\/","title":{"rendered":"Art Tin Candle &#8211; Russiske Dukker"},"content":{"rendered":"<p>Vores engros tinlys er lavet med naturlig sojavoks og en blanding af parfumeolier af h\u00f8j kvalitet.&nbsp;<\/p>\n<p>Sojavokslys er et godt milj\u00f8venligt alternativ til paraffinlys. Vores valg om at bruge sojavoks var en nem beslutning: sojalys spreder duft p\u00e5 en smuk m\u00e5de og er bedre for planeten. Sojalys br\u00e6nder ogs\u00e5 30-50% l\u00e6ngere og indeholder ikke de giftstoffer, som paraffinlys har. Vores 100 % naturlige lys producerer ogs\u00e5 95 % mindre sod!<\/p>\n<p>Pr\u00e6senteres i smukke d\u00e5ser med kunsttryk og et smukt header-tag. Store 120 g. Sojavoks. S\u00e6lges i \u00e6sker med 6 lys med 3 forskellige designs til hvert tema.<\/p>\n<p>Alle vores lys bruger naturlige produkter og er ikke testet p\u00e5 dyr, hvilket betyder, at de er veganske.<br \/>Du kan ogs\u00e5 genbruge eller genanvende alle vores emballager! Lysene br\u00e6nder i op til 23 timer og kommer med deres helt egen plejevejledning, s\u00e5 du kan f\u00e5 mest muligt ud af dit lys fra top til bund.<\/p>\n","protected":false},"excerpt":{"rendered":"<p>Vores engros tinlys er lavet med naturlig sojavoks og en blanding af parfumeolier af h\u00f8j kvalitet.&nbsp; Sojavokslys er et godt milj\u00f8venligt alternativ til paraffinlys. Vores valg om at bruge sojavoks var en nem beslutning: sojalys spreder duft p\u00e5 en smuk m\u00e5de og er bedre for planeten. Sojalys br\u00e6nder ogs\u00e5 30-50% l\u00e6ngere og indeholder ikke de [&hellip;]<\/p>\n","protected":false},"featured_media":303798,"comment_status":"closed","ping_status":"open","template":"","meta":[],"product_brand":[],"product_cat":[7925,6251,7926],"product_tag":[],"class_list":{"0":"post-202455","1":"product","2":"type-product","3":"status-publish","4":"has-post-thumbnail","6":"product_cat-duftlys","7":"product_cat-lysestager-og-stearinlys","8":"product_cat-soja-duftlys","9":"pa_collection-art-tin-candles-da","10":"pa_made-in-kina","12":"first","13":"instock","14":"purchasable","15":"product-type-simple"},"supplier_id":null,"supplier_sku":"ATC-04","barcode":null,"atum_controlled":true,"out_stock_date":null,"out_stock_threshold":null,"inheritable":false,"inbound_stock":null,"stock_on_hold":0,"sold_today":0,"sales_last_days":0,"reserved_stock":null,"customer_returns":null,"warehouse_damage":null,"lost_in_post":null,"other_logs":null,"out_stock_days":0,"lost_sales":0,"has_location":null,"update_date":"2026-02-09T08:37:19","atum_locations":[],"atum_stock_status":"instock","restock_status":false,"low_stock_amount":"","sales_update_date":"2026-02-06T00:01:22","calc_backorders":null,"_links":{"self":[{"href":"https:\/\/aromasentia.com\/da\/wp-json\/wp\/v2\/product\/202455","targetHints":{"allow":["GET"]}}],"collection":[{"href":"https:\/\/aromasentia.com\/da\/wp-json\/wp\/v2\/product"}],"about":[{"href":"https:\/\/aromasentia.com\/da\/wp-json\/wp\/v2\/types\/product"}],"replies":[{"embeddable":true,"href":"https:\/\/aromasentia.com\/da\/wp-json\/wp\/v2\/comments?post=202455"}],"version-history":[{"count":0,"href":"https:\/\/aromasentia.com\/da\/wp-json\/wp\/v2\/product\/202455\/revisions"}],"wp:featuredmedia":[{"embeddable":true,"href":"https:\/\/aromasentia.com\/da\/wp-json\/wp\/v2\/media\/303798"}],"wp:attachment":[{"href":"https:\/\/aromasentia.com\/da\/wp-json\/wp\/v2\/media?parent=202455"}],"wp:term":[{"taxonomy":"product_brand","embeddable":true,"href":"https:\/\/aromasentia.com\/da\/wp-json\/wp\/v2\/product_brand?post=202455"},{"taxonomy":"product_cat","embeddable":true,"href":"https:\/\/aromasentia.com\/da\/wp-json\/wp\/v2\/product_cat?post=202455"},{"taxonomy":"product_tag","embeddable":true,"href":"https:\/\/aromasentia.com\/da\/wp-json\/wp\/v2\/product_tag?post=202455"}],"curies":[{"name":"wp","href":"https:\/\/api.w.org\/{rel}","templated":true}]}}