{"id":202446,"date":"2025-03-21T11:19:54","date_gmt":"2025-03-21T11:19:54","guid":{"rendered":"https:\/\/aromasentia.com\/product\/large-botanical-candles-marsh-violet\/"},"modified":"2025-06-22T03:54:04","modified_gmt":"2025-06-22T03:54:04","slug":"store-botaniske-stearinlys-marsh-violet","status":"publish","type":"product","link":"https:\/\/aromasentia.com\/da\/store-botaniske-stearinlys-marsh-violet\/","title":{"rendered":"Store Botaniske Stearinlys &#8211; marsh Violet"},"content":{"rendered":"<p><strong><span style=\"color: rgb(75, 80, 88);\">Stor Botanisk Have &#8211; Marsh Viola<\/span><\/strong><\/p>\n<p><span style=\"color: rgb(75, 80, 88);\"><strong>Botaniske lys&nbsp;<\/strong>er lavet med sojab\u00f8nnevoks, som er en vedvarende ressource, og 3% duftolie. Det br\u00e6nder l\u00e6ngere end de fleste paraffinvokslys og har en ren, n\u00e6sten r\u00f8gfri flamme.&nbsp;<\/span><\/p>\n<p><span style=\"color: rgb(75, 80, 88);\">Botaniske lys leveres i runde keramiske krukker, der kan genbruges,&nbsp;er stregkodede og pakkes p\u00e6nt i en pr\u00e6sentations\u00e6ske. Hvert lys indeholder en tr\u00e6v\u00e6ge i stedet for en traditionel v\u00e6ge<\/span><\/p>\n<p><span style=\"color: rgb(75, 80, 88);\">Bem\u00e6rk: Efterlad aldrig et br\u00e6ndende lys uden opsyn. Br\u00e6nd lyset utilg\u00e6ngeligt for b\u00f8rn og k\u00e6ledyr. Der skal altid v\u00e6re mindst 10 cm mellem br\u00e6ndende lys. Br\u00e6nd ikke lys p\u00e5 eller i n\u00e6rheden af noget, der kan ant\u00e6ndes.<\/span><\/p>\n<p><span style=\"color: rgb(75, 80, 88);\">St\u00f8rrelse: Diameter 8 cm, H\u00f8jde 7,5 cm, V\u00e6gt 430 g<\/span><\/p>\n<p><span style=\"color: rgb(75, 80, 88);\">Br\u00e6ndetid 30 timer<\/span><\/p>\n","protected":false},"excerpt":{"rendered":"<p>Stor Botanisk Have &#8211; Marsh Viola Botaniske lys&nbsp;er lavet med sojab\u00f8nnevoks, som er en vedvarende ressource, og 3% duftolie. Det br\u00e6nder l\u00e6ngere end de fleste paraffinvokslys og har en ren, n\u00e6sten r\u00f8gfri flamme.&nbsp; Botaniske lys leveres i runde keramiske krukker, der kan genbruges,&nbsp;er stregkodede og pakkes p\u00e6nt i en pr\u00e6sentations\u00e6ske. Hvert lys indeholder en tr\u00e6v\u00e6ge [&hellip;]<\/p>\n","protected":false},"featured_media":304742,"comment_status":"closed","ping_status":"open","template":"","meta":{"_angie_page":false},"product_brand":[27094],"product_cat":[7925,6251,7926],"product_tag":[],"class_list":{"0":"post-202446","1":"product","2":"type-product","3":"status-publish","4":"has-post-thumbnail","6":"product_brand-ancient-wisdom","7":"product_cat-duftlys","8":"product_cat-lysestager-og-stearinlys","9":"product_cat-soja-duftlys","10":"pa_collection-botanical-wooden-wick-soy-candle-da","11":"pa_made-in-kina","13":"first","14":"instock","15":"purchasable","16":"product-type-simple"},"supplier_id":null,"supplier_sku":"BotC-06","barcode":null,"atum_controlled":true,"out_stock_date":null,"out_stock_threshold":null,"inheritable":false,"inbound_stock":null,"stock_on_hold":0,"sold_today":0,"sales_last_days":0,"reserved_stock":null,"customer_returns":null,"warehouse_damage":null,"lost_in_post":null,"other_logs":null,"out_stock_days":0,"lost_sales":0,"has_location":null,"update_date":"2026-04-27T06:55:25","atum_locations":[],"atum_stock_status":"instock","restock_status":false,"low_stock_amount":"","sales_update_date":"2026-02-06T00:01:31","calc_backorders":null,"_links":{"self":[{"href":"https:\/\/aromasentia.com\/da\/wp-json\/wp\/v2\/product\/202446","targetHints":{"allow":["GET"]}}],"collection":[{"href":"https:\/\/aromasentia.com\/da\/wp-json\/wp\/v2\/product"}],"about":[{"href":"https:\/\/aromasentia.com\/da\/wp-json\/wp\/v2\/types\/product"}],"replies":[{"embeddable":true,"href":"https:\/\/aromasentia.com\/da\/wp-json\/wp\/v2\/comments?post=202446"}],"version-history":[{"count":0,"href":"https:\/\/aromasentia.com\/da\/wp-json\/wp\/v2\/product\/202446\/revisions"}],"wp:featuredmedia":[{"embeddable":true,"href":"https:\/\/aromasentia.com\/da\/wp-json\/wp\/v2\/media\/304742"}],"wp:attachment":[{"href":"https:\/\/aromasentia.com\/da\/wp-json\/wp\/v2\/media?parent=202446"}],"wp:term":[{"taxonomy":"product_brand","embeddable":true,"href":"https:\/\/aromasentia.com\/da\/wp-json\/wp\/v2\/product_brand?post=202446"},{"taxonomy":"product_cat","embeddable":true,"href":"https:\/\/aromasentia.com\/da\/wp-json\/wp\/v2\/product_cat?post=202446"},{"taxonomy":"product_tag","embeddable":true,"href":"https:\/\/aromasentia.com\/da\/wp-json\/wp\/v2\/product_tag?post=202446"}],"curies":[{"name":"wp","href":"https:\/\/api.w.org\/{rel}","templated":true}]}}