{"id":202433,"date":"2025-03-21T11:21:45","date_gmt":"2025-03-21T11:21:45","guid":{"rendered":"https:\/\/aromasentia.com\/product\/centrepiece-iron-votive-candle-holder-3-cup-silluethe\/"},"modified":"2025-06-22T03:53:57","modified_gmt":"2025-06-22T03:53:57","slug":"centerpiece-lysestage-til-fyrfadslys-i-jern-3-cup-silluethe","status":"publish","type":"product","link":"https:\/\/aromasentia.com\/da\/centerpiece-lysestage-til-fyrfadslys-i-jern-3-cup-silluethe\/","title":{"rendered":"Centerpiece Lysestage Til Fyrfadslys I Jern &#8211; 3 Cup Silluethe"},"content":{"rendered":"<p>St\u00f8rrelse p\u00e5 lysestagen: L\u00e6ngde: 35,5 Bredde: 8,5 cm, H\u00f8jde 11,5 cm<\/p>\n<p><\/p>\n<p>St\u00f8rrelse p\u00e5 glas: Diameter 6,5 cm, H\u00f8jde 6 cm<\/p>\n","protected":false},"excerpt":{"rendered":"<p>St\u00f8rrelse p\u00e5 lysestagen: L\u00e6ngde: 35,5 Bredde: 8,5 cm, H\u00f8jde 11,5 cm St\u00f8rrelse p\u00e5 glas: Diameter 6,5 cm, H\u00f8jde 6 cm<\/p>\n","protected":false},"featured_media":305357,"comment_status":"closed","ping_status":"open","template":"","meta":{"_angie_page":false},"product_brand":[],"product_cat":[6250,6251],"product_tag":[],"class_list":{"0":"post-202433","1":"product","2":"type-product","3":"status-publish","4":"has-post-thumbnail","6":"product_cat-lysestager","7":"product_cat-lysestager-og-stearinlys","8":"pa_collection-centerpiece-iron-votive-candle-holders-da","9":"pa_made-in-kina","11":"first","12":"outofstock","13":"purchasable","14":"product-type-simple"},"supplier_id":null,"supplier_sku":"CIVCH-05","barcode":null,"atum_controlled":true,"out_stock_date":"2025-09-04 22:19:54","out_stock_threshold":null,"inheritable":false,"inbound_stock":null,"stock_on_hold":0,"sold_today":0,"sales_last_days":0,"reserved_stock":null,"customer_returns":null,"warehouse_damage":null,"lost_in_post":null,"other_logs":null,"out_stock_days":34,"lost_sales":0,"has_location":null,"update_date":"2026-04-27T06:57:36","atum_locations":[],"atum_stock_status":"outofstock","restock_status":false,"low_stock_amount":"","sales_update_date":"2025-10-09T03:28:08","calc_backorders":null,"_links":{"self":[{"href":"https:\/\/aromasentia.com\/da\/wp-json\/wp\/v2\/product\/202433","targetHints":{"allow":["GET"]}}],"collection":[{"href":"https:\/\/aromasentia.com\/da\/wp-json\/wp\/v2\/product"}],"about":[{"href":"https:\/\/aromasentia.com\/da\/wp-json\/wp\/v2\/types\/product"}],"replies":[{"embeddable":true,"href":"https:\/\/aromasentia.com\/da\/wp-json\/wp\/v2\/comments?post=202433"}],"version-history":[{"count":0,"href":"https:\/\/aromasentia.com\/da\/wp-json\/wp\/v2\/product\/202433\/revisions"}],"wp:featuredmedia":[{"embeddable":true,"href":"https:\/\/aromasentia.com\/da\/wp-json\/wp\/v2\/media\/305357"}],"wp:attachment":[{"href":"https:\/\/aromasentia.com\/da\/wp-json\/wp\/v2\/media?parent=202433"}],"wp:term":[{"taxonomy":"product_brand","embeddable":true,"href":"https:\/\/aromasentia.com\/da\/wp-json\/wp\/v2\/product_brand?post=202433"},{"taxonomy":"product_cat","embeddable":true,"href":"https:\/\/aromasentia.com\/da\/wp-json\/wp\/v2\/product_cat?post=202433"},{"taxonomy":"product_tag","embeddable":true,"href":"https:\/\/aromasentia.com\/da\/wp-json\/wp\/v2\/product_tag?post=202433"}],"curies":[{"name":"wp","href":"https:\/\/api.w.org\/{rel}","templated":true}]}}