{"id":202425,"date":"2025-03-21T11:21:45","date_gmt":"2025-03-21T11:21:45","guid":{"rendered":"https:\/\/aromasentia.com\/product\/candle-holder-sign-love\/"},"modified":"2025-06-22T03:53:51","modified_gmt":"2025-06-22T03:53:51","slug":"lysestage-skilt-kaerlighed","status":"publish","type":"product","link":"https:\/\/aromasentia.com\/da\/lysestage-skilt-kaerlighed\/","title":{"rendered":"Lysestage-Skilt &#8211; K\u00e6rlighed"},"content":{"rendered":"<p><span style=\"color: rgb(75, 80, 88);\">Lad dine kunder skabe smukke udstillinger med disse <strong>tr\u00e6lysestager<\/strong> med <strong>k\u00e6rlighed<\/strong>. Fantastisk til at skabe den perfekte hyggelige atmosf\u00e6re. De er fremstillet af naturligt brunt tr\u00e6 med et enkelt udsk\u00e5ret design, der passer til enhver type interi\u00f8r.<\/span><\/p>\n<p><span style=\"color: rgb(75, 80, 88);\">K\u00e6rligt h\u00e5ndlavet i Indonesien af h\u00e5ndv\u00e6rkere. Lavet med en robust base og med en lille udsk\u00e5ret plads til et fyrfadslys.<\/span><\/p>\n<p><span style=\"color: rgb(75, 80, 88);\">N\u00e5r lyset er t\u00e6ndt og placeret p\u00e5 lysestagen, vil alt skabe en behagelig og varm atmosf\u00e6re.<\/span><\/p>\n<p><span style=\"color: rgb(75, 80, 88);\"><strong>BEM\u00c6RK VENLIGST: P\u00e5 grund af naturlige materialer kan der forekomme sm\u00e5 variationer og ufuldkommenheder.<\/strong><\/span><\/p>\n<p><span style=\"color: rgb(141, 186, 216);\"><strong>Gl\u00e6d dine kunder med disse dejlige lysestager, bestil nu.<\/strong><\/span><\/p>\n","protected":false},"excerpt":{"rendered":"<p>Lad dine kunder skabe smukke udstillinger med disse tr\u00e6lysestager med k\u00e6rlighed. Fantastisk til at skabe den perfekte hyggelige atmosf\u00e6re. De er fremstillet af naturligt brunt tr\u00e6 med et enkelt udsk\u00e5ret design, der passer til enhver type interi\u00f8r. K\u00e6rligt h\u00e5ndlavet i Indonesien af h\u00e5ndv\u00e6rkere. Lavet med en robust base og med en lille udsk\u00e5ret plads til [&hellip;]<\/p>\n","protected":false},"featured_media":305213,"comment_status":"closed","ping_status":"open","template":"","meta":{"_angie_page":false},"product_brand":[],"product_cat":[6250,6251],"product_tag":[],"class_list":{"0":"post-202425","1":"product","2":"type-product","3":"status-publish","4":"has-post-thumbnail","6":"product_cat-lysestager","7":"product_cat-lysestager-og-stearinlys","8":"pa_collection-candle-holder-signs-da","9":"pa_made-in-indonesien","11":"first","12":"instock","13":"purchasable","14":"product-type-simple"},"supplier_id":null,"supplier_sku":"CHS-02","barcode":null,"atum_controlled":true,"out_stock_date":null,"out_stock_threshold":null,"inheritable":false,"inbound_stock":null,"stock_on_hold":0,"sold_today":0,"sales_last_days":0,"reserved_stock":null,"customer_returns":null,"warehouse_damage":null,"lost_in_post":null,"other_logs":null,"out_stock_days":0,"lost_sales":0,"has_location":null,"update_date":"2026-04-27T06:57:22","atum_locations":[],"atum_stock_status":"instock","restock_status":false,"low_stock_amount":"","sales_update_date":"2025-10-09T03:27:58","calc_backorders":null,"_links":{"self":[{"href":"https:\/\/aromasentia.com\/da\/wp-json\/wp\/v2\/product\/202425","targetHints":{"allow":["GET"]}}],"collection":[{"href":"https:\/\/aromasentia.com\/da\/wp-json\/wp\/v2\/product"}],"about":[{"href":"https:\/\/aromasentia.com\/da\/wp-json\/wp\/v2\/types\/product"}],"replies":[{"embeddable":true,"href":"https:\/\/aromasentia.com\/da\/wp-json\/wp\/v2\/comments?post=202425"}],"version-history":[{"count":0,"href":"https:\/\/aromasentia.com\/da\/wp-json\/wp\/v2\/product\/202425\/revisions"}],"wp:featuredmedia":[{"embeddable":true,"href":"https:\/\/aromasentia.com\/da\/wp-json\/wp\/v2\/media\/305213"}],"wp:attachment":[{"href":"https:\/\/aromasentia.com\/da\/wp-json\/wp\/v2\/media?parent=202425"}],"wp:term":[{"taxonomy":"product_brand","embeddable":true,"href":"https:\/\/aromasentia.com\/da\/wp-json\/wp\/v2\/product_brand?post=202425"},{"taxonomy":"product_cat","embeddable":true,"href":"https:\/\/aromasentia.com\/da\/wp-json\/wp\/v2\/product_cat?post=202425"},{"taxonomy":"product_tag","embeddable":true,"href":"https:\/\/aromasentia.com\/da\/wp-json\/wp\/v2\/product_tag?post=202425"}],"curies":[{"name":"wp","href":"https:\/\/api.w.org\/{rel}","templated":true}]}}