{"id":202422,"date":"2025-03-21T11:21:45","date_gmt":"2025-03-21T11:21:45","guid":{"rendered":"https:\/\/aromasentia.com\/product\/chakra-crystal-candles-crown-chakra\/"},"modified":"2025-06-22T03:53:50","modified_gmt":"2025-06-22T03:53:50","slug":"chakra-krystal-lys-kronechakra","status":"publish","type":"product","link":"https:\/\/aromasentia.com\/da\/chakra-krystal-lys-kronechakra\/","title":{"rendered":"Chakra Krystal Lys &#8211; Kronechakra"},"content":{"rendered":"<p><span style=\"color: rgb(75, 80, 88);\"><strong>Oplev kraften i helbredelse med dette Chakra Krystallys.<\/strong><\/span><\/p>\n<p><span style=\"color: rgb(75, 80, 88);\">Lavet med \u00e6gte <strong>\u00e6delsten, helt naturlig sojavoks, specielt blandet parfume<\/strong> og <strong>magiske tr\u00e6v\u00e6ger.<\/strong><\/span><\/p>\n<p><span style=\"color: rgb(75, 80, 88);\"><strong>Forbind dig med h\u00f8jere bevidsthed og spirituel oplysning gennem vores Krone Chakra Krystallys<\/strong>. Gennemsyret af *celestit* og *selenit*, resonerer det med essensen af kronechakraet.<\/span><\/p>\n<p><span style=\"color: rgb(75, 80, 88);\">Den forfriskende duft af Ocean Breeze opl\u00f8fter din \u00e5nd.<\/span><\/p>\n<p><span style=\"color: rgb(75, 80, 88);\">\u00c6sken formidler visdommen, <strong>&#8220;I hvert \u00f8jeblik hvisker universet til dig.&#8221;<\/strong> T\u00e6nd dette lys for at f\u00e5 adgang til guddommelig visdom, overskride jordiske bekymringer og opleve \u00e5ndelig transcendens.<\/span><\/p>\n<p><span style=\"color: rgb(75, 80, 88);\">N\u00e5r du t\u00e6nder lyset, vil du m\u00e6rke krystallernes helbredende energi og den beroligende duft af den specielt blandede aroma.<\/span><\/p>\n<p><span style=\"color: rgb(75, 80, 88);\"><strong>Efter br\u00e6nding Med dette lys kan krukken genbruges, og du kan reng\u00f8re og opbevare bjergkrystallerne.<\/strong><\/span><\/p>\n<p><span style=\"color: rgb(75, 80, 88);\"><em>Br\u00e6ndetid: 17 timer<\/em><\/span><\/p>\n","protected":false},"excerpt":{"rendered":"<p>Oplev kraften i helbredelse med dette Chakra Krystallys. Lavet med \u00e6gte \u00e6delsten, helt naturlig sojavoks, specielt blandet parfume og magiske tr\u00e6v\u00e6ger. Forbind dig med h\u00f8jere bevidsthed og spirituel oplysning gennem vores Krone Chakra Krystallys. Gennemsyret af *celestit* og *selenit*, resonerer det med essensen af kronechakraet. Den forfriskende duft af Ocean Breeze opl\u00f8fter din \u00e5nd. \u00c6sken [&hellip;]<\/p>\n","protected":false},"featured_media":305122,"comment_status":"closed","ping_status":"open","template":"","meta":{"_angie_page":false},"product_brand":[],"product_cat":[7989,6251],"product_tag":[],"class_list":{"0":"post-202422","1":"product","2":"type-product","3":"status-publish","4":"has-post-thumbnail","6":"product_cat-aedelstenslys","7":"product_cat-lysestager-og-stearinlys","8":"pa_collection-chakra-crystal-candle-root-chakra-da","9":"pa_made-in-kina","11":"first","12":"instock","13":"purchasable","14":"product-type-simple"},"supplier_id":null,"supplier_sku":"ChkCC-07","barcode":null,"atum_controlled":true,"out_stock_date":null,"out_stock_threshold":null,"inheritable":false,"inbound_stock":null,"stock_on_hold":0,"sold_today":0,"sales_last_days":0,"reserved_stock":null,"customer_returns":null,"warehouse_damage":null,"lost_in_post":null,"other_logs":null,"out_stock_days":0,"lost_sales":0,"has_location":null,"update_date":"2026-04-27T06:57:12","atum_locations":[],"atum_stock_status":"instock","restock_status":false,"low_stock_amount":"","sales_update_date":"2025-10-09T03:27:53","calc_backorders":null,"_links":{"self":[{"href":"https:\/\/aromasentia.com\/da\/wp-json\/wp\/v2\/product\/202422","targetHints":{"allow":["GET"]}}],"collection":[{"href":"https:\/\/aromasentia.com\/da\/wp-json\/wp\/v2\/product"}],"about":[{"href":"https:\/\/aromasentia.com\/da\/wp-json\/wp\/v2\/types\/product"}],"replies":[{"embeddable":true,"href":"https:\/\/aromasentia.com\/da\/wp-json\/wp\/v2\/comments?post=202422"}],"version-history":[{"count":0,"href":"https:\/\/aromasentia.com\/da\/wp-json\/wp\/v2\/product\/202422\/revisions"}],"wp:featuredmedia":[{"embeddable":true,"href":"https:\/\/aromasentia.com\/da\/wp-json\/wp\/v2\/media\/305122"}],"wp:attachment":[{"href":"https:\/\/aromasentia.com\/da\/wp-json\/wp\/v2\/media?parent=202422"}],"wp:term":[{"taxonomy":"product_brand","embeddable":true,"href":"https:\/\/aromasentia.com\/da\/wp-json\/wp\/v2\/product_brand?post=202422"},{"taxonomy":"product_cat","embeddable":true,"href":"https:\/\/aromasentia.com\/da\/wp-json\/wp\/v2\/product_cat?post=202422"},{"taxonomy":"product_tag","embeddable":true,"href":"https:\/\/aromasentia.com\/da\/wp-json\/wp\/v2\/product_tag?post=202422"}],"curies":[{"name":"wp","href":"https:\/\/api.w.org\/{rel}","templated":true}]}}