{"id":202418,"date":"2025-03-21T11:21:45","date_gmt":"2025-03-21T11:21:45","guid":{"rendered":"https:\/\/aromasentia.com\/product\/chakra-crystal-candles-solar-plexus-chakra\/"},"modified":"2025-06-22T03:53:47","modified_gmt":"2025-06-22T03:53:47","slug":"chakra-krystal-lys-solar-plexus-chakra","status":"publish","type":"product","link":"https:\/\/aromasentia.com\/da\/chakra-krystal-lys-solar-plexus-chakra\/","title":{"rendered":"Chakra Krystal Lys &#8211; Solar Plexus Chakra"},"content":{"rendered":"<p><span style=\"color: rgb(75, 80, 88);\"><strong>Oplev helbredelsens kraft med dette chakrakrystallys.<\/strong><\/span><\/p>\n<p><span style=\"color: rgb(75, 80, 88);\">Lavet med \u00e6gte \u00e6delsten, helt naturlig sojavoks, specielt blandet parfume og magiske tr\u00e6v\u00e6ger.<\/strong><\/span><\/p>\n<p><span style=\"color: rgb(75, 80, 88);\">Styrk din personlige styrke og selvtillid med vores <strong>Solar Plexus<\/strong> <strong>Chakrakrystallys<\/strong>. Beriget med<strong>ametyst og sort agat<\/strong> legemligg\u00f8r dette lys essensen af Solar Plexus Chakra. <br \/><\/span><\/p>\n<p><span style=\"color: rgb(75, 80, 88);\">Duften, &#8220;Deep in the Forest&#8221;, fremkalder mod og selvsikkerhed.<\/span><\/p>\n<p><span style=\"color: rgb(75, 80, 88);\">\u00c6sken b\u00e6rer det styrkende budskab, <strong>&#8220;Lad dig ikke styre af frygt i dit sind, lad dig lede af dr\u00f8mmene i dit hjerte.&#8221; <\/strong>T\u00e6nd dette lys for at styrke dit selvv\u00e6rd, udnytte din indre styrke og udstr\u00e5le selvtillid.<\/span><\/p>\n<p><span style=\"color: rgb(75, 80, 88);\">N\u00e5r du t\u00e6nder lyset, vil du m\u00e6rke krystallernes helbredende energi og den beroligende duft fra den specielt blandede aroma.<\/span><\/p>\n<p><span style=\"color: rgb(75, 80, 88);\">Efter at have br\u00e6ndt dette lys, kan krukken genbruges, og du kan reng\u00f8re og opbevare bjergkrystallerne.<\/span><\/p>\n<p><span style=\"color: rgb(75, 80, 88);\"><em>Br\u00e6ndetid: 17 timer<\/em><\/span><\/p>\n","protected":false},"excerpt":{"rendered":"<p>Oplev helbredelsens kraft med dette chakrakrystallys. Lavet med \u00e6gte \u00e6delsten, helt naturlig sojavoks, specielt blandet parfume og magiske tr\u00e6v\u00e6ger. Styrk din personlige styrke og selvtillid med vores Solar Plexus Chakrakrystallys. Beriget medametyst og sort agat legemligg\u00f8r dette lys essensen af Solar Plexus Chakra. Duften, &#8220;Deep in the Forest&#8221;, fremkalder mod og selvsikkerhed. \u00c6sken b\u00e6rer det [&hellip;]<\/p>\n","protected":false},"featured_media":304958,"comment_status":"closed","ping_status":"open","template":"","meta":{"_angie_page":false},"product_brand":[],"product_cat":[7989,6251],"product_tag":[],"class_list":{"0":"post-202418","1":"product","2":"type-product","3":"status-publish","4":"has-post-thumbnail","6":"product_cat-aedelstenslys","7":"product_cat-lysestager-og-stearinlys","8":"pa_collection-chakra-crystal-candle-root-chakra-da","9":"pa_made-in-kina","11":"first","12":"instock","13":"purchasable","14":"product-type-simple"},"supplier_id":null,"supplier_sku":"ChkCC-03","barcode":null,"atum_controlled":true,"out_stock_date":null,"out_stock_threshold":null,"inheritable":false,"inbound_stock":null,"stock_on_hold":0,"sold_today":0,"sales_last_days":0,"reserved_stock":null,"customer_returns":null,"warehouse_damage":null,"lost_in_post":null,"other_logs":null,"out_stock_days":0,"lost_sales":0,"has_location":null,"update_date":"2026-04-27T06:57:12","atum_locations":[],"atum_stock_status":"instock","restock_status":false,"low_stock_amount":"","sales_update_date":"2025-10-09T03:27:53","calc_backorders":null,"_links":{"self":[{"href":"https:\/\/aromasentia.com\/da\/wp-json\/wp\/v2\/product\/202418","targetHints":{"allow":["GET"]}}],"collection":[{"href":"https:\/\/aromasentia.com\/da\/wp-json\/wp\/v2\/product"}],"about":[{"href":"https:\/\/aromasentia.com\/da\/wp-json\/wp\/v2\/types\/product"}],"replies":[{"embeddable":true,"href":"https:\/\/aromasentia.com\/da\/wp-json\/wp\/v2\/comments?post=202418"}],"version-history":[{"count":0,"href":"https:\/\/aromasentia.com\/da\/wp-json\/wp\/v2\/product\/202418\/revisions"}],"wp:featuredmedia":[{"embeddable":true,"href":"https:\/\/aromasentia.com\/da\/wp-json\/wp\/v2\/media\/304958"}],"wp:attachment":[{"href":"https:\/\/aromasentia.com\/da\/wp-json\/wp\/v2\/media?parent=202418"}],"wp:term":[{"taxonomy":"product_brand","embeddable":true,"href":"https:\/\/aromasentia.com\/da\/wp-json\/wp\/v2\/product_brand?post=202418"},{"taxonomy":"product_cat","embeddable":true,"href":"https:\/\/aromasentia.com\/da\/wp-json\/wp\/v2\/product_cat?post=202418"},{"taxonomy":"product_tag","embeddable":true,"href":"https:\/\/aromasentia.com\/da\/wp-json\/wp\/v2\/product_tag?post=202418"}],"curies":[{"name":"wp","href":"https:\/\/api.w.org\/{rel}","templated":true}]}}