{"id":202402,"date":"2025-03-21T11:23:59","date_gmt":"2025-03-21T11:23:59","guid":{"rendered":"https:\/\/aromasentia.com\/product\/small-floating-candles-ivory\/"},"modified":"2025-06-22T03:53:38","modified_gmt":"2025-06-22T03:53:38","slug":"smaa-svaevende-lys-elfenben","status":"publish","type":"product","link":"https:\/\/aromasentia.com\/da\/smaa-svaevende-lys-elfenben\/","title":{"rendered":"Sm\u00e5 Sv\u00e6vende Lys &#8211; Elfenben"},"content":{"rendered":"<p>Disse flydende lys er en favorit til bryllupper til at lave romantiske flydende lysopstillinger.<\/p>\n<ul>\n<li>F\u00e5s i 2 st\u00f8rrelser<\/li>\n<li>Uparfumeret og dyppet i farver<\/li>\n<li>Store lys br\u00e6nder i 7\/8 timer<\/li>\n<li>Sm\u00e5 lys br\u00e6nder i 3 timer<\/li>\n<\/ul>\n","protected":false},"excerpt":{"rendered":"<p>Disse flydende lys er en favorit til bryllupper til at lave romantiske flydende lysopstillinger. F\u00e5s i 2 st\u00f8rrelser Uparfumeret og dyppet i farver Store lys br\u00e6nder i 7\/8 timer Sm\u00e5 lys br\u00e6nder i 3 timer<\/p>\n","protected":false},"featured_media":306598,"comment_status":"closed","ping_status":"open","template":"","meta":[],"product_brand":[],"product_cat":[6251],"product_tag":[],"class_list":{"0":"post-202402","1":"product","2":"type-product","3":"status-publish","4":"has-post-thumbnail","6":"product_cat-lysestager-og-stearinlys","7":"pa_made-in-kina","9":"first","10":"outofstock","11":"purchasable","12":"product-type-simple"},"supplier_id":null,"supplier_sku":"FLCand-01","barcode":null,"atum_controlled":true,"out_stock_date":"2025-10-09 12:51:40","out_stock_threshold":null,"inheritable":false,"inbound_stock":null,"stock_on_hold":0,"sold_today":0,"sales_last_days":0,"reserved_stock":null,"customer_returns":null,"warehouse_damage":null,"lost_in_post":null,"other_logs":null,"out_stock_days":112,"lost_sales":0,"has_location":null,"update_date":"2026-01-30T01:25:13","atum_locations":[],"atum_stock_status":"outofstock","restock_status":false,"low_stock_amount":"","sales_update_date":"2026-01-30T01:25:13","calc_backorders":null,"_links":{"self":[{"href":"https:\/\/aromasentia.com\/da\/wp-json\/wp\/v2\/product\/202402","targetHints":{"allow":["GET"]}}],"collection":[{"href":"https:\/\/aromasentia.com\/da\/wp-json\/wp\/v2\/product"}],"about":[{"href":"https:\/\/aromasentia.com\/da\/wp-json\/wp\/v2\/types\/product"}],"replies":[{"embeddable":true,"href":"https:\/\/aromasentia.com\/da\/wp-json\/wp\/v2\/comments?post=202402"}],"version-history":[{"count":0,"href":"https:\/\/aromasentia.com\/da\/wp-json\/wp\/v2\/product\/202402\/revisions"}],"wp:featuredmedia":[{"embeddable":true,"href":"https:\/\/aromasentia.com\/da\/wp-json\/wp\/v2\/media\/306598"}],"wp:attachment":[{"href":"https:\/\/aromasentia.com\/da\/wp-json\/wp\/v2\/media?parent=202402"}],"wp:term":[{"taxonomy":"product_brand","embeddable":true,"href":"https:\/\/aromasentia.com\/da\/wp-json\/wp\/v2\/product_brand?post=202402"},{"taxonomy":"product_cat","embeddable":true,"href":"https:\/\/aromasentia.com\/da\/wp-json\/wp\/v2\/product_cat?post=202402"},{"taxonomy":"product_tag","embeddable":true,"href":"https:\/\/aromasentia.com\/da\/wp-json\/wp\/v2\/product_tag?post=202402"}],"curies":[{"name":"wp","href":"https:\/\/api.w.org\/{rel}","templated":true}]}}