{"id":202382,"date":"2025-03-21T11:25:58","date_gmt":"2025-03-21T11:25:58","guid":{"rendered":"https:\/\/aromasentia.com\/product\/hop-hare-crystal-magic-flower-candle-the-sun\/"},"modified":"2025-06-22T03:53:27","modified_gmt":"2025-06-22T03:53:27","slug":"hop-hare-crystal-magic-blomsterlys-solen","status":"publish","type":"product","link":"https:\/\/aromasentia.com\/da\/hop-hare-crystal-magic-blomsterlys-solen\/","title":{"rendered":"Hop Hare Crystal Magic Blomsterlys &#8211; Solen"},"content":{"rendered":"<p><span style=\"color: rgb(75, 80, 88);\">Nyd varmen fra<strong>&nbsp;Lemon Horizon Bliss<\/strong> med dette livlige<strong>&nbsp;Crystal Magic Candle.<\/strong><\/span><\/p>\n<p><span style=\"color: rgb(75, 80, 88);\">Den forfriskende duft af citrus fylder luften, l\u00f8fter dit hum\u00f8r og skaber en solrig atmosf\u00e6re. Suppleret af de muntre <strong>citrin&nbsp;<\/strong>&#8211; og <strong>sodalit&nbsp;<\/strong>-\u00e6delsten udstr\u00e5ler dette lys positivitet. Citrin, kendt som &#8220;succesens sten&#8221;, kombineres med sodalits harmoniserende energi for at skabe et rum fyldt med optimisme og gl\u00e6de.<\/span><\/p>\n<p><span style=\"color: rgb(75, 80, 88);\">Oplys dine omgivelser med solen og fyld dit rum med et udbrud af energigivende lykke. <strong>L\u00f8ft dit hum\u00f8r, fremme positivitet og skab en munter atmosf\u00e6re.<\/strong><\/span><\/p>\n<p><span style=\"color: rgb(75, 80, 88);\">Indkapslet i en dybgr\u00f8n glasbeholder med en rustik tr\u00e6v\u00e6ge er hvert Hop Hare krystalmagisk lys et unikt mesterv\u00e6rk. Afsl\u00f8r magien indeni, n\u00e5r du opdager en \u00e6delsten ledsaget af et drys af mindre \u00e6delstenschips, der skaber en bl\u00e6ndende udstilling af naturlige vidundere. Essensen af disse lys forst\u00e6rkes yderligere af de delikate t\u00f8rrede blomster.<\/span><\/p>\n<p><span style=\"color: rgb(75, 80, 88);\"><strong>Br\u00e6ndetid:<\/strong> 22 timer<\/span><\/p>\n","protected":false},"excerpt":{"rendered":"<p>Nyd varmen fra&nbsp;Lemon Horizon Bliss med dette livlige&nbsp;Crystal Magic Candle. Den forfriskende duft af citrus fylder luften, l\u00f8fter dit hum\u00f8r og skaber en solrig atmosf\u00e6re. Suppleret af de muntre citrin&nbsp;&#8211; og sodalit&nbsp;-\u00e6delsten udstr\u00e5ler dette lys positivitet. Citrin, kendt som &#8220;succesens sten&#8221;, kombineres med sodalits harmoniserende energi for at skabe et rum fyldt med optimisme og [&hellip;]<\/p>\n","protected":false},"featured_media":307214,"comment_status":"closed","ping_status":"open","template":"","meta":{"_angie_page":false},"product_brand":[27111],"product_cat":[7989,6251],"product_tag":[],"class_list":{"0":"post-202382","1":"product","2":"type-product","3":"status-publish","4":"has-post-thumbnail","6":"product_brand-hop-hare","7":"product_cat-aedelstenslys","8":"product_cat-lysestager-og-stearinlys","9":"pa_collection-crystal-floral-candles-hop-hare-da","10":"pa_made-in-kina","12":"first","13":"instock","14":"purchasable","15":"product-type-simple"},"supplier_id":null,"supplier_sku":"HHC-05","barcode":null,"atum_controlled":true,"out_stock_date":null,"out_stock_threshold":null,"inheritable":false,"inbound_stock":null,"stock_on_hold":0,"sold_today":0,"sales_last_days":0,"reserved_stock":null,"customer_returns":null,"warehouse_damage":null,"lost_in_post":null,"other_logs":null,"out_stock_days":0,"lost_sales":0,"has_location":null,"update_date":"2026-04-27T07:07:11","atum_locations":[],"atum_stock_status":"instock","restock_status":false,"low_stock_amount":"","sales_update_date":"2025-09-05T00:21:44","calc_backorders":null,"_links":{"self":[{"href":"https:\/\/aromasentia.com\/da\/wp-json\/wp\/v2\/product\/202382","targetHints":{"allow":["GET"]}}],"collection":[{"href":"https:\/\/aromasentia.com\/da\/wp-json\/wp\/v2\/product"}],"about":[{"href":"https:\/\/aromasentia.com\/da\/wp-json\/wp\/v2\/types\/product"}],"replies":[{"embeddable":true,"href":"https:\/\/aromasentia.com\/da\/wp-json\/wp\/v2\/comments?post=202382"}],"version-history":[{"count":0,"href":"https:\/\/aromasentia.com\/da\/wp-json\/wp\/v2\/product\/202382\/revisions"}],"wp:featuredmedia":[{"embeddable":true,"href":"https:\/\/aromasentia.com\/da\/wp-json\/wp\/v2\/media\/307214"}],"wp:attachment":[{"href":"https:\/\/aromasentia.com\/da\/wp-json\/wp\/v2\/media?parent=202382"}],"wp:term":[{"taxonomy":"product_brand","embeddable":true,"href":"https:\/\/aromasentia.com\/da\/wp-json\/wp\/v2\/product_brand?post=202382"},{"taxonomy":"product_cat","embeddable":true,"href":"https:\/\/aromasentia.com\/da\/wp-json\/wp\/v2\/product_cat?post=202382"},{"taxonomy":"product_tag","embeddable":true,"href":"https:\/\/aromasentia.com\/da\/wp-json\/wp\/v2\/product_tag?post=202382"}],"curies":[{"name":"wp","href":"https:\/\/api.w.org\/{rel}","templated":true}]}}