{"id":202381,"date":"2025-03-21T11:25:58","date_gmt":"2025-03-21T11:25:58","guid":{"rendered":"https:\/\/aromasentia.com\/product\/hop-hare-crystal-magic-flower-candle-the-devil\/"},"modified":"2025-06-22T03:53:24","modified_gmt":"2025-06-22T03:53:24","slug":"hop-hare-crystal-magic-blomsterlys-djaevelen","status":"publish","type":"product","link":"https:\/\/aromasentia.com\/da\/hop-hare-crystal-magic-blomsterlys-djaevelen\/","title":{"rendered":"Hop Hare Crystal Magic Blomsterlys &#8211; Dj\u00e6velen"},"content":{"rendered":"<p><span style=\"color: rgb(75, 80, 88);\">T\u00e6nd din passion med <strong>The Devil Crystal Magic Candle<\/strong>, hvor en blomstrende inferno-duft s\u00e6tter scenen for intensitet.<\/span><\/p>\n<p><span style=\"color: rgb(75, 80, 88);\">Dette lys har dristige <strong>r\u00f8d jaspis<\/strong> og <strong>sort agat<\/strong> \u00e6delsten, der repr\u00e6senterer lidenskabens br\u00e6ndende energi. R\u00f8d jaspis, kendt for sine jordn\u00e6re egenskaber, kombineres med den beskyttende energi fra sort agat for at skabe en dynamisk og styrkende atmosf\u00e6re. T\u00e6nd Dj\u00e6velen og omfavn den lidenskabelige intensitet, den bringer, og forvandl dit rum til et paradis for motivation og vitalitet.<\/span><\/p>\n<p><span style=\"color: rgb(75, 80, 88);\"><strong>Giv energi til dine omgivelser, stimul\u00e9r kreativitet og inspir\u00e9r til dynamisk handling.<\/strong><\/span><\/p>\n<p><span style=\"color: rgb(75, 80, 88);\">Hvert Hop Hare Crystal Magic Candle er et unikt mesterv\u00e6rk, der er indkapslet i en dybgr\u00f8n glasbeholder med en rustik tr\u00e6v\u00e6ge. Afsl\u00f8r magien indeni, n\u00e5r du opdager en \u00e6delsten ledsaget af et drys af mindre \u00e6delstenschips, der skaber et bl\u00e6ndende skue af naturlige vidundere. Essensen af disse lys forst\u00e6rkes yderligere af de delikate t\u00f8rrede blomster.<\/span><\/p>\n<p><span style=\"color: rgb(75, 80, 88);\"><strong>Br\u00e6ndetid:<\/strong>22 timer<\/span><\/p>\n","protected":false},"excerpt":{"rendered":"<p>T\u00e6nd din passion med The Devil Crystal Magic Candle, hvor en blomstrende inferno-duft s\u00e6tter scenen for intensitet. Dette lys har dristige r\u00f8d jaspis og sort agat \u00e6delsten, der repr\u00e6senterer lidenskabens br\u00e6ndende energi. R\u00f8d jaspis, kendt for sine jordn\u00e6re egenskaber, kombineres med den beskyttende energi fra sort agat for at skabe en dynamisk og styrkende atmosf\u00e6re. [&hellip;]<\/p>\n","protected":false},"featured_media":307141,"comment_status":"closed","ping_status":"open","template":"","meta":[],"product_brand":[27111],"product_cat":[7989,6251],"product_tag":[],"class_list":{"0":"post-202381","1":"product","2":"type-product","3":"status-publish","4":"has-post-thumbnail","6":"product_brand-hop-hare","7":"product_cat-aedelstenslys","8":"product_cat-lysestager-og-stearinlys","9":"pa_collection-crystal-floral-candles-hop-hare-da","10":"pa_made-in-kina","12":"first","13":"outofstock","14":"purchasable","15":"product-type-simple"},"supplier_id":null,"supplier_sku":"HHC-04","barcode":null,"atum_controlled":true,"out_stock_date":"2026-01-10 03:13:46","out_stock_threshold":null,"inheritable":false,"inbound_stock":null,"stock_on_hold":0,"sold_today":0,"sales_last_days":0,"reserved_stock":null,"customer_returns":null,"warehouse_damage":null,"lost_in_post":null,"other_logs":null,"out_stock_days":19,"lost_sales":0,"has_location":null,"update_date":"2026-01-30T01:24:33","atum_locations":[],"atum_stock_status":"outofstock","restock_status":false,"low_stock_amount":"","sales_update_date":"2026-01-30T01:24:33","calc_backorders":null,"_links":{"self":[{"href":"https:\/\/aromasentia.com\/da\/wp-json\/wp\/v2\/product\/202381","targetHints":{"allow":["GET"]}}],"collection":[{"href":"https:\/\/aromasentia.com\/da\/wp-json\/wp\/v2\/product"}],"about":[{"href":"https:\/\/aromasentia.com\/da\/wp-json\/wp\/v2\/types\/product"}],"replies":[{"embeddable":true,"href":"https:\/\/aromasentia.com\/da\/wp-json\/wp\/v2\/comments?post=202381"}],"version-history":[{"count":0,"href":"https:\/\/aromasentia.com\/da\/wp-json\/wp\/v2\/product\/202381\/revisions"}],"wp:featuredmedia":[{"embeddable":true,"href":"https:\/\/aromasentia.com\/da\/wp-json\/wp\/v2\/media\/307141"}],"wp:attachment":[{"href":"https:\/\/aromasentia.com\/da\/wp-json\/wp\/v2\/media?parent=202381"}],"wp:term":[{"taxonomy":"product_brand","embeddable":true,"href":"https:\/\/aromasentia.com\/da\/wp-json\/wp\/v2\/product_brand?post=202381"},{"taxonomy":"product_cat","embeddable":true,"href":"https:\/\/aromasentia.com\/da\/wp-json\/wp\/v2\/product_cat?post=202381"},{"taxonomy":"product_tag","embeddable":true,"href":"https:\/\/aromasentia.com\/da\/wp-json\/wp\/v2\/product_tag?post=202381"}],"curies":[{"name":"wp","href":"https:\/\/api.w.org\/{rel}","templated":true}]}}