{"id":202354,"date":"2025-03-21T11:28:36","date_gmt":"2025-03-21T11:28:36","guid":{"rendered":"https:\/\/aromasentia.com\/product\/classic-candle-stand-whitewash-30x10cm-medium\/"},"modified":"2025-06-22T03:53:10","modified_gmt":"2025-06-22T03:53:10","slug":"klassisk-lysestage-hvidwash-30x10cm-medium","status":"publish","type":"product","link":"https:\/\/aromasentia.com\/da\/klassisk-lysestage-hvidwash-30x10cm-medium\/","title":{"rendered":"Klassisk Lysestage &#8211; Hvidwash &#8211; 30X10cm &#8211; Medium"},"content":{"rendered":"<p><strong>Wholesale Classic Candle Stand &#8211; Whitewash (Medium 30x10cm)&nbsp;<\/strong><\/p>\n<p><strong>Fremstillet af mangotr\u00e6<\/strong>, viser denne lysestage b\u00e5de styrke og naturlig sk\u00f8nhed.<\/p>\n<p>Den traditionelle form parret med en rustik, <strong>hvidvasket finish&nbsp;<\/strong>skaber et alsidigt m\u00f8bel, der supplerer forskellige indretningstemaer. Med en st\u00f8rrelse p\u00e5 30&#215;10 cm giver denne lysestage en betydelig tilstedev\u00e6relse uden at overv\u00e6lde mindre rum. <\/p>\n<p>Lagre op i dag og forbedre din butiks samling med denne tidl\u00f8se vare!<\/p>\n","protected":false},"excerpt":{"rendered":"<p>Wholesale Classic Candle Stand &#8211; Whitewash (Medium 30x10cm)&nbsp; Fremstillet af mangotr\u00e6, viser denne lysestage b\u00e5de styrke og naturlig sk\u00f8nhed. Den traditionelle form parret med en rustik, hvidvasket finish&nbsp;skaber et alsidigt m\u00f8bel, der supplerer forskellige indretningstemaer. Med en st\u00f8rrelse p\u00e5 30&#215;10 cm giver denne lysestage en betydelig tilstedev\u00e6relse uden at overv\u00e6lde mindre rum. Lagre op i [&hellip;]<\/p>\n","protected":false},"featured_media":308235,"comment_status":"closed","ping_status":"open","template":"","meta":{"_angie_page":false},"product_brand":[],"product_cat":[6250,6251],"product_tag":[],"class_list":{"0":"post-202354","1":"product","2":"type-product","3":"status-publish","4":"has-post-thumbnail","6":"product_cat-lysestager","7":"product_cat-lysestager-og-stearinlys","8":"pa_collection-wooden-candle-holders-da","9":"pa_made-in-indien","11":"first","12":"instock","13":"purchasable","14":"product-type-simple"},"supplier_id":null,"supplier_sku":"MWCS-04","barcode":null,"atum_controlled":true,"out_stock_date":null,"out_stock_threshold":null,"inheritable":false,"inbound_stock":null,"stock_on_hold":0,"sold_today":0,"sales_last_days":0,"reserved_stock":null,"customer_returns":null,"warehouse_damage":null,"lost_in_post":null,"other_logs":null,"out_stock_days":0,"lost_sales":0,"has_location":null,"update_date":"2026-04-27T07:14:23","atum_locations":[],"atum_stock_status":"instock","restock_status":false,"low_stock_amount":"","sales_update_date":"2026-01-30T01:24:58","calc_backorders":null,"_links":{"self":[{"href":"https:\/\/aromasentia.com\/da\/wp-json\/wp\/v2\/product\/202354","targetHints":{"allow":["GET"]}}],"collection":[{"href":"https:\/\/aromasentia.com\/da\/wp-json\/wp\/v2\/product"}],"about":[{"href":"https:\/\/aromasentia.com\/da\/wp-json\/wp\/v2\/types\/product"}],"replies":[{"embeddable":true,"href":"https:\/\/aromasentia.com\/da\/wp-json\/wp\/v2\/comments?post=202354"}],"version-history":[{"count":0,"href":"https:\/\/aromasentia.com\/da\/wp-json\/wp\/v2\/product\/202354\/revisions"}],"wp:featuredmedia":[{"embeddable":true,"href":"https:\/\/aromasentia.com\/da\/wp-json\/wp\/v2\/media\/308235"}],"wp:attachment":[{"href":"https:\/\/aromasentia.com\/da\/wp-json\/wp\/v2\/media?parent=202354"}],"wp:term":[{"taxonomy":"product_brand","embeddable":true,"href":"https:\/\/aromasentia.com\/da\/wp-json\/wp\/v2\/product_brand?post=202354"},{"taxonomy":"product_cat","embeddable":true,"href":"https:\/\/aromasentia.com\/da\/wp-json\/wp\/v2\/product_cat?post=202354"},{"taxonomy":"product_tag","embeddable":true,"href":"https:\/\/aromasentia.com\/da\/wp-json\/wp\/v2\/product_tag?post=202354"}],"curies":[{"name":"wp","href":"https:\/\/api.w.org\/{rel}","templated":true}]}}