{"id":202352,"date":"2025-03-21T11:28:36","date_gmt":"2025-03-21T11:28:36","guid":{"rendered":"https:\/\/aromasentia.com\/product\/mango-wood-candle-stand-hamsa-large-25x18cm\/"},"modified":"2025-06-22T03:53:09","modified_gmt":"2025-06-22T03:53:09","slug":"lysestage-i-mangotrae-hamsa-stor-25x18cm","status":"publish","type":"product","link":"https:\/\/aromasentia.com\/da\/lysestage-i-mangotrae-hamsa-stor-25x18cm\/","title":{"rendered":"Lysestage I Mangotr\u00e6 &#8211; Hamsa &#8211; Stor 25X18cm"},"content":{"rendered":"<p><strong>Lysestage i mangotr\u00e6 &#8211; Hamsa<\/strong><\/p>\n<p>Lavet af milj\u00f8venligt <strong>mangotr\u00e6<\/strong>, der er kendt for sin holdbarhed og smukke \u00e5rer, og hvert stykke er helt unikt. Med det <strong>udsk\u00e5rne Hamsa-symbol<\/strong>, der er kendt for at bringe beskyttelse og positiv energi, tilf\u00f8jer denne lysestage kulturel dybde til ethvert rum.<\/p>\n<p>Med en st\u00f8rrelse p\u00e5 25&#215;18 cm er denne store lysestage et dristigt statement.<\/p>\n<p>Lagre op i dag, og udvid din butiks samling med dette smukt udformede m\u00f8bel!<\/p>\n","protected":false},"excerpt":{"rendered":"<p>Lysestage i mangotr\u00e6 &#8211; Hamsa Lavet af milj\u00f8venligt mangotr\u00e6, der er kendt for sin holdbarhed og smukke \u00e5rer, og hvert stykke er helt unikt. Med det udsk\u00e5rne Hamsa-symbol, der er kendt for at bringe beskyttelse og positiv energi, tilf\u00f8jer denne lysestage kulturel dybde til ethvert rum. Med en st\u00f8rrelse p\u00e5 25&#215;18 cm er denne store [&hellip;]<\/p>\n","protected":false},"featured_media":308177,"comment_status":"closed","ping_status":"open","template":"","meta":{"_angie_page":false},"product_brand":[],"product_cat":[6250,6251],"product_tag":[],"class_list":{"0":"post-202352","1":"product","2":"type-product","3":"status-publish","4":"has-post-thumbnail","6":"product_cat-lysestager","7":"product_cat-lysestager-og-stearinlys","8":"pa_collection-wooden-candle-holders-da","9":"pa_made-in-indien","11":"first","12":"instock","13":"purchasable","14":"product-type-simple"},"supplier_id":null,"supplier_sku":"MWCS-02","barcode":null,"atum_controlled":true,"out_stock_date":null,"out_stock_threshold":null,"inheritable":false,"inbound_stock":null,"stock_on_hold":0,"sold_today":0,"sales_last_days":0,"reserved_stock":null,"customer_returns":null,"warehouse_damage":null,"lost_in_post":null,"other_logs":null,"out_stock_days":0,"lost_sales":0,"has_location":null,"update_date":"2026-04-27T07:14:23","atum_locations":[],"atum_stock_status":"instock","restock_status":false,"low_stock_amount":"","sales_update_date":"2026-01-30T01:24:25","calc_backorders":null,"_links":{"self":[{"href":"https:\/\/aromasentia.com\/da\/wp-json\/wp\/v2\/product\/202352","targetHints":{"allow":["GET"]}}],"collection":[{"href":"https:\/\/aromasentia.com\/da\/wp-json\/wp\/v2\/product"}],"about":[{"href":"https:\/\/aromasentia.com\/da\/wp-json\/wp\/v2\/types\/product"}],"replies":[{"embeddable":true,"href":"https:\/\/aromasentia.com\/da\/wp-json\/wp\/v2\/comments?post=202352"}],"version-history":[{"count":0,"href":"https:\/\/aromasentia.com\/da\/wp-json\/wp\/v2\/product\/202352\/revisions"}],"wp:featuredmedia":[{"embeddable":true,"href":"https:\/\/aromasentia.com\/da\/wp-json\/wp\/v2\/media\/308177"}],"wp:attachment":[{"href":"https:\/\/aromasentia.com\/da\/wp-json\/wp\/v2\/media?parent=202352"}],"wp:term":[{"taxonomy":"product_brand","embeddable":true,"href":"https:\/\/aromasentia.com\/da\/wp-json\/wp\/v2\/product_brand?post=202352"},{"taxonomy":"product_cat","embeddable":true,"href":"https:\/\/aromasentia.com\/da\/wp-json\/wp\/v2\/product_cat?post=202352"},{"taxonomy":"product_tag","embeddable":true,"href":"https:\/\/aromasentia.com\/da\/wp-json\/wp\/v2\/product_tag?post=202352"}],"curies":[{"name":"wp","href":"https:\/\/api.w.org\/{rel}","templated":true}]}}