{"id":202351,"date":"2025-03-21T11:28:36","date_gmt":"2025-03-21T11:28:36","guid":{"rendered":"https:\/\/aromasentia.com\/product\/mango-wood-candle-stand-hamsa-small-18x11cm\/"},"modified":"2025-06-22T03:53:07","modified_gmt":"2025-06-22T03:53:07","slug":"lysestage-i-mangotrae-hamsa-lille-18x11cm","status":"publish","type":"product","link":"https:\/\/aromasentia.com\/da\/lysestage-i-mangotrae-hamsa-lille-18x11cm\/","title":{"rendered":"Lysestage I Mangotr\u00e6 &#8211; Hamsa &#8211; Lille 18X11cm"},"content":{"rendered":"<p><strong>Wholesale Mango Wood Candle Stand &#8211; Hamsa&nbsp;<\/strong><\/p>\n<p>Lavet af milj\u00f8venligt, holdbart<strong>&nbsp;mangotr\u00e6<\/strong>, hvert stykke fremviser naturlige tr\u00e6\u00e5rer og unik karakter.<\/p>\n<p><strong>Udsk\u00e5ret Hamsa-symbol&nbsp;<\/strong>p\u00e5 forsiden er smukt detaljeret og tilf\u00f8jer et meningsfuldt og dekorativt element. Hamsa-h\u00e5nden er kendt for beskyttelse og lykke.<\/p>\n<p>Med sine 18&#215;11 cm er denne lysestage ideel til mindre rum, samtidig med at den giver et effektfuldt udtryk i ethvert rum.<\/p>\n<p>Lagre op i dag, og tilf\u00f8j dette fantastiske stykke til din butiks samling!<\/p>\n","protected":false},"excerpt":{"rendered":"<p>Wholesale Mango Wood Candle Stand &#8211; Hamsa&nbsp; Lavet af milj\u00f8venligt, holdbart&nbsp;mangotr\u00e6, hvert stykke fremviser naturlige tr\u00e6\u00e5rer og unik karakter. Udsk\u00e5ret Hamsa-symbol&nbsp;p\u00e5 forsiden er smukt detaljeret og tilf\u00f8jer et meningsfuldt og dekorativt element. Hamsa-h\u00e5nden er kendt for beskyttelse og lykke. Med sine 18&#215;11 cm er denne lysestage ideel til mindre rum, samtidig med at den giver [&hellip;]<\/p>\n","protected":false},"featured_media":308136,"comment_status":"closed","ping_status":"open","template":"","meta":{"_angie_page":false},"product_brand":[],"product_cat":[6250,6251],"product_tag":[],"class_list":{"0":"post-202351","1":"product","2":"type-product","3":"status-publish","4":"has-post-thumbnail","6":"product_cat-lysestager","7":"product_cat-lysestager-og-stearinlys","8":"pa_collection-wooden-candle-holders-da","9":"pa_made-in-indien","11":"first","12":"instock","13":"purchasable","14":"product-type-simple"},"supplier_id":null,"supplier_sku":"MWCS-01","barcode":null,"atum_controlled":true,"out_stock_date":null,"out_stock_threshold":null,"inheritable":false,"inbound_stock":null,"stock_on_hold":0,"sold_today":0,"sales_last_days":0,"reserved_stock":null,"customer_returns":null,"warehouse_damage":null,"lost_in_post":null,"other_logs":null,"out_stock_days":0,"lost_sales":0,"has_location":null,"update_date":"2026-04-27T07:14:23","atum_locations":[],"atum_stock_status":"instock","restock_status":false,"low_stock_amount":"","sales_update_date":"2026-02-06T00:00:50","calc_backorders":null,"_links":{"self":[{"href":"https:\/\/aromasentia.com\/da\/wp-json\/wp\/v2\/product\/202351","targetHints":{"allow":["GET"]}}],"collection":[{"href":"https:\/\/aromasentia.com\/da\/wp-json\/wp\/v2\/product"}],"about":[{"href":"https:\/\/aromasentia.com\/da\/wp-json\/wp\/v2\/types\/product"}],"replies":[{"embeddable":true,"href":"https:\/\/aromasentia.com\/da\/wp-json\/wp\/v2\/comments?post=202351"}],"version-history":[{"count":0,"href":"https:\/\/aromasentia.com\/da\/wp-json\/wp\/v2\/product\/202351\/revisions"}],"wp:featuredmedia":[{"embeddable":true,"href":"https:\/\/aromasentia.com\/da\/wp-json\/wp\/v2\/media\/308136"}],"wp:attachment":[{"href":"https:\/\/aromasentia.com\/da\/wp-json\/wp\/v2\/media?parent=202351"}],"wp:term":[{"taxonomy":"product_brand","embeddable":true,"href":"https:\/\/aromasentia.com\/da\/wp-json\/wp\/v2\/product_brand?post=202351"},{"taxonomy":"product_cat","embeddable":true,"href":"https:\/\/aromasentia.com\/da\/wp-json\/wp\/v2\/product_cat?post=202351"},{"taxonomy":"product_tag","embeddable":true,"href":"https:\/\/aromasentia.com\/da\/wp-json\/wp\/v2\/product_tag?post=202351"}],"curies":[{"name":"wp","href":"https:\/\/api.w.org\/{rel}","templated":true}]}}