{"id":202342,"date":"2025-03-21T11:28:36","date_gmt":"2025-03-21T11:28:36","guid":{"rendered":"https:\/\/aromasentia.com\/product\/magic-spell-candle-balance\/"},"modified":"2025-06-22T03:53:03","modified_gmt":"2025-06-22T03:53:03","slug":"magisk-tryllelys-balance","status":"publish","type":"product","link":"https:\/\/aromasentia.com\/da\/magisk-tryllelys-balance\/","title":{"rendered":"Magisk Tryllelys &#8211; Balance"},"content":{"rendered":"<p><strong>Aroma Sentia-ping Magisk Spell Candl<\/strong><strong>e &#8211; Balance<\/strong>er styrket af det rene element ild, som repr\u00e6senterer transformation.<\/p>\n<p>V\u00e6r opm\u00e6rksom p\u00e5, at den ydmyge flamme kan \u00e6ndre alt. Den kan forvandle et k\u00e6rlighedsbrev til aske eller hj\u00e6lpe med at lave mad for at opretholde livet eller kaste et fortryllende romantisk glimt for at fange et hjerte.<\/p>\n<p>Denne transformerende energi er det, du kanaliserer og dermed muligg\u00f8r de forandringer, du \u00f8nsker i dit liv.<\/p>\n<p>Br\u00e6ndetid:<strong>50 timer<\/strong><\/p>\n<p>V\u00e6gt: <strong>280 g<\/strong><\/p>\n","protected":false},"excerpt":{"rendered":"<p>Aroma Sentia-ping Magisk Spell Candle &#8211; Balanceer styrket af det rene element ild, som repr\u00e6senterer transformation. V\u00e6r opm\u00e6rksom p\u00e5, at den ydmyge flamme kan \u00e6ndre alt. Den kan forvandle et k\u00e6rlighedsbrev til aske eller hj\u00e6lpe med at lave mad for at opretholde livet eller kaste et fortryllende romantisk glimt for at fange et hjerte. Denne [&hellip;]<\/p>\n","protected":false},"featured_media":307839,"comment_status":"closed","ping_status":"open","template":"","meta":{"_angie_page":false},"product_brand":[],"product_cat":[7989,7925,6251],"product_tag":[],"class_list":{"0":"post-202342","1":"product","2":"type-product","3":"status-publish","4":"has-post-thumbnail","6":"product_cat-aedelstenslys","7":"product_cat-duftlys","8":"product_cat-lysestager-og-stearinlys","9":"pa_collection-magic-spell-candles-da","10":"pa_made-in-kina","12":"first","13":"instock","14":"purchasable","15":"product-type-simple"},"supplier_id":null,"supplier_sku":"MSC-07","barcode":null,"atum_controlled":true,"out_stock_date":null,"out_stock_threshold":null,"inheritable":false,"inbound_stock":null,"stock_on_hold":0,"sold_today":0,"sales_last_days":0,"reserved_stock":null,"customer_returns":null,"warehouse_damage":null,"lost_in_post":null,"other_logs":null,"out_stock_days":0,"lost_sales":0,"has_location":null,"update_date":"2026-05-04T00:03:58","atum_locations":[],"atum_stock_status":"instock","restock_status":false,"low_stock_amount":"","sales_update_date":"2025-09-05T00:21:48","calc_backorders":null,"_links":{"self":[{"href":"https:\/\/aromasentia.com\/da\/wp-json\/wp\/v2\/product\/202342","targetHints":{"allow":["GET"]}}],"collection":[{"href":"https:\/\/aromasentia.com\/da\/wp-json\/wp\/v2\/product"}],"about":[{"href":"https:\/\/aromasentia.com\/da\/wp-json\/wp\/v2\/types\/product"}],"replies":[{"embeddable":true,"href":"https:\/\/aromasentia.com\/da\/wp-json\/wp\/v2\/comments?post=202342"}],"version-history":[{"count":0,"href":"https:\/\/aromasentia.com\/da\/wp-json\/wp\/v2\/product\/202342\/revisions"}],"wp:featuredmedia":[{"embeddable":true,"href":"https:\/\/aromasentia.com\/da\/wp-json\/wp\/v2\/media\/307839"}],"wp:attachment":[{"href":"https:\/\/aromasentia.com\/da\/wp-json\/wp\/v2\/media?parent=202342"}],"wp:term":[{"taxonomy":"product_brand","embeddable":true,"href":"https:\/\/aromasentia.com\/da\/wp-json\/wp\/v2\/product_brand?post=202342"},{"taxonomy":"product_cat","embeddable":true,"href":"https:\/\/aromasentia.com\/da\/wp-json\/wp\/v2\/product_cat?post=202342"},{"taxonomy":"product_tag","embeddable":true,"href":"https:\/\/aromasentia.com\/da\/wp-json\/wp\/v2\/product_tag?post=202342"}],"curies":[{"name":"wp","href":"https:\/\/api.w.org\/{rel}","templated":true}]}}