{"id":202303,"date":"2025-03-21T11:31:49","date_gmt":"2025-03-21T11:31:49","guid":{"rendered":"https:\/\/aromasentia.com\/product\/petrified-wood-candle-holder-triple\/"},"modified":"2025-06-22T03:52:41","modified_gmt":"2025-06-22T03:52:41","slug":"lysestage-i-forstenet-trae-tredobbelt","status":"publish","type":"product","link":"https:\/\/aromasentia.com\/da\/lysestage-i-forstenet-trae-tredobbelt\/","title":{"rendered":"Lysestage I Forstenet Tr\u00e6 &#8211; Tredobbelt"},"content":{"rendered":"<p>Opdag disse lysestager af forstenet tr\u00e6, k\u00e6rligt h\u00e5ndlavede i Indonesien af dygtige h\u00e5ndv\u00e6rkere.<\/p>\n<p>Hvert stykke er unikt og kan betragtes som et kunstv\u00e6rk. Dette unikke naturmateriale skabes, n\u00e5r tr\u00e6 begraves i sediment og derefter mineraliseres.<\/p>\n<p>Disse er fantastiske til at skabe den perfekte hyggelige atmosf\u00e6re og vil is\u00e6r se perfekt ud som midtpunkt p\u00e5 ethvert bord. Et stilfuldt rustikt tilbeh\u00f8r, helt naturligt og elegant, der vil passe ind i mange interi\u00f8rer og helt sikkert fange opm\u00e6rksomheden.<\/p>\n<p>Afh\u00e6ngigt af modellen kan lysestagerne, der f\u00e5s i fantastiske farvevariationer, rumme fra 1 til 3 fyrfadslys.<\/p>\n<p><strong>BEM\u00c6RK VENLIGST: Farver og m\u00f8nstre kan afvige fra dem, der vises p\u00e5 billederne. Hver lysestage er unik, ogs\u00e5 p\u00e5 grund af revner, der opst\u00e5r under forstenningsprocessen.<\/strong><\/p>\n","protected":false},"excerpt":{"rendered":"<p>Opdag disse lysestager af forstenet tr\u00e6, k\u00e6rligt h\u00e5ndlavede i Indonesien af dygtige h\u00e5ndv\u00e6rkere. Hvert stykke er unikt og kan betragtes som et kunstv\u00e6rk. Dette unikke naturmateriale skabes, n\u00e5r tr\u00e6 begraves i sediment og derefter mineraliseres. Disse er fantastiske til at skabe den perfekte hyggelige atmosf\u00e6re og vil is\u00e6r se perfekt ud som midtpunkt p\u00e5 ethvert [&hellip;]<\/p>\n","protected":false},"featured_media":310118,"comment_status":"closed","ping_status":"open","template":"","meta":{"_angie_page":false},"product_brand":[],"product_cat":[25711,25222,6250,6251],"product_tag":[],"class_list":{"0":"post-202303","1":"product","2":"type-product","3":"status-publish","4":"has-post-thumbnail","6":"product_cat-forstenet-trae","7":"product_cat-krystaller-og-sten","8":"product_cat-lysestager","9":"product_cat-lysestager-og-stearinlys","10":"pa_collection-petrified-wood-candle-holders-da","11":"pa_made-in-indonesien","13":"first","14":"instock","15":"purchasable","16":"product-type-simple"},"supplier_id":null,"supplier_sku":"PetW-04","barcode":null,"atum_controlled":true,"out_stock_date":null,"out_stock_threshold":null,"inheritable":false,"inbound_stock":null,"stock_on_hold":0,"sold_today":0,"sales_last_days":0,"reserved_stock":null,"customer_returns":null,"warehouse_damage":null,"lost_in_post":null,"other_logs":null,"out_stock_days":0,"lost_sales":0,"has_location":null,"update_date":"2026-04-27T07:17:58","atum_locations":[],"atum_stock_status":"instock","restock_status":false,"low_stock_amount":"","sales_update_date":"2026-01-30T01:26:28","calc_backorders":null,"_links":{"self":[{"href":"https:\/\/aromasentia.com\/da\/wp-json\/wp\/v2\/product\/202303","targetHints":{"allow":["GET"]}}],"collection":[{"href":"https:\/\/aromasentia.com\/da\/wp-json\/wp\/v2\/product"}],"about":[{"href":"https:\/\/aromasentia.com\/da\/wp-json\/wp\/v2\/types\/product"}],"replies":[{"embeddable":true,"href":"https:\/\/aromasentia.com\/da\/wp-json\/wp\/v2\/comments?post=202303"}],"version-history":[{"count":0,"href":"https:\/\/aromasentia.com\/da\/wp-json\/wp\/v2\/product\/202303\/revisions"}],"wp:featuredmedia":[{"embeddable":true,"href":"https:\/\/aromasentia.com\/da\/wp-json\/wp\/v2\/media\/310118"}],"wp:attachment":[{"href":"https:\/\/aromasentia.com\/da\/wp-json\/wp\/v2\/media?parent=202303"}],"wp:term":[{"taxonomy":"product_brand","embeddable":true,"href":"https:\/\/aromasentia.com\/da\/wp-json\/wp\/v2\/product_brand?post=202303"},{"taxonomy":"product_cat","embeddable":true,"href":"https:\/\/aromasentia.com\/da\/wp-json\/wp\/v2\/product_cat?post=202303"},{"taxonomy":"product_tag","embeddable":true,"href":"https:\/\/aromasentia.com\/da\/wp-json\/wp\/v2\/product_tag?post=202303"}],"curies":[{"name":"wp","href":"https:\/\/api.w.org\/{rel}","templated":true}]}}