{"id":202280,"date":"2025-03-21T11:33:11","date_gmt":"2025-03-21T11:33:11","guid":{"rendered":"https:\/\/aromasentia.com\/product\/set-of-10-spell-candles-good-energy\/"},"modified":"2025-06-22T03:52:27","modified_gmt":"2025-06-22T03:52:27","slug":"saet-med-10-besvaergelseslys-god-energi","status":"publish","type":"product","link":"https:\/\/aromasentia.com\/da\/saet-med-10-besvaergelseslys-god-energi\/","title":{"rendered":"S\u00e6t med 10 Besv\u00e6rgelseslys &#8211; God Energi"},"content":{"rendered":"<p>Orange lys bruges ofte i forskellige ritualer og ceremonier p\u00e5 grund af den gode energi, der er forbundet med dem.&nbsp;<\/p>\n<p>Orange rituelle lys kan bruges til at manifestere gl\u00e6de, lykke, entusiasme, kreativitet og til at udvikle \u00e5ndelig og f\u00f8lelsesm\u00e6ssig modenhed. De kan ogs\u00e5 bruges til at helbrede seksuelle problemer og problemer i parforholdet.<\/p>\n<p><em>St\u00f8rrelse p\u00e5 et lys: 12,5x1cm<\/em><\/p>\n","protected":false},"excerpt":{"rendered":"<p>Orange lys bruges ofte i forskellige ritualer og ceremonier p\u00e5 grund af den gode energi, der er forbundet med dem.&nbsp; Orange rituelle lys kan bruges til at manifestere gl\u00e6de, lykke, entusiasme, kreativitet og til at udvikle \u00e5ndelig og f\u00f8lelsesm\u00e6ssig modenhed. De kan ogs\u00e5 bruges til at helbrede seksuelle problemer og problemer i parforholdet. St\u00f8rrelse p\u00e5 [&hellip;]<\/p>\n","protected":false},"featured_media":310671,"comment_status":"closed","ping_status":"open","template":"","meta":[],"product_brand":[],"product_cat":[6251],"product_tag":[],"class_list":{"0":"post-202280","1":"product","2":"type-product","3":"status-publish","4":"has-post-thumbnail","6":"product_cat-lysestager-og-stearinlys","7":"pa_made-in-indien","9":"first","10":"outofstock","11":"purchasable","12":"product-type-simple"},"supplier_id":null,"supplier_sku":"SCand-02","barcode":null,"atum_controlled":true,"out_stock_date":"2025-10-09 12:47:10","out_stock_threshold":null,"inheritable":false,"inbound_stock":null,"stock_on_hold":0,"sold_today":0,"sales_last_days":0,"reserved_stock":null,"customer_returns":null,"warehouse_damage":null,"lost_in_post":null,"other_logs":null,"out_stock_days":112,"lost_sales":0,"has_location":null,"update_date":"2026-01-30T01:25:13","atum_locations":[],"atum_stock_status":"outofstock","restock_status":false,"low_stock_amount":"","sales_update_date":"2026-01-30T01:25:13","calc_backorders":null,"_links":{"self":[{"href":"https:\/\/aromasentia.com\/da\/wp-json\/wp\/v2\/product\/202280","targetHints":{"allow":["GET"]}}],"collection":[{"href":"https:\/\/aromasentia.com\/da\/wp-json\/wp\/v2\/product"}],"about":[{"href":"https:\/\/aromasentia.com\/da\/wp-json\/wp\/v2\/types\/product"}],"replies":[{"embeddable":true,"href":"https:\/\/aromasentia.com\/da\/wp-json\/wp\/v2\/comments?post=202280"}],"version-history":[{"count":0,"href":"https:\/\/aromasentia.com\/da\/wp-json\/wp\/v2\/product\/202280\/revisions"}],"wp:featuredmedia":[{"embeddable":true,"href":"https:\/\/aromasentia.com\/da\/wp-json\/wp\/v2\/media\/310671"}],"wp:attachment":[{"href":"https:\/\/aromasentia.com\/da\/wp-json\/wp\/v2\/media?parent=202280"}],"wp:term":[{"taxonomy":"product_brand","embeddable":true,"href":"https:\/\/aromasentia.com\/da\/wp-json\/wp\/v2\/product_brand?post=202280"},{"taxonomy":"product_cat","embeddable":true,"href":"https:\/\/aromasentia.com\/da\/wp-json\/wp\/v2\/product_cat?post=202280"},{"taxonomy":"product_tag","embeddable":true,"href":"https:\/\/aromasentia.com\/da\/wp-json\/wp\/v2\/product_tag?post=202280"}],"curies":[{"name":"wp","href":"https:\/\/api.w.org\/{rel}","templated":true}]}}