{"id":202276,"date":"2025-03-21T11:33:11","date_gmt":"2025-03-21T11:33:11","guid":{"rendered":"https:\/\/aromasentia.com\/product\/no-0-granite-candle-holder\/"},"modified":"2025-06-22T03:52:25","modified_gmt":"2025-06-22T03:52:25","slug":"no-0-lysestage-i-granit","status":"publish","type":"product","link":"https:\/\/aromasentia.com\/da\/no-0-lysestage-i-granit\/","title":{"rendered":"No.0 Lysestage I Granit"},"content":{"rendered":"<p><strong>Grosshandel med granitnumre<\/strong> <strong>lysestager &#8211; nr. 0&nbsp;<\/strong>vil vise ethvert passende lys, der bare perfekt tilf\u00f8jer det moderne touch til ethvert boligomr\u00e5de.<\/p>\n<p>Inspirer din kunde til at bruge dem som dekoration til bryllupsborde eller til f\u00f8dselsdagsfester.<\/p>\n<p>H\u00e5ndlavet med omhu og detaljer i Indonesien af en lille familievirksomhed.&nbsp;<\/p>\n<p>Disse designs i sandsten og granit giver dig mulighed for at skabe en enest\u00e5ende udstilling, som helt sikkert vil falde ud til din fordel. &nbsp;<\/p>\n<p><strong>Bestil nu og tilf\u00f8j det sidste touch til dine kunders bolig.<\/strong><\/p>\n","protected":false},"excerpt":{"rendered":"<p>Grosshandel med granitnumre lysestager &#8211; nr. 0&nbsp;vil vise ethvert passende lys, der bare perfekt tilf\u00f8jer det moderne touch til ethvert boligomr\u00e5de. Inspirer din kunde til at bruge dem som dekoration til bryllupsborde eller til f\u00f8dselsdagsfester. H\u00e5ndlavet med omhu og detaljer i Indonesien af en lille familievirksomhed.&nbsp; Disse designs i sandsten og granit giver dig mulighed [&hellip;]<\/p>\n","protected":false},"featured_media":310483,"comment_status":"closed","ping_status":"open","template":"","meta":[],"product_brand":[],"product_cat":[6251],"product_tag":[],"class_list":{"0":"post-202276","1":"product","2":"type-product","3":"status-publish","4":"has-post-thumbnail","6":"product_cat-lysestager-og-stearinlys","7":"pa_made-in-indonesien","9":"first","10":"outofstock","11":"purchasable","12":"product-type-simple"},"supplier_id":null,"supplier_sku":"SBN-10S","barcode":null,"atum_controlled":true,"out_stock_date":"2025-10-09 12:47:23","out_stock_threshold":null,"inheritable":false,"inbound_stock":null,"stock_on_hold":0,"sold_today":0,"sales_last_days":0,"reserved_stock":null,"customer_returns":null,"warehouse_damage":null,"lost_in_post":null,"other_logs":null,"out_stock_days":112,"lost_sales":0,"has_location":null,"update_date":"2026-01-30T01:25:13","atum_locations":[],"atum_stock_status":"outofstock","restock_status":false,"low_stock_amount":"","sales_update_date":"2026-01-30T01:25:13","calc_backorders":null,"_links":{"self":[{"href":"https:\/\/aromasentia.com\/da\/wp-json\/wp\/v2\/product\/202276","targetHints":{"allow":["GET"]}}],"collection":[{"href":"https:\/\/aromasentia.com\/da\/wp-json\/wp\/v2\/product"}],"about":[{"href":"https:\/\/aromasentia.com\/da\/wp-json\/wp\/v2\/types\/product"}],"replies":[{"embeddable":true,"href":"https:\/\/aromasentia.com\/da\/wp-json\/wp\/v2\/comments?post=202276"}],"version-history":[{"count":0,"href":"https:\/\/aromasentia.com\/da\/wp-json\/wp\/v2\/product\/202276\/revisions"}],"wp:featuredmedia":[{"embeddable":true,"href":"https:\/\/aromasentia.com\/da\/wp-json\/wp\/v2\/media\/310483"}],"wp:attachment":[{"href":"https:\/\/aromasentia.com\/da\/wp-json\/wp\/v2\/media?parent=202276"}],"wp:term":[{"taxonomy":"product_brand","embeddable":true,"href":"https:\/\/aromasentia.com\/da\/wp-json\/wp\/v2\/product_brand?post=202276"},{"taxonomy":"product_cat","embeddable":true,"href":"https:\/\/aromasentia.com\/da\/wp-json\/wp\/v2\/product_cat?post=202276"},{"taxonomy":"product_tag","embeddable":true,"href":"https:\/\/aromasentia.com\/da\/wp-json\/wp\/v2\/product_tag?post=202276"}],"curies":[{"name":"wp","href":"https:\/\/api.w.org\/{rel}","templated":true}]}}