{"id":202267,"date":"2025-03-21T11:36:29","date_gmt":"2025-03-21T11:36:29","guid":{"rendered":"https:\/\/aromasentia.com\/product\/soybean-jar-candle-bamboo\/"},"modified":"2025-06-22T03:52:19","modified_gmt":"2025-06-22T03:52:19","slug":"sojaboenne-lys-i-krukke-bambus","status":"publish","type":"product","link":"https:\/\/aromasentia.com\/da\/sojaboenne-lys-i-krukke-bambus\/","title":{"rendered":"Sojab\u00f8nne-Lys I Krukke &#8211; Bambus"},"content":{"rendered":"<p>Designet som en smuk og bet\u00e6nksom gave, vil <strong>Bambus sojab\u00f8nnelys<\/strong> v\u00e6re en perfekt tilf\u00f8jelse til din samling.<\/p>\n<p>Dette lys er lavet af hydrogeneret sojab\u00f8nneolie, hvilket betyder, at det er fri for syntetisk voks eller paraffin. Pr\u00e6senteret i en kraftig genbrugsglaskrukke, kan dette smukke lys genbruges og er pakket p\u00e6nt med et specielt st\u00f8vd\u00e6ksel. Og hvis den smukke emballage ikke tiltr\u00e6kker dig, s\u00e5 vil dens aromatiske bambusduft helt sikkert g\u00f8re det.<\/p>\n<p>Sojavoks er s\u00e5 meget rarere, renere og mere naturligt end paraffinlys. Lidt dyrere, men det er det v\u00e6rd. Sojab\u00f8nnelys br\u00e6nder renere og k\u00f8ligere og efterlader minimale voksrester.<\/p>\n<p>Ja, dyrere end paraffinvoks, men sammenlign vores pris p\u00e5 sojavoks &#8211; fremstillet p\u00e5 vores egen fabrik for at sikre renhed og kvalitet &#8211; god v\u00e6rdi sammenlignet med eksisterende produkter. Garanteret 3% duftniveau, lang br\u00e6ndtid og meget milj\u00f8venlig.<\/p>\n<p>H\u00f8j kvalitet, god v\u00e6rdi, ser fantastisk ud og dufter fantastisk&#8230; hvordan kan du modst\u00e5 det?<\/p>\n<p>Bestil i dag for at f\u00e5 dette smukke produkt.<\/p>\n","protected":false},"excerpt":{"rendered":"<p>Designet som en smuk og bet\u00e6nksom gave, vil Bambus sojab\u00f8nnelys v\u00e6re en perfekt tilf\u00f8jelse til din samling. Dette lys er lavet af hydrogeneret sojab\u00f8nneolie, hvilket betyder, at det er fri for syntetisk voks eller paraffin. Pr\u00e6senteret i en kraftig genbrugsglaskrukke, kan dette smukke lys genbruges og er pakket p\u00e6nt med et specielt st\u00f8vd\u00e6ksel. Og hvis [&hellip;]<\/p>\n","protected":false},"featured_media":311348,"comment_status":"closed","ping_status":"open","template":"","meta":[],"product_brand":[],"product_cat":[7925,6251,7926],"product_tag":[],"class_list":{"0":"post-202267","1":"product","2":"type-product","3":"status-publish","4":"has-post-thumbnail","6":"product_cat-duftlys","7":"product_cat-lysestager-og-stearinlys","8":"product_cat-soja-duftlys","9":"pa_collection-soy-wax-jar-candle-da","10":"pa_made-in-kina","12":"first","13":"outofstock","14":"purchasable","15":"product-type-simple"},"supplier_id":null,"supplier_sku":"SoyC-07","barcode":null,"atum_controlled":true,"out_stock_date":"2025-10-09 12:45:21","out_stock_threshold":null,"inheritable":false,"inbound_stock":null,"stock_on_hold":0,"sold_today":0,"sales_last_days":0,"reserved_stock":null,"customer_returns":null,"warehouse_damage":null,"lost_in_post":null,"other_logs":null,"out_stock_days":112,"lost_sales":0,"has_location":null,"update_date":"2026-01-30T01:25:12","atum_locations":[],"atum_stock_status":"outofstock","restock_status":false,"low_stock_amount":"","sales_update_date":"2026-01-30T01:25:12","calc_backorders":null,"_links":{"self":[{"href":"https:\/\/aromasentia.com\/da\/wp-json\/wp\/v2\/product\/202267","targetHints":{"allow":["GET"]}}],"collection":[{"href":"https:\/\/aromasentia.com\/da\/wp-json\/wp\/v2\/product"}],"about":[{"href":"https:\/\/aromasentia.com\/da\/wp-json\/wp\/v2\/types\/product"}],"replies":[{"embeddable":true,"href":"https:\/\/aromasentia.com\/da\/wp-json\/wp\/v2\/comments?post=202267"}],"version-history":[{"count":0,"href":"https:\/\/aromasentia.com\/da\/wp-json\/wp\/v2\/product\/202267\/revisions"}],"wp:featuredmedia":[{"embeddable":true,"href":"https:\/\/aromasentia.com\/da\/wp-json\/wp\/v2\/media\/311348"}],"wp:attachment":[{"href":"https:\/\/aromasentia.com\/da\/wp-json\/wp\/v2\/media?parent=202267"}],"wp:term":[{"taxonomy":"product_brand","embeddable":true,"href":"https:\/\/aromasentia.com\/da\/wp-json\/wp\/v2\/product_brand?post=202267"},{"taxonomy":"product_cat","embeddable":true,"href":"https:\/\/aromasentia.com\/da\/wp-json\/wp\/v2\/product_cat?post=202267"},{"taxonomy":"product_tag","embeddable":true,"href":"https:\/\/aromasentia.com\/da\/wp-json\/wp\/v2\/product_tag?post=202267"}],"curies":[{"name":"wp","href":"https:\/\/api.w.org\/{rel}","templated":true}]}}