{"id":202250,"date":"2025-03-21T11:38:53","date_gmt":"2025-03-21T11:38:53","guid":{"rendered":"https:\/\/aromasentia.com\/product\/set-of-6-scented-tealights-vanilla\/"},"modified":"2025-06-22T03:52:08","modified_gmt":"2025-06-22T03:52:08","slug":"saet-med-6-duftende-fyrfadslys-vanilje","status":"publish","type":"product","link":"https:\/\/aromasentia.com\/da\/saet-med-6-duftende-fyrfadslys-vanilje\/","title":{"rendered":"S\u00e6t med 6 Duftende Fyrfadslys &#8211; Vanilje"},"content":{"rendered":"<p><strong><span style=\"color: rgb(75, 80, 88);\">Dette s\u00e6t med 6 duftende fyrfadslys &#8211; Vanilje<\/span><\/strong><span style=\"color: rgb(75, 80, 88);\">giver dig mulighed for hurtigt og nemt at skabe en atmosf\u00e6re og stemning. V\u00e6lg mellem forskellige fantastiske dufte.<\/span><\/p>\n<p><span style=\"color: rgb(75, 80, 88);\">Disse duftende fyrfadslys kan bruges i en r\u00e6kke lysestager og lanterner. De er perfekte til mindre rum. \u00c6ske med 15 s\u00e6t med 6 fyrfadslys.<\/span><\/p>\n<p><span style=\"color: rgb(75, 80, 88);\">Br\u00e6nder i op til 4 timer.<\/span><\/p>\n<p><span style=\"color: rgb(75, 80, 88);\">Lysst\u00f8rrelse: 3,7&#215;1,2 cm (10 g) \u00c6skest\u00f8rrelse: 12x8x1,7 cm \u00e6ske (70 g) Bestil i dag for at g\u00f8re gentagne lyssalg.<\/span><\/p>\n","protected":false},"excerpt":{"rendered":"<p>Dette s\u00e6t med 6 duftende fyrfadslys &#8211; Vaniljegiver dig mulighed for hurtigt og nemt at skabe en atmosf\u00e6re og stemning. V\u00e6lg mellem forskellige fantastiske dufte. Disse duftende fyrfadslys kan bruges i en r\u00e6kke lysestager og lanterner. De er perfekte til mindre rum. \u00c6ske med 15 s\u00e6t med 6 fyrfadslys. Br\u00e6nder i op til 4 timer. [&hellip;]<\/p>\n","protected":false},"featured_media":312364,"comment_status":"closed","ping_status":"open","template":"","meta":{"_angie_page":false},"product_brand":[],"product_cat":[7940,7925,6251],"product_tag":[],"class_list":{"0":"post-202250","1":"product","2":"type-product","3":"status-publish","4":"has-post-thumbnail","6":"product_cat-bloklys","7":"product_cat-duftlys","8":"product_cat-lysestager-og-stearinlys","9":"pa_collection-set-of-6-scented-tealights-da","10":"pa_made-in-polen","12":"first","13":"instock","14":"purchasable","15":"product-type-simple"},"supplier_id":null,"supplier_sku":"STL-15","barcode":null,"atum_controlled":true,"out_stock_date":null,"out_stock_threshold":null,"inheritable":false,"inbound_stock":null,"stock_on_hold":0,"sold_today":0,"sales_last_days":0,"reserved_stock":null,"customer_returns":null,"warehouse_damage":null,"lost_in_post":null,"other_logs":null,"out_stock_days":0,"lost_sales":0,"has_location":null,"update_date":"2026-04-27T07:23:47","atum_locations":[],"atum_stock_status":"instock","restock_status":false,"low_stock_amount":"","sales_update_date":"2025-09-05T00:22:13","calc_backorders":null,"_links":{"self":[{"href":"https:\/\/aromasentia.com\/da\/wp-json\/wp\/v2\/product\/202250","targetHints":{"allow":["GET"]}}],"collection":[{"href":"https:\/\/aromasentia.com\/da\/wp-json\/wp\/v2\/product"}],"about":[{"href":"https:\/\/aromasentia.com\/da\/wp-json\/wp\/v2\/types\/product"}],"replies":[{"embeddable":true,"href":"https:\/\/aromasentia.com\/da\/wp-json\/wp\/v2\/comments?post=202250"}],"version-history":[{"count":0,"href":"https:\/\/aromasentia.com\/da\/wp-json\/wp\/v2\/product\/202250\/revisions"}],"wp:featuredmedia":[{"embeddable":true,"href":"https:\/\/aromasentia.com\/da\/wp-json\/wp\/v2\/media\/312364"}],"wp:attachment":[{"href":"https:\/\/aromasentia.com\/da\/wp-json\/wp\/v2\/media?parent=202250"}],"wp:term":[{"taxonomy":"product_brand","embeddable":true,"href":"https:\/\/aromasentia.com\/da\/wp-json\/wp\/v2\/product_brand?post=202250"},{"taxonomy":"product_cat","embeddable":true,"href":"https:\/\/aromasentia.com\/da\/wp-json\/wp\/v2\/product_cat?post=202250"},{"taxonomy":"product_tag","embeddable":true,"href":"https:\/\/aromasentia.com\/da\/wp-json\/wp\/v2\/product_tag?post=202250"}],"curies":[{"name":"wp","href":"https:\/\/api.w.org\/{rel}","templated":true}]}}