{"id":202241,"date":"2025-03-21T11:38:53","date_gmt":"2025-03-21T11:38:53","guid":{"rendered":"https:\/\/aromasentia.com\/product\/midnight-rose-soy-pot-of-fragrance-candle\/"},"modified":"2025-06-22T03:52:03","modified_gmt":"2025-06-22T03:52:03","slug":"midnight-rose-soy-pot-duftlys","status":"publish","type":"product","link":"https:\/\/aromasentia.com\/da\/midnight-rose-soy-pot-duftlys\/","title":{"rendered":"midnight Rose Soy Pot Duftlys"},"content":{"rendered":"<p>Dette sortiment af <strong>grossist Midnight Rose sojalys<\/strong> pr\u00e6senteres i glaskrukker med korkl\u00e5g. Hvert lys har en naturlig etiket fastgjort med jutesnor. Hver \u00e6ske indeholder 6 sojalys i krukker, der er klar til at blive sat p\u00e5 hylderne i din butik.<\/p>\n<p>Soy Pot of Fragrance Candles fremstilles p\u00e5 vores fabrik i Yiwu for at sikre renhed og kvalitet og har stor v\u00e6rdi i forhold til eksisterende sojaprodukter. Garanteret 3% duftniveau, lang br\u00e6ndetid og meget milj\u00f8venlig.<\/p>\n<p>Br\u00e6ndetiden for dette sojalys er ca. 20 timer. N\u00e5r du fors\u00f8ger at br\u00e6nde dit sojavokslys i l\u00e6ngere tid, er det vigtigt at lade lyset br\u00e6nde i ca. 2 timer i begyndelsen for at give lyset mulighed for at skabe sin f\u00f8rste hukommelsesbr\u00e6nding. Det vil \u00f8ge duftudstr\u00e5lingen og give en fuld smeltep\u00f8l af voks. Hold altid v\u00e6gen i midten.<\/p>\n<p>For at forhindre, at dit sojavokslys producerer sort sod, skal du altid trimme din v\u00e6ge til &frac14;, f\u00f8r du t\u00e6nder lyset. Br\u00e6nd altid dit lys p\u00e5 en stabil og varmebestandig overflade. Hold det v\u00e6k fra tr\u00e6k. Br\u00e6nd ikke lyset, n\u00e5r voksen er mindre end &frac12; tomme fra bunden. R\u00f8r ikke ved eller flyt ikke lyset, mens det br\u00e6nder, eller hvis voksen er varm. Opbevares utilg\u00e6ngeligt for b\u00f8rn og k\u00e6ledyr. Efterlad det ikke uden opsyn, mens lyset br\u00e6nder.<\/p>\n<p><strong>Lad v\u00e6re med at br\u00e6nde lyset kontinuerligt i l\u00e6ngere tid.<\/strong><\/p>\n<p><strong>S\u00f8rg for, at v\u00e6gen ikke er l\u00e6ngere end 5-10 mm, f\u00f8r du bruger lyset (trim den om n\u00f8dvendigt f\u00f8r hver brug)<\/strong><\/p>\n<p>.<\/p>\n","protected":false},"excerpt":{"rendered":"<p>Dette sortiment af grossist Midnight Rose sojalys pr\u00e6senteres i glaskrukker med korkl\u00e5g. Hvert lys har en naturlig etiket fastgjort med jutesnor. Hver \u00e6ske indeholder 6 sojalys i krukker, der er klar til at blive sat p\u00e5 hylderne i din butik. Soy Pot of Fragrance Candles fremstilles p\u00e5 vores fabrik i Yiwu for at sikre renhed [&hellip;]<\/p>\n","protected":false},"featured_media":312123,"comment_status":"closed","ping_status":"open","template":"","meta":{"_angie_page":false},"product_brand":[],"product_cat":[26830,25839,6251,25984,7926],"product_tag":[],"class_list":{"0":"post-202241","1":"product","2":"type-product","3":"status-publish","4":"has-post-thumbnail","6":"product_cat-blomster","7":"product_cat-dufte-aromaer","8":"product_cat-lysestager-og-stearinlys","9":"product_cat-rose","10":"product_cat-soja-duftlys","11":"pa_collection-soy-wax-candle-pots-da","12":"pa_made-in-kina","14":"first","15":"instock","16":"purchasable","17":"product-type-simple"},"supplier_id":null,"supplier_sku":"SoyP-10","barcode":null,"atum_controlled":true,"out_stock_date":null,"out_stock_threshold":null,"inheritable":false,"inbound_stock":null,"stock_on_hold":0,"sold_today":0,"sales_last_days":0,"reserved_stock":null,"customer_returns":null,"warehouse_damage":null,"lost_in_post":null,"other_logs":null,"out_stock_days":0,"lost_sales":0,"has_location":null,"update_date":"2026-04-27T07:22:02","atum_locations":[],"atum_stock_status":"instock","restock_status":false,"low_stock_amount":"","sales_update_date":"2025-09-05T00:22:12","calc_backorders":null,"_links":{"self":[{"href":"https:\/\/aromasentia.com\/da\/wp-json\/wp\/v2\/product\/202241","targetHints":{"allow":["GET"]}}],"collection":[{"href":"https:\/\/aromasentia.com\/da\/wp-json\/wp\/v2\/product"}],"about":[{"href":"https:\/\/aromasentia.com\/da\/wp-json\/wp\/v2\/types\/product"}],"replies":[{"embeddable":true,"href":"https:\/\/aromasentia.com\/da\/wp-json\/wp\/v2\/comments?post=202241"}],"version-history":[{"count":0,"href":"https:\/\/aromasentia.com\/da\/wp-json\/wp\/v2\/product\/202241\/revisions"}],"wp:featuredmedia":[{"embeddable":true,"href":"https:\/\/aromasentia.com\/da\/wp-json\/wp\/v2\/media\/312123"}],"wp:attachment":[{"href":"https:\/\/aromasentia.com\/da\/wp-json\/wp\/v2\/media?parent=202241"}],"wp:term":[{"taxonomy":"product_brand","embeddable":true,"href":"https:\/\/aromasentia.com\/da\/wp-json\/wp\/v2\/product_brand?post=202241"},{"taxonomy":"product_cat","embeddable":true,"href":"https:\/\/aromasentia.com\/da\/wp-json\/wp\/v2\/product_cat?post=202241"},{"taxonomy":"product_tag","embeddable":true,"href":"https:\/\/aromasentia.com\/da\/wp-json\/wp\/v2\/product_tag?post=202241"}],"curies":[{"name":"wp","href":"https:\/\/api.w.org\/{rel}","templated":true}]}}