{"id":202237,"date":"2025-03-21T11:39:37","date_gmt":"2025-03-21T11:39:37","guid":{"rendered":"https:\/\/aromasentia.com\/product\/taper-candle-burgundy\/"},"modified":"2025-06-22T03:52:01","modified_gmt":"2025-06-22T03:52:01","slug":"stearinlys-bourgogne","status":"publish","type":"product","link":"https:\/\/aromasentia.com\/da\/stearinlys-bourgogne\/","title":{"rendered":"Stearinlys &#8211; Bourgogne"},"content":{"rendered":"<p>\u00d8jeblikkets lys med<strong>AWGfits-Taper Candles &#8211; Bourgogne.<\/strong><\/p>\n<p>Dette er et uundv\u00e6rligt produkt til enhver gavebutik. Ogs\u00e5 ideelt til restauranter, catering og selskaber. Perfekt til at skabe stemningsfuld belysning til dine kunders spisebord eller opholdsstue.<\/p>\n<p>Taper Candles giver cirka 7 timers br\u00e6ndetid med en ren, j\u00e6vn flamme, de ryger eller drypper ikke og er lugt- og svinefri. Fremstillet i Polen.<\/p>\n<p>S\u00e6lges i \u00e6ske med 10 lys. V\u00e6lg mellem forskellige farver. Lysene er overdyppet med farve og lavet af paraffinvoks.<\/p>\n<p>* <strong>H\u00f8jde:<\/strong> 24,5 cm * <strong>Diameter:<\/strong> 2,3 cm * <strong>Lysets v\u00e6gt:<\/strong> 0,53 g * <strong>Br\u00e6ndetid:<\/strong> 7 timer<\/p>\n<p>NB: L\u00e6s venligst etiketten f\u00f8r brug.<\/p>\n<p><strong>Disse lys er n\u00e6sten for dejlige til at t\u00e6nde. Tilf\u00f8j dem til din produktportef\u00f8lje i dag for at f\u00e5 nye kunder og nyt salg.<\/strong><\/p>\n","protected":false},"excerpt":{"rendered":"<p>\u00d8jeblikkets lys medAWGfits-Taper Candles &#8211; Bourgogne. Dette er et uundv\u00e6rligt produkt til enhver gavebutik. Ogs\u00e5 ideelt til restauranter, catering og selskaber. Perfekt til at skabe stemningsfuld belysning til dine kunders spisebord eller opholdsstue. Taper Candles giver cirka 7 timers br\u00e6ndetid med en ren, j\u00e6vn flamme, de ryger eller drypper ikke og er lugt- og svinefri. [&hellip;]<\/p>\n","protected":false},"featured_media":312497,"comment_status":"closed","ping_status":"open","template":"","meta":{"_angie_page":false},"product_brand":[],"product_cat":[7940,6251],"product_tag":[],"class_list":{"0":"post-202237","1":"product","2":"type-product","3":"status-publish","4":"has-post-thumbnail","6":"product_cat-bloklys","7":"product_cat-lysestager-og-stearinlys","8":"pa_collection-pack-of-10-taper-candles-da","9":"pa_made-in-polen","11":"first","12":"outofstock","13":"purchasable","14":"product-type-simple"},"supplier_id":null,"supplier_sku":"TCand-04","barcode":null,"atum_controlled":true,"out_stock_date":"2025-09-05 16:26:28","out_stock_threshold":null,"inheritable":false,"inbound_stock":null,"stock_on_hold":0,"sold_today":0,"sales_last_days":0,"reserved_stock":null,"customer_returns":null,"warehouse_damage":null,"lost_in_post":null,"other_logs":null,"out_stock_days":0,"lost_sales":0,"has_location":null,"update_date":"2026-04-27T07:24:05","atum_locations":[],"atum_stock_status":"outofstock","restock_status":false,"low_stock_amount":"","sales_update_date":"2025-09-05T00:22:16","calc_backorders":null,"_links":{"self":[{"href":"https:\/\/aromasentia.com\/da\/wp-json\/wp\/v2\/product\/202237","targetHints":{"allow":["GET"]}}],"collection":[{"href":"https:\/\/aromasentia.com\/da\/wp-json\/wp\/v2\/product"}],"about":[{"href":"https:\/\/aromasentia.com\/da\/wp-json\/wp\/v2\/types\/product"}],"replies":[{"embeddable":true,"href":"https:\/\/aromasentia.com\/da\/wp-json\/wp\/v2\/comments?post=202237"}],"version-history":[{"count":0,"href":"https:\/\/aromasentia.com\/da\/wp-json\/wp\/v2\/product\/202237\/revisions"}],"wp:featuredmedia":[{"embeddable":true,"href":"https:\/\/aromasentia.com\/da\/wp-json\/wp\/v2\/media\/312497"}],"wp:attachment":[{"href":"https:\/\/aromasentia.com\/da\/wp-json\/wp\/v2\/media?parent=202237"}],"wp:term":[{"taxonomy":"product_brand","embeddable":true,"href":"https:\/\/aromasentia.com\/da\/wp-json\/wp\/v2\/product_brand?post=202237"},{"taxonomy":"product_cat","embeddable":true,"href":"https:\/\/aromasentia.com\/da\/wp-json\/wp\/v2\/product_cat?post=202237"},{"taxonomy":"product_tag","embeddable":true,"href":"https:\/\/aromasentia.com\/da\/wp-json\/wp\/v2\/product_tag?post=202237"}],"curies":[{"name":"wp","href":"https:\/\/api.w.org\/{rel}","templated":true}]}}