{"id":202223,"date":"2025-03-21T11:39:59","date_gmt":"2025-03-21T11:39:59","guid":{"rendered":"https:\/\/aromasentia.com\/product\/citronella-tealight-18x38-4hrs\/"},"modified":"2025-06-22T03:51:54","modified_gmt":"2025-06-22T03:51:54","slug":"citronella-fyrfadslys-18x38-4-timer","status":"publish","type":"product","link":"https:\/\/aromasentia.com\/da\/citronella-fyrfadslys-18x38-4-timer\/","title":{"rendered":"Citronella Fyrfadslys 18X38 &#8211; 4 Timer"},"content":{"rendered":"<p>Hold irriterende insekter p\u00e5 afstand med dette Citronella fyrfadslys, der giver ca. 4 timers beskyttelse. Fyrfadslyset er tilsat naturlig citronellaolie, som er kendt for sine insektafvisende egenskaber, og det er perfekt til udend\u00f8rs sammenkomster, p\u00e5 terrassen eller p\u00e5 campingpladsen. Samtidig med at det giver et blidt lys, frigiver det en frisk, citronagtig aroma, som myg og andre flyvende insekter ikke bryder sig om. Nyd din tid udend\u00f8rs med mindre irritation fra insekter takket v\u00e6re dette praktiske og behageligt duftende fyrfadslys.<\/p>\n","protected":false},"excerpt":{"rendered":"<p>Hold irriterende insekter p\u00e5 afstand med dette Citronella fyrfadslys, der giver ca. 4 timers beskyttelse. Fyrfadslyset er tilsat naturlig citronellaolie, som er kendt for sine insektafvisende egenskaber, og det er perfekt til udend\u00f8rs sammenkomster, p\u00e5 terrassen eller p\u00e5 campingpladsen. Samtidig med at det giver et blidt lys, frigiver det en frisk, citronagtig aroma, som myg [&hellip;]<\/p>\n","protected":false},"featured_media":312677,"comment_status":"closed","ping_status":"open","template":"","meta":{"_angie_page":false},"product_brand":[],"product_cat":[7940,25936,26816,25839,6251],"product_tag":[],"class_list":{"0":"post-202223","1":"product","2":"type-product","3":"status-publish","4":"has-post-thumbnail","6":"product_cat-bloklys","7":"product_cat-citronella","8":"product_cat-citrus","9":"product_cat-dufte-aromaer","10":"product_cat-lysestager-og-stearinlys","11":"pa_collection-bulk-tea-lights-da","12":"pa_made-in-tyskland","14":"first","15":"outofstock","16":"purchasable","17":"product-type-simple"},"supplier_id":null,"supplier_sku":"TLS-13","barcode":null,"atum_controlled":true,"out_stock_date":"2025-09-05 16:36:56","out_stock_threshold":null,"inheritable":false,"inbound_stock":null,"stock_on_hold":0,"sold_today":0,"sales_last_days":0,"reserved_stock":null,"customer_returns":null,"warehouse_damage":null,"lost_in_post":null,"other_logs":null,"out_stock_days":0,"lost_sales":0,"has_location":null,"update_date":"2026-04-27T07:25:05","atum_locations":[],"atum_stock_status":"outofstock","restock_status":false,"low_stock_amount":"","sales_update_date":"2025-09-05T00:22:19","calc_backorders":null,"_links":{"self":[{"href":"https:\/\/aromasentia.com\/da\/wp-json\/wp\/v2\/product\/202223","targetHints":{"allow":["GET"]}}],"collection":[{"href":"https:\/\/aromasentia.com\/da\/wp-json\/wp\/v2\/product"}],"about":[{"href":"https:\/\/aromasentia.com\/da\/wp-json\/wp\/v2\/types\/product"}],"replies":[{"embeddable":true,"href":"https:\/\/aromasentia.com\/da\/wp-json\/wp\/v2\/comments?post=202223"}],"version-history":[{"count":0,"href":"https:\/\/aromasentia.com\/da\/wp-json\/wp\/v2\/product\/202223\/revisions"}],"wp:featuredmedia":[{"embeddable":true,"href":"https:\/\/aromasentia.com\/da\/wp-json\/wp\/v2\/media\/312677"}],"wp:attachment":[{"href":"https:\/\/aromasentia.com\/da\/wp-json\/wp\/v2\/media?parent=202223"}],"wp:term":[{"taxonomy":"product_brand","embeddable":true,"href":"https:\/\/aromasentia.com\/da\/wp-json\/wp\/v2\/product_brand?post=202223"},{"taxonomy":"product_cat","embeddable":true,"href":"https:\/\/aromasentia.com\/da\/wp-json\/wp\/v2\/product_cat?post=202223"},{"taxonomy":"product_tag","embeddable":true,"href":"https:\/\/aromasentia.com\/da\/wp-json\/wp\/v2\/product_tag?post=202223"}],"curies":[{"name":"wp","href":"https:\/\/api.w.org\/{rel}","templated":true}]}}