{"id":202219,"date":"2025-03-21T11:39:59","date_gmt":"2025-03-21T11:39:59","guid":{"rendered":"https:\/\/aromasentia.com\/product\/unscented-tealight-4hr\/"},"modified":"2025-06-22T03:51:51","modified_gmt":"2025-06-22T03:51:51","slug":"fyrfadslys-uden-parfume-4-timer","status":"publish","type":"product","link":"https:\/\/aromasentia.com\/da\/fyrfadslys-uden-parfume-4-timer\/","title":{"rendered":"Fyrfadslys Uden Parfume (4 Timer)"},"content":{"rendered":"<p>Fyrfadslys er en alsidig genstand at have p\u00e5 lager, da de har s\u00e5 mange pladser i hjemmet. De kan bruges i spisestuen til at d\u00e6kke et bord, i stuen til at fremh\u00e6ve en pejs, p\u00e5 badev\u00e6relset til afslapning eller i sovev\u00e6relset til romantik. I sommerm\u00e5nederne kan de endda bruges udend\u00f8rs for at skabe en magisk atmosf\u00e6re, og med citronella-natlys holder du alle insekter v\u00e6k. Hvis du har en butik, en eBay-butik, en markedsbod eller er onlines\u00e6lger eller bilplyndrer, vil du helt sikkert drage fordel af vores fantastiske udvalg af lys til en god pris.<\/p>\n","protected":false},"excerpt":{"rendered":"<p>Fyrfadslys er en alsidig genstand at have p\u00e5 lager, da de har s\u00e5 mange pladser i hjemmet. De kan bruges i spisestuen til at d\u00e6kke et bord, i stuen til at fremh\u00e6ve en pejs, p\u00e5 badev\u00e6relset til afslapning eller i sovev\u00e6relset til romantik. I sommerm\u00e5nederne kan de endda bruges udend\u00f8rs for at skabe en magisk [&hellip;]<\/p>\n","protected":false},"featured_media":312641,"comment_status":"closed","ping_status":"open","template":"","meta":{"_angie_page":false},"product_brand":[],"product_cat":[7940,6251],"product_tag":[],"class_list":{"0":"post-202219","1":"product","2":"type-product","3":"status-publish","4":"has-post-thumbnail","6":"product_cat-bloklys","7":"product_cat-lysestager-og-stearinlys","8":"pa_collection-bulk-tea-lights-da","9":"pa_made-in-polen","11":"first","12":"outofstock","13":"purchasable","14":"product-type-simple"},"supplier_id":null,"supplier_sku":"TLS-07","barcode":null,"atum_controlled":true,"out_stock_date":"2025-09-05 16:36:42","out_stock_threshold":null,"inheritable":false,"inbound_stock":null,"stock_on_hold":0,"sold_today":0,"sales_last_days":0,"reserved_stock":null,"customer_returns":null,"warehouse_damage":null,"lost_in_post":null,"other_logs":null,"out_stock_days":0,"lost_sales":0,"has_location":null,"update_date":"2026-04-27T07:24:59","atum_locations":[],"atum_stock_status":"outofstock","restock_status":false,"low_stock_amount":"","sales_update_date":"2025-09-05T00:22:19","calc_backorders":null,"_links":{"self":[{"href":"https:\/\/aromasentia.com\/da\/wp-json\/wp\/v2\/product\/202219","targetHints":{"allow":["GET"]}}],"collection":[{"href":"https:\/\/aromasentia.com\/da\/wp-json\/wp\/v2\/product"}],"about":[{"href":"https:\/\/aromasentia.com\/da\/wp-json\/wp\/v2\/types\/product"}],"replies":[{"embeddable":true,"href":"https:\/\/aromasentia.com\/da\/wp-json\/wp\/v2\/comments?post=202219"}],"version-history":[{"count":0,"href":"https:\/\/aromasentia.com\/da\/wp-json\/wp\/v2\/product\/202219\/revisions"}],"wp:featuredmedia":[{"embeddable":true,"href":"https:\/\/aromasentia.com\/da\/wp-json\/wp\/v2\/media\/312641"}],"wp:attachment":[{"href":"https:\/\/aromasentia.com\/da\/wp-json\/wp\/v2\/media?parent=202219"}],"wp:term":[{"taxonomy":"product_brand","embeddable":true,"href":"https:\/\/aromasentia.com\/da\/wp-json\/wp\/v2\/product_brand?post=202219"},{"taxonomy":"product_cat","embeddable":true,"href":"https:\/\/aromasentia.com\/da\/wp-json\/wp\/v2\/product_cat?post=202219"},{"taxonomy":"product_tag","embeddable":true,"href":"https:\/\/aromasentia.com\/da\/wp-json\/wp\/v2\/product_tag?post=202219"}],"curies":[{"name":"wp","href":"https:\/\/api.w.org\/{rel}","templated":true}]}}