{"id":202210,"date":"2025-03-21T11:40:23","date_gmt":"2025-03-21T11:40:23","guid":{"rendered":"https:\/\/aromasentia.com\/product\/unlabeled-aromatherapy-candle-creativity\/"},"modified":"2025-06-22T03:51:45","modified_gmt":"2025-06-22T03:51:45","slug":"aromaterapilys-uden-etiket-kreativitet","status":"publish","type":"product","link":"https:\/\/aromasentia.com\/da\/aromaterapilys-uden-etiket-kreativitet\/","title":{"rendered":"Aromaterapilys Uden Etiket &#8211; Kreativitet"},"content":{"rendered":"<p><strong>Pebermynte og nellike<\/strong> <\/p>\n<p>Vores nye <strong>Aroma Sentia-ping aromaterapilys &#8211; Kreativitet<\/strong> er lavet med rene \u00e6teriske olier og naturlig sojavoks for at fortrylle og gl\u00e6de dine kunder. Intet mere, intet mindre&#8230; s\u00e5 naturligt, s\u00e5 rent, s\u00e5 vegansk \ud83d\ude42<\/p>\n<p>Kombinationer af rene olier, der alle fungerer godt sammen for at stimulere klar t\u00e6nkning, afslapning, energi, lykke og meget mere.<\/p>\n<p><strong>Og nu kommer de uden etiketter! Din chance for at skabe dine helt egne m\u00e6rkevarelys.<\/strong><\/p>\n<p>Langsomt og delikat vil aromaen stige op, mens lyset br\u00e6nder, og fylde ethvert rum med en \u00e6gte aromaterapeutisk duft.<\/p>\n<p>Den klassiske og moderne form p\u00e5 den ravfarvede glaskrukke vil komplimentere enhver indretning i hjemmet eller p\u00e5 kontoret. &nbsp;<\/p>\n<p>Hvert lys h\u00e6ldes i h\u00e5nden i sm\u00e5 portioner og holder op til<strong>&nbsp;40 timers br\u00e6ndetid.<\/strong><\/p>\n<p><strong>Tilf\u00f8j tilbuddet til dit e-shop i dag, og tag dine kunder med p\u00e5 et aromatisk eventyr!<\/strong><\/p>\n","protected":false},"excerpt":{"rendered":"<p>Pebermynte og nellike Vores nye Aroma Sentia-ping aromaterapilys &#8211; Kreativitet er lavet med rene \u00e6teriske olier og naturlig sojavoks for at fortrylle og gl\u00e6de dine kunder. Intet mere, intet mindre&#8230; s\u00e5 naturligt, s\u00e5 rent, s\u00e5 vegansk \ud83d\ude42 Kombinationer af rene olier, der alle fungerer godt sammen for at stimulere klar t\u00e6nkning, afslapning, energi, lykke og [&hellip;]<\/p>\n","protected":false},"featured_media":312786,"comment_status":"closed","ping_status":"open","template":"","meta":[],"product_brand":[],"product_cat":[6251,7926],"product_tag":[],"class_list":{"0":"post-202210","1":"product","2":"type-product","3":"status-publish","4":"has-post-thumbnail","6":"product_cat-lysestager-og-stearinlys","7":"product_cat-soja-duftlys","8":"pa_collection-unlabelled-aromatherapy-soy-wax-candles-200g-da","9":"pa_made-in-kina","11":"first","12":"instock","13":"purchasable","14":"product-type-simple"},"supplier_id":null,"supplier_sku":"UASC-03","barcode":null,"atum_controlled":true,"out_stock_date":null,"out_stock_threshold":null,"inheritable":false,"inbound_stock":null,"stock_on_hold":0,"sold_today":0,"sales_last_days":0,"reserved_stock":null,"customer_returns":null,"warehouse_damage":null,"lost_in_post":null,"other_logs":null,"out_stock_days":0,"lost_sales":0,"has_location":null,"update_date":"2026-02-07T17:27:46","atum_locations":[],"atum_stock_status":"instock","restock_status":false,"low_stock_amount":"","sales_update_date":"2026-01-20T05:14:34","calc_backorders":null,"_links":{"self":[{"href":"https:\/\/aromasentia.com\/da\/wp-json\/wp\/v2\/product\/202210","targetHints":{"allow":["GET"]}}],"collection":[{"href":"https:\/\/aromasentia.com\/da\/wp-json\/wp\/v2\/product"}],"about":[{"href":"https:\/\/aromasentia.com\/da\/wp-json\/wp\/v2\/types\/product"}],"replies":[{"embeddable":true,"href":"https:\/\/aromasentia.com\/da\/wp-json\/wp\/v2\/comments?post=202210"}],"version-history":[{"count":0,"href":"https:\/\/aromasentia.com\/da\/wp-json\/wp\/v2\/product\/202210\/revisions"}],"wp:featuredmedia":[{"embeddable":true,"href":"https:\/\/aromasentia.com\/da\/wp-json\/wp\/v2\/media\/312786"}],"wp:attachment":[{"href":"https:\/\/aromasentia.com\/da\/wp-json\/wp\/v2\/media?parent=202210"}],"wp:term":[{"taxonomy":"product_brand","embeddable":true,"href":"https:\/\/aromasentia.com\/da\/wp-json\/wp\/v2\/product_brand?post=202210"},{"taxonomy":"product_cat","embeddable":true,"href":"https:\/\/aromasentia.com\/da\/wp-json\/wp\/v2\/product_cat?post=202210"},{"taxonomy":"product_tag","embeddable":true,"href":"https:\/\/aromasentia.com\/da\/wp-json\/wp\/v2\/product_tag?post=202210"}],"curies":[{"name":"wp","href":"https:\/\/api.w.org\/{rel}","templated":true}]}}