{"id":202206,"date":"2025-03-21T11:40:23","date_gmt":"2025-03-21T11:40:23","guid":{"rendered":"https:\/\/aromasentia.com\/product\/small-candle-stand-white-gold\/"},"modified":"2025-06-22T03:51:43","modified_gmt":"2025-06-22T03:51:43","slug":"lille-lysestage-hvidguld","status":"publish","type":"product","link":"https:\/\/aromasentia.com\/da\/lille-lysestage-hvidguld\/","title":{"rendered":"Lille Lysestage &#8211; Hvidguld"},"content":{"rendered":"<p>Vintage lysestager i tr\u00e6, perfekte, stilfulde h\u00e5ndlavede tr\u00e6stager. De er et blikfang og vil skille sig ud i ethvert hjem. Fremragende kvalitet og moderne design.<\/p>\n<p>Disse romantiske lysestager er lavet af b\u00e6redygtigt Albesia-tr\u00e6, h\u00e5ndsk\u00e5rne, udsmykkede lysestager, ideelle til kirkelys.<\/p>\n","protected":false},"excerpt":{"rendered":"<p>Vintage lysestager i tr\u00e6, perfekte, stilfulde h\u00e5ndlavede tr\u00e6stager. De er et blikfang og vil skille sig ud i ethvert hjem. Fremragende kvalitet og moderne design. Disse romantiske lysestager er lavet af b\u00e6redygtigt Albesia-tr\u00e6, h\u00e5ndsk\u00e5rne, udsmykkede lysestager, ideelle til kirkelys.<\/p>\n","protected":false},"featured_media":313067,"comment_status":"closed","ping_status":"open","template":"","meta":{"_angie_page":false},"product_brand":[],"product_cat":[6250,6251],"product_tag":[],"class_list":{"0":"post-202206","1":"product","2":"type-product","3":"status-publish","4":"has-post-thumbnail","6":"product_cat-lysestager","7":"product_cat-lysestager-og-stearinlys","8":"pa_collection-vintage-candle-stands-da","9":"pa_made-in-indonesien","11":"first","12":"instock","13":"purchasable","14":"product-type-simple"},"supplier_id":null,"supplier_sku":"Vinstics-03","barcode":null,"atum_controlled":true,"out_stock_date":null,"out_stock_threshold":null,"inheritable":false,"inbound_stock":null,"stock_on_hold":0,"sold_today":0,"sales_last_days":0,"reserved_stock":null,"customer_returns":null,"warehouse_damage":null,"lost_in_post":null,"other_logs":null,"out_stock_days":0,"lost_sales":0,"has_location":null,"update_date":"2026-04-27T07:26:15","atum_locations":[],"atum_stock_status":"instock","restock_status":false,"low_stock_amount":"","sales_update_date":"2025-09-05T00:22:22","calc_backorders":null,"_links":{"self":[{"href":"https:\/\/aromasentia.com\/da\/wp-json\/wp\/v2\/product\/202206","targetHints":{"allow":["GET"]}}],"collection":[{"href":"https:\/\/aromasentia.com\/da\/wp-json\/wp\/v2\/product"}],"about":[{"href":"https:\/\/aromasentia.com\/da\/wp-json\/wp\/v2\/types\/product"}],"replies":[{"embeddable":true,"href":"https:\/\/aromasentia.com\/da\/wp-json\/wp\/v2\/comments?post=202206"}],"version-history":[{"count":0,"href":"https:\/\/aromasentia.com\/da\/wp-json\/wp\/v2\/product\/202206\/revisions"}],"wp:featuredmedia":[{"embeddable":true,"href":"https:\/\/aromasentia.com\/da\/wp-json\/wp\/v2\/media\/313067"}],"wp:attachment":[{"href":"https:\/\/aromasentia.com\/da\/wp-json\/wp\/v2\/media?parent=202206"}],"wp:term":[{"taxonomy":"product_brand","embeddable":true,"href":"https:\/\/aromasentia.com\/da\/wp-json\/wp\/v2\/product_brand?post=202206"},{"taxonomy":"product_cat","embeddable":true,"href":"https:\/\/aromasentia.com\/da\/wp-json\/wp\/v2\/product_cat?post=202206"},{"taxonomy":"product_tag","embeddable":true,"href":"https:\/\/aromasentia.com\/da\/wp-json\/wp\/v2\/product_tag?post=202206"}],"curies":[{"name":"wp","href":"https:\/\/api.w.org\/{rel}","templated":true}]}}