{"id":202194,"date":"2025-03-21T11:41:09","date_gmt":"2025-03-21T11:41:09","guid":{"rendered":"https:\/\/aromasentia.com\/product\/wooden-birthday-number-no-8\/"},"modified":"2025-06-22T03:51:37","modified_gmt":"2025-06-22T03:51:37","slug":"foedselsdagsnummer-i-trae-nr-8","status":"publish","type":"product","link":"https:\/\/aromasentia.com\/da\/foedselsdagsnummer-i-trae-nr-8\/","title":{"rendered":"F\u00f8dselsdagsnummer I Tr\u00e6 &#8211; Nr. 8"},"content":{"rendered":"<p>Disse tr\u00e6tal er h\u00e5ndsk\u00e5ret af Albesia-tr\u00e6 i h\u00e5nden og hvidkalket for at give det et trendy look. En hel landsby p\u00e5 bredden af Agung-bjerget er ansat til at lave vores bestillinger.<\/p>\n<p>Jeg har fortalt jer om det s\u00f8de par, der driver denne forretning f\u00f8r. Han er landsbyens leder og glad for at holde hele sin landsby i arbejde.<\/p>\n<p>Hvorfor tal? Jeg bes\u00f8gte en gammel ven lidt tilbage, hvor han sad i hans stue og drak vin og talte om gamle dage. P\u00e5 en bogreol ved fjernsynet stod et smukt udsk\u00e5ret tal 60 omgivet af billeder fra hans 60-\u00e5rs f\u00f8dselsdagsfest.<\/p>\n<p>&#8220;Min kone lavede det til mig&#8221;, forklarede han. Sikke en fin gave, t\u00e6nkte jeg, og fik ideen til tr\u00e6tal. S\u00e5 t\u00e6nkte jeg, hvad nu hvis der var plads til et natlys \u00f8verst p\u00e5 bogstaverne.<\/p>\n<p>Fantastisk, nu kan bogstaverne bruges som en slags f\u00f8dselsdagskage &#8211; man kan puste lysene ud. De kunne endda st\u00e5 oven p\u00e5 en kage eller i et blomsterarrangement. En perfekt f\u00f8dselsdagsgave og ogs\u00e5 nyttig som en simpel og stilfuld lysestage.<\/p>\n","protected":false},"excerpt":{"rendered":"<p>Disse tr\u00e6tal er h\u00e5ndsk\u00e5ret af Albesia-tr\u00e6 i h\u00e5nden og hvidkalket for at give det et trendy look. En hel landsby p\u00e5 bredden af Agung-bjerget er ansat til at lave vores bestillinger. Jeg har fortalt jer om det s\u00f8de par, der driver denne forretning f\u00f8r. Han er landsbyens leder og glad for at holde hele sin [&hellip;]<\/p>\n","protected":false},"featured_media":313332,"comment_status":"closed","ping_status":"open","template":"","meta":{"_angie_page":false},"product_brand":[],"product_cat":[6251],"product_tag":[],"class_list":{"0":"post-202194","1":"product","2":"type-product","3":"status-publish","4":"has-post-thumbnail","6":"product_cat-lysestager-og-stearinlys","7":"pa_made-in-indonesien","9":"first","10":"instock","11":"purchasable","12":"product-type-simple"},"supplier_id":null,"supplier_sku":"WBN-08","barcode":null,"atum_controlled":true,"out_stock_date":null,"out_stock_threshold":null,"inheritable":false,"inbound_stock":null,"stock_on_hold":0,"sold_today":0,"sales_last_days":0,"reserved_stock":null,"customer_returns":null,"warehouse_damage":null,"lost_in_post":null,"other_logs":null,"out_stock_days":0,"lost_sales":0,"has_location":null,"update_date":"2026-04-27T07:26:52","atum_locations":[],"atum_stock_status":"instock","restock_status":false,"low_stock_amount":"","sales_update_date":"2025-09-05T00:22:24","calc_backorders":null,"_links":{"self":[{"href":"https:\/\/aromasentia.com\/da\/wp-json\/wp\/v2\/product\/202194","targetHints":{"allow":["GET"]}}],"collection":[{"href":"https:\/\/aromasentia.com\/da\/wp-json\/wp\/v2\/product"}],"about":[{"href":"https:\/\/aromasentia.com\/da\/wp-json\/wp\/v2\/types\/product"}],"replies":[{"embeddable":true,"href":"https:\/\/aromasentia.com\/da\/wp-json\/wp\/v2\/comments?post=202194"}],"version-history":[{"count":0,"href":"https:\/\/aromasentia.com\/da\/wp-json\/wp\/v2\/product\/202194\/revisions"}],"wp:featuredmedia":[{"embeddable":true,"href":"https:\/\/aromasentia.com\/da\/wp-json\/wp\/v2\/media\/313332"}],"wp:attachment":[{"href":"https:\/\/aromasentia.com\/da\/wp-json\/wp\/v2\/media?parent=202194"}],"wp:term":[{"taxonomy":"product_brand","embeddable":true,"href":"https:\/\/aromasentia.com\/da\/wp-json\/wp\/v2\/product_brand?post=202194"},{"taxonomy":"product_cat","embeddable":true,"href":"https:\/\/aromasentia.com\/da\/wp-json\/wp\/v2\/product_cat?post=202194"},{"taxonomy":"product_tag","embeddable":true,"href":"https:\/\/aromasentia.com\/da\/wp-json\/wp\/v2\/product_tag?post=202194"}],"curies":[{"name":"wp","href":"https:\/\/api.w.org\/{rel}","templated":true}]}}