{"id":202187,"date":"2025-03-21T11:42:30","date_gmt":"2025-03-21T11:42:30","guid":{"rendered":"https:\/\/aromasentia.com\/product\/zodiac-crystal-candle-with-gemstone-bracelet-gemini\/"},"modified":"2025-06-22T03:51:32","modified_gmt":"2025-06-22T03:51:32","slug":"stjernetegn-krystallys-armbaand-gemini","status":"publish","type":"product","link":"https:\/\/aromasentia.com\/da\/stjernetegn-krystallys-armbaand-gemini\/","title":{"rendered":"Stjernetegn Krystallys Armb\u00e5nd &#8211; Gemini"},"content":{"rendered":"<p><span style=\"color: rgb(75, 80, 88);\">Udlev Tvillingernes dynamiske og tilpasningsdygtige energi med dette stjernetegnskrystallys. Den unikke duft af orientalsk tiger\u00f8je bringer varme og balance og komplementerer perfekt den nysgerrige og livlige natur i dette lufttegn.<\/span><\/p>\n<p><span style=\"color: rgb(75, 80, 88);\"><strong>S\u00e6ttet indeholder et fantastisk armb\u00e5nd med \u00e6delstenssten lavet af citrin, rosenkvarts og m\u00e5nesten, valgt til at matche Tvillingernes alsidige kvaliteter:<\/strong><\/span><\/p>\n<p><span style=\"color: rgb(75, 80, 88);\"><strong>Citrin \u00f8ger kreativitet og selvtillid. Rosenkvarts fremmer k\u00e6rlighed, medf\u00f8lelse og harmoni. M\u00e5nesten forbedrer intuition og f\u00f8lelsesm\u00e6ssig balance.<\/strong><\/span><\/p>\n<p><span style=\"color: rgb(75, 80, 88);\">Denne livlige kombination af lys og armb\u00e5nd er en bet\u00e6nksom gave eller et perfekt supplement til dit eget selvplejeritual, der hj\u00e6lper Tvillingerne med at omfavne deres dobbelte natur.<\/span><\/p>\n<p><span style=\"color: rgb(75, 80, 88);\"><em><strong>Topnoter: Bergamot, Fersken<\/strong><\/em><\/span><\/p>\n<p><em><strong><span style=\"color: rgb(75, 80, 88);\">Hjertenoter: Appelsinblomst, Rose, Heliotrop, Lilje, Orkid\u00e9, Iris, Gardenia<\/span><\/strong><\/em><\/p>\n<p><span style=\"color: rgb(75, 80, 88);\"><strong><em>Basenoter: Cedertr\u00e6, Rav, Moskus, Vetiver, Mos, Benzoin<\/em><\/strong><\/span><\/p>\n","protected":false},"excerpt":{"rendered":"<p>Udlev Tvillingernes dynamiske og tilpasningsdygtige energi med dette stjernetegnskrystallys. Den unikke duft af orientalsk tiger\u00f8je bringer varme og balance og komplementerer perfekt den nysgerrige og livlige natur i dette lufttegn. S\u00e6ttet indeholder et fantastisk armb\u00e5nd med \u00e6delstenssten lavet af citrin, rosenkvarts og m\u00e5nesten, valgt til at matche Tvillingernes alsidige kvaliteter: Citrin \u00f8ger kreativitet og selvtillid. [&hellip;]<\/p>\n","protected":false},"featured_media":314087,"comment_status":"closed","ping_status":"open","template":"","meta":{"_angie_page":false},"product_brand":[],"product_cat":[25211,6251],"product_tag":[],"class_list":{"0":"post-202187","1":"product","2":"type-product","3":"status-publish","4":"has-post-thumbnail","6":"product_cat-armband-smykker-og-accessories","7":"product_cat-lysestager-og-stearinlys","8":"pa_collection-zodiac-crystal-candles-with-gemstone-bracelet-da","9":"pa_made-in-kina","11":"first","12":"instock","13":"purchasable","14":"product-type-simple"},"supplier_id":null,"supplier_sku":"ZCC-05","barcode":null,"atum_controlled":true,"out_stock_date":null,"out_stock_threshold":null,"inheritable":false,"inbound_stock":null,"stock_on_hold":0,"sold_today":0,"sales_last_days":0,"reserved_stock":null,"customer_returns":null,"warehouse_damage":null,"lost_in_post":null,"other_logs":null,"out_stock_days":0,"lost_sales":0,"has_location":null,"update_date":"2026-04-27T07:27:29","atum_locations":[],"atum_stock_status":"instock","restock_status":false,"low_stock_amount":"","sales_update_date":"2025-09-05T00:22:27","calc_backorders":null,"_links":{"self":[{"href":"https:\/\/aromasentia.com\/da\/wp-json\/wp\/v2\/product\/202187","targetHints":{"allow":["GET"]}}],"collection":[{"href":"https:\/\/aromasentia.com\/da\/wp-json\/wp\/v2\/product"}],"about":[{"href":"https:\/\/aromasentia.com\/da\/wp-json\/wp\/v2\/types\/product"}],"replies":[{"embeddable":true,"href":"https:\/\/aromasentia.com\/da\/wp-json\/wp\/v2\/comments?post=202187"}],"version-history":[{"count":0,"href":"https:\/\/aromasentia.com\/da\/wp-json\/wp\/v2\/product\/202187\/revisions"}],"wp:featuredmedia":[{"embeddable":true,"href":"https:\/\/aromasentia.com\/da\/wp-json\/wp\/v2\/media\/314087"}],"wp:attachment":[{"href":"https:\/\/aromasentia.com\/da\/wp-json\/wp\/v2\/media?parent=202187"}],"wp:term":[{"taxonomy":"product_brand","embeddable":true,"href":"https:\/\/aromasentia.com\/da\/wp-json\/wp\/v2\/product_brand?post=202187"},{"taxonomy":"product_cat","embeddable":true,"href":"https:\/\/aromasentia.com\/da\/wp-json\/wp\/v2\/product_cat?post=202187"},{"taxonomy":"product_tag","embeddable":true,"href":"https:\/\/aromasentia.com\/da\/wp-json\/wp\/v2\/product_tag?post=202187"}],"curies":[{"name":"wp","href":"https:\/\/api.w.org\/{rel}","templated":true}]}}