{"id":202186,"date":"2025-03-21T11:42:30","date_gmt":"2025-03-21T11:42:30","guid":{"rendered":"https:\/\/aromasentia.com\/product\/zodiac-crystal-candle-with-gemstone-bracelet-taurus\/"},"modified":"2025-06-22T03:51:32","modified_gmt":"2025-06-22T03:51:32","slug":"stjernetegn-krystallys-armbaand-tyren","status":"publish","type":"product","link":"https:\/\/aromasentia.com\/da\/stjernetegn-krystallys-armbaand-tyren\/","title":{"rendered":"Stjernetegn Krystallys Armb\u00e5nd &#8211; Tyren"},"content":{"rendered":"<p><span style=\"color: rgb(75, 80, 88);\">Omfavn Tyrens jordn\u00e6re og n\u00e6rende energi med dette stjernetegnskrystallys. Den rige, jordagtige duft af skovsmaragd og patchouli bringer en f\u00f8lelse af ro og forbindelse til naturen, perfekt egnet til dette standhaftige og harmoniske tegn.<\/span><\/p>\n<p><span style=\"color: rgb(75, 80, 88);\"><strong>S\u00e6ttet indeholder et smukt \u00e6delstensarmb\u00e5nd med lapis lazuli og mosagat, udvalgt til at fremh\u00e6ve Tyrens styrker:<\/strong><\/span><\/p>\n<p><span style=\"color: rgb(75, 80, 88);\">Lapis lazuli inspirerer visdom og indre fred. Mos agat fremmer v\u00e6kst og en dyb forbindelse til naturen.<\/span><\/p>\n<p><span style=\"color: rgb(75, 80, 88);\">Denne beroligende kombination af stearinlys og armb\u00e5nd er ideel til \u00f8jeblikke med selvpleje, meditation eller som en bet\u00e6nksom gave til Tyren i dit liv.<\/span><\/p>\n<p><span style=\"color: rgb(75, 80, 88);\"><em><strong>Topnoter: Bergamot, Olibanum, Cypres, Mynte, Basilikum.<\/strong><\/em><\/span><\/p>\n<p><em><strong><span style=\"color: rgb(75, 80, 88);\">Hjertenoter: Nellike, Verbena, Bregne.<\/span><\/strong><\/em><\/p>\n<p><span style=\"color: rgb(75, 80, 88);\"><strong><em>Basenoter: Patchouli, fl\u00f8jlstr\u00e6, tonka, benzoin, styrax, rav, l\u00e6der, mos, moskus, animalsk, labdanum<\/em><\/strong><\/span><\/p>\n","protected":false},"excerpt":{"rendered":"<p>Omfavn Tyrens jordn\u00e6re og n\u00e6rende energi med dette stjernetegnskrystallys. Den rige, jordagtige duft af skovsmaragd og patchouli bringer en f\u00f8lelse af ro og forbindelse til naturen, perfekt egnet til dette standhaftige og harmoniske tegn. S\u00e6ttet indeholder et smukt \u00e6delstensarmb\u00e5nd med lapis lazuli og mosagat, udvalgt til at fremh\u00e6ve Tyrens styrker: Lapis lazuli inspirerer visdom og [&hellip;]<\/p>\n","protected":false},"featured_media":314054,"comment_status":"closed","ping_status":"open","template":"","meta":{"_angie_page":false},"product_brand":[],"product_cat":[25211,6251],"product_tag":[],"class_list":{"0":"post-202186","1":"product","2":"type-product","3":"status-publish","4":"has-post-thumbnail","6":"product_cat-armband-smykker-og-accessories","7":"product_cat-lysestager-og-stearinlys","8":"pa_collection-zodiac-crystal-candles-with-gemstone-bracelet-da","9":"pa_made-in-kina","11":"first","12":"instock","13":"purchasable","14":"product-type-simple"},"supplier_id":null,"supplier_sku":"ZCC-04","barcode":null,"atum_controlled":true,"out_stock_date":null,"out_stock_threshold":null,"inheritable":false,"inbound_stock":null,"stock_on_hold":0,"sold_today":0,"sales_last_days":0,"reserved_stock":null,"customer_returns":null,"warehouse_damage":null,"lost_in_post":null,"other_logs":null,"out_stock_days":0,"lost_sales":0,"has_location":null,"update_date":"2026-04-27T07:27:29","atum_locations":[],"atum_stock_status":"instock","restock_status":false,"low_stock_amount":"","sales_update_date":"2025-09-05T00:22:27","calc_backorders":null,"_links":{"self":[{"href":"https:\/\/aromasentia.com\/da\/wp-json\/wp\/v2\/product\/202186","targetHints":{"allow":["GET"]}}],"collection":[{"href":"https:\/\/aromasentia.com\/da\/wp-json\/wp\/v2\/product"}],"about":[{"href":"https:\/\/aromasentia.com\/da\/wp-json\/wp\/v2\/types\/product"}],"replies":[{"embeddable":true,"href":"https:\/\/aromasentia.com\/da\/wp-json\/wp\/v2\/comments?post=202186"}],"version-history":[{"count":0,"href":"https:\/\/aromasentia.com\/da\/wp-json\/wp\/v2\/product\/202186\/revisions"}],"wp:featuredmedia":[{"embeddable":true,"href":"https:\/\/aromasentia.com\/da\/wp-json\/wp\/v2\/media\/314054"}],"wp:attachment":[{"href":"https:\/\/aromasentia.com\/da\/wp-json\/wp\/v2\/media?parent=202186"}],"wp:term":[{"taxonomy":"product_brand","embeddable":true,"href":"https:\/\/aromasentia.com\/da\/wp-json\/wp\/v2\/product_brand?post=202186"},{"taxonomy":"product_cat","embeddable":true,"href":"https:\/\/aromasentia.com\/da\/wp-json\/wp\/v2\/product_cat?post=202186"},{"taxonomy":"product_tag","embeddable":true,"href":"https:\/\/aromasentia.com\/da\/wp-json\/wp\/v2\/product_tag?post=202186"}],"curies":[{"name":"wp","href":"https:\/\/api.w.org\/{rel}","templated":true}]}}