{"id":202185,"date":"2025-03-21T11:42:30","date_gmt":"2025-03-21T11:42:30","guid":{"rendered":"https:\/\/aromasentia.com\/product\/zodiac-crystal-candle-with-gemstone-bracelet-aries\/"},"modified":"2025-06-22T03:51:32","modified_gmt":"2025-06-22T03:51:32","slug":"stjernetegn-krystallys-armbaand-vaedderen","status":"publish","type":"product","link":"https:\/\/aromasentia.com\/da\/stjernetegn-krystallys-armbaand-vaedderen\/","title":{"rendered":"Stjernetegn Krystallys Armb\u00e5nd &#8211; V\u00e6dderen"},"content":{"rendered":"<p><span style=\"color: rgb(75, 80, 88);\">Ant\u00e6nd V\u00e6dderens dristige og frygtl\u00f8se energi med dette stjernetegnskrystallys. Den forfriskende duft af Clear Quartz Freshness afspejler den dynamiske og selvsikre \u00e5nd i dette br\u00e6ndende tegn og skaber en opl\u00f8ftende atmosf\u00e6re til nye begyndelser.<\/span><\/p>\n<p><span style=\"color: rgb(75, 80, 88);\"><strong>S\u00e6ttet indeholder et kraftfuldt \u00e6delstensarmb\u00e5nd med r\u00f8d jaspis, blodsten og h\u00e6matit, omhyggeligt udvalgt til at st\u00f8tte V\u00e6dderen. styrke og beslutsomhed:<\/strong><\/span><\/p>\n<p><span style=\"color: rgb(75, 80, 88);\">R\u00f8d jaspis \u00f8ger mod og vitalitet. Blodsten forbedrer modstandsdygtighed og fokus. H\u00e6matit jorder energi og fremmer balance. Perfekt til at fejre V\u00e6dderens ustoppelige natur. Dette s\u00e6t med lys og armb\u00e5nd er en meningsfuld gave eller et personligt ritual for empowerment.<\/span><\/p>\n<p><span style=\"color: rgb(75, 80, 88);\"><em><strong>Topnoter: Fyr, Eukalyptus, Salvie, Timian, Havsalt, Ozon<\/strong><\/em><\/span><\/p>\n<p><span style=\"color: rgb(75, 80, 88);\"><em><strong>Hjertenoter: Rose, Lilje, Jasmin, Syren, Viol<\/strong><\/em><\/span><\/p>\n<p><span style=\"color: rgb(75, 80, 88);\"><strong><em>Basenoter: Cedertr\u00e6, Ambe<\/em><\/strong>r<\/span><\/p>\n","protected":false},"excerpt":{"rendered":"<p>Ant\u00e6nd V\u00e6dderens dristige og frygtl\u00f8se energi med dette stjernetegnskrystallys. Den forfriskende duft af Clear Quartz Freshness afspejler den dynamiske og selvsikre \u00e5nd i dette br\u00e6ndende tegn og skaber en opl\u00f8ftende atmosf\u00e6re til nye begyndelser. S\u00e6ttet indeholder et kraftfuldt \u00e6delstensarmb\u00e5nd med r\u00f8d jaspis, blodsten og h\u00e6matit, omhyggeligt udvalgt til at st\u00f8tte V\u00e6dderen. styrke og beslutsomhed: R\u00f8d [&hellip;]<\/p>\n","protected":false},"featured_media":314021,"comment_status":"closed","ping_status":"open","template":"","meta":{"_angie_page":false},"product_brand":[],"product_cat":[25211,6251],"product_tag":[],"class_list":{"0":"post-202185","1":"product","2":"type-product","3":"status-publish","4":"has-post-thumbnail","6":"product_cat-armband-smykker-og-accessories","7":"product_cat-lysestager-og-stearinlys","8":"pa_collection-zodiac-crystal-candles-with-gemstone-bracelet-da","9":"pa_made-in-kina","11":"first","12":"instock","13":"purchasable","14":"product-type-simple"},"supplier_id":null,"supplier_sku":"ZCC-03","barcode":null,"atum_controlled":true,"out_stock_date":null,"out_stock_threshold":null,"inheritable":false,"inbound_stock":null,"stock_on_hold":0,"sold_today":0,"sales_last_days":0,"reserved_stock":null,"customer_returns":null,"warehouse_damage":null,"lost_in_post":null,"other_logs":null,"out_stock_days":0,"lost_sales":0,"has_location":null,"update_date":"2026-04-27T07:27:29","atum_locations":[],"atum_stock_status":"instock","restock_status":false,"low_stock_amount":"","sales_update_date":"2025-09-05T00:22:27","calc_backorders":null,"_links":{"self":[{"href":"https:\/\/aromasentia.com\/da\/wp-json\/wp\/v2\/product\/202185","targetHints":{"allow":["GET"]}}],"collection":[{"href":"https:\/\/aromasentia.com\/da\/wp-json\/wp\/v2\/product"}],"about":[{"href":"https:\/\/aromasentia.com\/da\/wp-json\/wp\/v2\/types\/product"}],"replies":[{"embeddable":true,"href":"https:\/\/aromasentia.com\/da\/wp-json\/wp\/v2\/comments?post=202185"}],"version-history":[{"count":0,"href":"https:\/\/aromasentia.com\/da\/wp-json\/wp\/v2\/product\/202185\/revisions"}],"wp:featuredmedia":[{"embeddable":true,"href":"https:\/\/aromasentia.com\/da\/wp-json\/wp\/v2\/media\/314021"}],"wp:attachment":[{"href":"https:\/\/aromasentia.com\/da\/wp-json\/wp\/v2\/media?parent=202185"}],"wp:term":[{"taxonomy":"product_brand","embeddable":true,"href":"https:\/\/aromasentia.com\/da\/wp-json\/wp\/v2\/product_brand?post=202185"},{"taxonomy":"product_cat","embeddable":true,"href":"https:\/\/aromasentia.com\/da\/wp-json\/wp\/v2\/product_cat?post=202185"},{"taxonomy":"product_tag","embeddable":true,"href":"https:\/\/aromasentia.com\/da\/wp-json\/wp\/v2\/product_tag?post=202185"}],"curies":[{"name":"wp","href":"https:\/\/api.w.org\/{rel}","templated":true}]}}