{"id":202184,"date":"2025-03-21T11:42:30","date_gmt":"2025-03-21T11:42:30","guid":{"rendered":"https:\/\/aromasentia.com\/product\/zodiac-crystal-candle-with-gemstone-bracelet-pisces\/"},"modified":"2025-06-22T03:51:31","modified_gmt":"2025-06-22T03:51:31","slug":"stjernetegn-krystallys-armbaand-fiskene","status":"publish","type":"product","link":"https:\/\/aromasentia.com\/da\/stjernetegn-krystallys-armbaand-fiskene\/","title":{"rendered":"Stjernetegn Krystallys Armb\u00e5nd &#8211; Fiskene"},"content":{"rendered":"<p><span style=\"color: rgb(75, 80, 88);\">Dyk ned i Fiskenes dr\u00f8mmende og intuitive verden med dette stjernetegnskrystallys. Dens beroligende duft af akvamarin og himmelsk r\u00f8g skaber en beroligende, overjordisk atmosf\u00e6re, perfekt til dette medf\u00f8lende og kreative tegn.<\/span><\/p>\n<p><span style=\"color: rgb(75, 80, 88);\"><strong>S\u00e6ttet indeholder et delikat \u00e6delstensarmb\u00e5nd lavet med m\u00e5nesten, turkis og akvamarin, udvalgt til at resonere med Fiskene blid og spirituel natur:<\/strong><\/span><\/p>\n<p><span style=\"color: rgb(75, 80, 88);\">M\u00e5nesten forst\u00e6rker intuition og f\u00f8lelsesm\u00e6ssig balance. Turkis fremmer heling og selvudfoldelse. Akvamarin fremmer ro og klarhed.<\/span><\/p>\n<p><span style=\"color: rgb(75, 80, 88);\">Denne magiske kombination af stearinlys og armb\u00e5nd er ideel til selvpleje, meditation eller som en meningsfuld gave til Fiskene.<\/span><\/p>\n<p><span style=\"color: rgb(75, 80, 88);\"><em><strong>Topnoter: Citron, Bergamot, Pink Peber.<\/strong><\/em><\/span><\/p>\n<p><em><strong><span style=\"color: rgb(75, 80, 88);\">Hjertenoter: Viol, Jasmin, Patchouli.<\/span><\/strong><\/em><\/p>\n<p><span style=\"color: rgb(75, 80, 88);\"><strong><em>Basenoter: Tonka, ruskind, rav, moskus, vanilje<\/em><\/strong><\/span><\/p>\n","protected":false},"excerpt":{"rendered":"<p>Dyk ned i Fiskenes dr\u00f8mmende og intuitive verden med dette stjernetegnskrystallys. Dens beroligende duft af akvamarin og himmelsk r\u00f8g skaber en beroligende, overjordisk atmosf\u00e6re, perfekt til dette medf\u00f8lende og kreative tegn. S\u00e6ttet indeholder et delikat \u00e6delstensarmb\u00e5nd lavet med m\u00e5nesten, turkis og akvamarin, udvalgt til at resonere med Fiskene blid og spirituel natur: M\u00e5nesten forst\u00e6rker intuition [&hellip;]<\/p>\n","protected":false},"featured_media":313988,"comment_status":"closed","ping_status":"open","template":"","meta":{"_angie_page":false},"product_brand":[],"product_cat":[25211,6251],"product_tag":[],"class_list":{"0":"post-202184","1":"product","2":"type-product","3":"status-publish","4":"has-post-thumbnail","6":"product_cat-armband-smykker-og-accessories","7":"product_cat-lysestager-og-stearinlys","8":"pa_collection-zodiac-crystal-candles-with-gemstone-bracelet-da","9":"pa_made-in-kina","11":"first","12":"instock","13":"purchasable","14":"product-type-simple"},"supplier_id":null,"supplier_sku":"ZCC-02","barcode":null,"atum_controlled":true,"out_stock_date":null,"out_stock_threshold":null,"inheritable":false,"inbound_stock":null,"stock_on_hold":0,"sold_today":0,"sales_last_days":0,"reserved_stock":null,"customer_returns":null,"warehouse_damage":null,"lost_in_post":null,"other_logs":null,"out_stock_days":0,"lost_sales":0,"has_location":null,"update_date":"2026-04-28T18:50:50","atum_locations":[],"atum_stock_status":"instock","restock_status":false,"low_stock_amount":"","sales_update_date":"2025-09-05T00:22:27","calc_backorders":null,"_links":{"self":[{"href":"https:\/\/aromasentia.com\/da\/wp-json\/wp\/v2\/product\/202184","targetHints":{"allow":["GET"]}}],"collection":[{"href":"https:\/\/aromasentia.com\/da\/wp-json\/wp\/v2\/product"}],"about":[{"href":"https:\/\/aromasentia.com\/da\/wp-json\/wp\/v2\/types\/product"}],"replies":[{"embeddable":true,"href":"https:\/\/aromasentia.com\/da\/wp-json\/wp\/v2\/comments?post=202184"}],"version-history":[{"count":0,"href":"https:\/\/aromasentia.com\/da\/wp-json\/wp\/v2\/product\/202184\/revisions"}],"wp:featuredmedia":[{"embeddable":true,"href":"https:\/\/aromasentia.com\/da\/wp-json\/wp\/v2\/media\/313988"}],"wp:attachment":[{"href":"https:\/\/aromasentia.com\/da\/wp-json\/wp\/v2\/media?parent=202184"}],"wp:term":[{"taxonomy":"product_brand","embeddable":true,"href":"https:\/\/aromasentia.com\/da\/wp-json\/wp\/v2\/product_brand?post=202184"},{"taxonomy":"product_cat","embeddable":true,"href":"https:\/\/aromasentia.com\/da\/wp-json\/wp\/v2\/product_cat?post=202184"},{"taxonomy":"product_tag","embeddable":true,"href":"https:\/\/aromasentia.com\/da\/wp-json\/wp\/v2\/product_tag?post=202184"}],"curies":[{"name":"wp","href":"https:\/\/api.w.org\/{rel}","templated":true}]}}