{"id":202183,"date":"2025-03-21T11:42:30","date_gmt":"2025-03-21T11:42:30","guid":{"rendered":"https:\/\/aromasentia.com\/product\/zodiac-crystal-candle-with-gemstone-bracelet-aquarious\/"},"modified":"2025-06-22T03:51:31","modified_gmt":"2025-06-22T03:51:31","slug":"stjernetegn-krystallys-armbaand-aquarious","status":"publish","type":"product","link":"https:\/\/aromasentia.com\/da\/stjernetegn-krystallys-armbaand-aquarious\/","title":{"rendered":"Stjernetegn Krystallys Armb\u00e5nd &#8211; Aquarious"},"content":{"rendered":"<p><span style=\"color: rgb(75, 80, 88);\">Fejr Vandmandens vision\u00e6re \u00e5nd med dette stjernetegnskrystallys. Beriget med den beroligende duft af ametystkrystal og rav skaber det en rolig og inspirerende atmosf\u00e6re. N\u00e5r lyset br\u00e6nder, dukker der glitrende \u00e6delsten op, der forst\u00e6rker forbindelsen til Vandmandens energi.<\/span><\/p>\n<p><span style=\"color: rgb(75, 80, 88);\"><strong>S\u00e6ttet indeholder et \u00e6delstensarmb\u00e5nd lavet af ametyst, lapis lazuli og h\u00e6matit. Hver sten er omhyggeligt udvalgt for at stemme overens med Vandmandens styrker:<\/strong><\/span><\/p>\n<p><span style=\"color: rgb(75, 80, 88);\">Ametyst forst\u00e6rker intuition og spirituel v\u00e6kst. Lapis lazuli opmuntrer til visdom og selvudfoldelse. H\u00e6matit giver jordforbindelse og fokus.<\/span><\/p>\n<p><span style=\"color: rgb(75, 80, 88);\">Denne unikke kombination af lys og armb\u00e5nd er perfekt til f\u00f8dselsdage, selvplejeritualer eller som en bet\u00e6nksom stjernetegnsinspireret gave.<\/span><\/p>\n<p><span style=\"color: rgb(75, 80, 88);\"><em><strong>Topnoter: Solb\u00e6r, Mandarin.<\/strong><\/em><\/span><\/p>\n<p><em><strong><span style=\"color: rgb(75, 80, 88);\">Hjertenoter: Lavendel, R\u00f8de B\u00e6r, Rose.<\/span><\/strong><\/em><\/p>\n<p><span style=\"color: rgb(75, 80, 88);\"><strong><em>Basenoter: Sandeltr\u00e6, Rav<\/em><\/strong><\/span><\/p>\n","protected":false},"excerpt":{"rendered":"<p>Fejr Vandmandens vision\u00e6re \u00e5nd med dette stjernetegnskrystallys. Beriget med den beroligende duft af ametystkrystal og rav skaber det en rolig og inspirerende atmosf\u00e6re. N\u00e5r lyset br\u00e6nder, dukker der glitrende \u00e6delsten op, der forst\u00e6rker forbindelsen til Vandmandens energi. S\u00e6ttet indeholder et \u00e6delstensarmb\u00e5nd lavet af ametyst, lapis lazuli og h\u00e6matit. Hver sten er omhyggeligt udvalgt for at [&hellip;]<\/p>\n","protected":false},"featured_media":313955,"comment_status":"closed","ping_status":"open","template":"","meta":{"_angie_page":false},"product_brand":[],"product_cat":[25211,6251],"product_tag":[],"class_list":{"0":"post-202183","1":"product","2":"type-product","3":"status-publish","4":"has-post-thumbnail","6":"product_cat-armband-smykker-og-accessories","7":"product_cat-lysestager-og-stearinlys","8":"pa_collection-zodiac-crystal-candles-with-gemstone-bracelet-da","9":"pa_made-in-kina","11":"first","12":"instock","13":"purchasable","14":"product-type-simple"},"supplier_id":null,"supplier_sku":"ZCC-01","barcode":null,"atum_controlled":true,"out_stock_date":null,"out_stock_threshold":null,"inheritable":false,"inbound_stock":null,"stock_on_hold":0,"sold_today":0,"sales_last_days":0,"reserved_stock":null,"customer_returns":null,"warehouse_damage":null,"lost_in_post":null,"other_logs":null,"out_stock_days":0,"lost_sales":0,"has_location":null,"update_date":"2026-04-29T01:07:01","atum_locations":[],"atum_stock_status":"instock","restock_status":false,"low_stock_amount":"","sales_update_date":"2025-09-05T00:22:27","calc_backorders":null,"_links":{"self":[{"href":"https:\/\/aromasentia.com\/da\/wp-json\/wp\/v2\/product\/202183","targetHints":{"allow":["GET"]}}],"collection":[{"href":"https:\/\/aromasentia.com\/da\/wp-json\/wp\/v2\/product"}],"about":[{"href":"https:\/\/aromasentia.com\/da\/wp-json\/wp\/v2\/types\/product"}],"replies":[{"embeddable":true,"href":"https:\/\/aromasentia.com\/da\/wp-json\/wp\/v2\/comments?post=202183"}],"version-history":[{"count":0,"href":"https:\/\/aromasentia.com\/da\/wp-json\/wp\/v2\/product\/202183\/revisions"}],"wp:featuredmedia":[{"embeddable":true,"href":"https:\/\/aromasentia.com\/da\/wp-json\/wp\/v2\/media\/313955"}],"wp:attachment":[{"href":"https:\/\/aromasentia.com\/da\/wp-json\/wp\/v2\/media?parent=202183"}],"wp:term":[{"taxonomy":"product_brand","embeddable":true,"href":"https:\/\/aromasentia.com\/da\/wp-json\/wp\/v2\/product_brand?post=202183"},{"taxonomy":"product_cat","embeddable":true,"href":"https:\/\/aromasentia.com\/da\/wp-json\/wp\/v2\/product_cat?post=202183"},{"taxonomy":"product_tag","embeddable":true,"href":"https:\/\/aromasentia.com\/da\/wp-json\/wp\/v2\/product_tag?post=202183"}],"curies":[{"name":"wp","href":"https:\/\/api.w.org\/{rel}","templated":true}]}}