{"id":202178,"date":"2025-03-21T11:42:30","date_gmt":"2025-03-21T11:42:30","guid":{"rendered":"https:\/\/aromasentia.com\/product\/white-label-soy-wax-jar-candle-so-delicious\/"},"modified":"2025-06-22T03:51:27","modified_gmt":"2025-06-22T03:51:27","slug":"white-label-soy-wax-lys-i-krukke-so-delicious","status":"publish","type":"product","link":"https:\/\/aromasentia.com\/da\/white-label-soy-wax-lys-i-krukke-so-delicious\/","title":{"rendered":"White Label Soy Wax Lys i Krukke &#8211; So Delicious"},"content":{"rendered":"<p>Dit brand fortjener at v\u00e6re overalt! Stearinlys er et tidl\u00f8st, dekorativt stykke, der har evnen til at promovere dit brand, din id\u00e9 eller dit engagement og forbedre din sag. Derfor introducerer vi den nye serie af White Label Soy Wax-lys, der hj\u00e6lper dig med at lave dine egne brandede\/m\u00e6rkede lys uden at bruge penge.<\/p>\n<p>Nu kan du designe dine egne lys til din butik, restaurant, bar, B&#038;B eller enhver anden s\u00e6rlig lejlighed til dem, du elsker eller holder af. Eller til enhver, du kan komme i tanke om. Uanset om det er til et bryllup, Valentinsdag, jul eller bare en kundegave, vil et private label-lys f\u00e5 modtageren til at t\u00e6nke p\u00e5 dig eller den s\u00e6rlige dag, hver gang de t\u00e6nder v\u00e6gen.<\/p>\n<p>Disse personlige sojavokslys leveres i store genbrugsglas med et specielt st\u00f8vd\u00e6ksel og en advarselsetiket i bunden med stregkoden. Du skal blot tilf\u00f8je dit logo eller design, og g\u00f8re dem til dine egne. V\u00e6r kreativ.<\/p>\n<p>Disse dejlige sojavokslys kan hj\u00e6lpe dig med at skabe et f\u00f8rsteklasses lys til dine kunder til en rimelig pris.<br \/>Br\u00e6ndetid 30-35 timer H: 8 cm, B: 7 cm, D: 7 cm &nbsp;<\/p>\n<p><strong>S\u00e5 tag din h\u00e5ndv\u00e6rkerhat p\u00e5, personligg\u00f8r dit eget lys og t\u00e6nd et par ekstra tilbud. Bestil i dag!<\/strong><\/p>\n","protected":false},"excerpt":{"rendered":"<p>Dit brand fortjener at v\u00e6re overalt! Stearinlys er et tidl\u00f8st, dekorativt stykke, der har evnen til at promovere dit brand, din id\u00e9 eller dit engagement og forbedre din sag. Derfor introducerer vi den nye serie af White Label Soy Wax-lys, der hj\u00e6lper dig med at lave dine egne brandede\/m\u00e6rkede lys uden at bruge penge. Nu [&hellip;]<\/p>\n","protected":false},"featured_media":313758,"comment_status":"closed","ping_status":"open","template":"","meta":[],"product_brand":[],"product_cat":[7925,6251,7926],"product_tag":[],"class_list":{"0":"post-202178","1":"product","2":"type-product","3":"status-publish","4":"has-post-thumbnail","6":"product_cat-duftlys","7":"product_cat-lysestager-og-stearinlys","8":"product_cat-soja-duftlys","9":"pa_collection-white-label-unbranded-soy-wax-jar-candles-da","10":"pa_made-in-kina","12":"first","13":"outofstock","14":"purchasable","15":"product-type-simple"},"supplier_id":null,"supplier_sku":"WLSoyC-08","barcode":null,"atum_controlled":true,"out_stock_date":"2025-10-09 12:42:28","out_stock_threshold":null,"inheritable":false,"inbound_stock":null,"stock_on_hold":0,"sold_today":0,"sales_last_days":0,"reserved_stock":null,"customer_returns":null,"warehouse_damage":null,"lost_in_post":null,"other_logs":null,"out_stock_days":112,"lost_sales":0,"has_location":null,"update_date":"2026-01-30T01:25:12","atum_locations":[],"atum_stock_status":"outofstock","restock_status":false,"low_stock_amount":"","sales_update_date":"2026-01-30T01:25:12","calc_backorders":null,"_links":{"self":[{"href":"https:\/\/aromasentia.com\/da\/wp-json\/wp\/v2\/product\/202178","targetHints":{"allow":["GET"]}}],"collection":[{"href":"https:\/\/aromasentia.com\/da\/wp-json\/wp\/v2\/product"}],"about":[{"href":"https:\/\/aromasentia.com\/da\/wp-json\/wp\/v2\/types\/product"}],"replies":[{"embeddable":true,"href":"https:\/\/aromasentia.com\/da\/wp-json\/wp\/v2\/comments?post=202178"}],"version-history":[{"count":0,"href":"https:\/\/aromasentia.com\/da\/wp-json\/wp\/v2\/product\/202178\/revisions"}],"wp:featuredmedia":[{"embeddable":true,"href":"https:\/\/aromasentia.com\/da\/wp-json\/wp\/v2\/media\/313758"}],"wp:attachment":[{"href":"https:\/\/aromasentia.com\/da\/wp-json\/wp\/v2\/media?parent=202178"}],"wp:term":[{"taxonomy":"product_brand","embeddable":true,"href":"https:\/\/aromasentia.com\/da\/wp-json\/wp\/v2\/product_brand?post=202178"},{"taxonomy":"product_cat","embeddable":true,"href":"https:\/\/aromasentia.com\/da\/wp-json\/wp\/v2\/product_cat?post=202178"},{"taxonomy":"product_tag","embeddable":true,"href":"https:\/\/aromasentia.com\/da\/wp-json\/wp\/v2\/product_tag?post=202178"}],"curies":[{"name":"wp","href":"https:\/\/api.w.org\/{rel}","templated":true}]}}