{"id":202174,"date":"2025-03-21T11:43:56","date_gmt":"2025-03-21T11:43:56","guid":{"rendered":"https:\/\/aromasentia.com\/product\/zodiac-crystal-candle-with-gemstone-bracelet-capricorn\/"},"modified":"2025-06-22T03:51:26","modified_gmt":"2025-06-22T03:51:26","slug":"stjernetegn-krystallys-armbaand-stenbuk","status":"publish","type":"product","link":"https:\/\/aromasentia.com\/da\/stjernetegn-krystallys-armbaand-stenbuk\/","title":{"rendered":"Stjernetegn Krystallys Armb\u00e5nd &#8211; Stenbuk"},"content":{"rendered":"<p><span style=\"color: rgb(75, 80, 88);\">Legemligg\u00f8r Stenbukkens disciplinerede og ambiti\u00f8se energi med dette stjernetegnskrystallys. Den sofistikerede duft af Glaze Lapis Lazuli skaber en rolig og jordn\u00e6r atmosf\u00e6re, der perfekt afspejler Stenbukkens praktiske og beslutsomme natur.<\/span><\/p>\n<p><span style=\"color: rgb(75, 80, 88);\"><strong>S\u00e6ttet indeholder et armb\u00e5nd med \u00e6delstenssten lavet af ametyst og r\u00f8gkvarts, udvalgt til at underst\u00f8tte Stenbukkens styrke og fokus:<\/strong><\/span><\/p>\n<p><span style=\"color: rgb(75, 80, 88);\"><strong>Ametyst fremmer klarhed og spirituel indsigt. R\u00f8gkvarts tilbyder jordn\u00e6rhed og beskyttelse.<\/strong><\/span><\/p>\n<p><span style=\"color: rgb(75, 80, 88);\">Denne elegante kombination af stearinlys og armb\u00e5nd er ideel til selvrefleksion, fokus eller som en meningsfuld gave til en Stenbuk.<\/span><\/p>\n<p><span style=\"color: rgb(75, 80, 88);\"><strong><em>Topnoter: Kokos, Hindb\u00e6r, P\u00e6re<\/em><\/strong><\/span><\/p>\n<p><span style=\"color: rgb(75, 80, 88);\"><strong><em>Hjertenoter: Rose, Jasmin, Lilje<\/em><\/strong><\/span><\/p>\n<p><em><strong><span style=\"color: rgb(75, 80, 88);\">Basenoter: Macaron, Sukker, Rav, Moskus, Sandeltr\u00e6<\/span><\/strong><\/em><\/p>\n","protected":false},"excerpt":{"rendered":"<p>Legemligg\u00f8r Stenbukkens disciplinerede og ambiti\u00f8se energi med dette stjernetegnskrystallys. Den sofistikerede duft af Glaze Lapis Lazuli skaber en rolig og jordn\u00e6r atmosf\u00e6re, der perfekt afspejler Stenbukkens praktiske og beslutsomme natur. S\u00e6ttet indeholder et armb\u00e5nd med \u00e6delstenssten lavet af ametyst og r\u00f8gkvarts, udvalgt til at underst\u00f8tte Stenbukkens styrke og fokus: Ametyst fremmer klarhed og spirituel indsigt. [&hellip;]<\/p>\n","protected":false},"featured_media":314294,"comment_status":"closed","ping_status":"open","template":"","meta":{"_angie_page":false},"product_brand":[],"product_cat":[25211,6251],"product_tag":[],"class_list":{"0":"post-202174","1":"product","2":"type-product","3":"status-publish","4":"has-post-thumbnail","6":"product_cat-armband-smykker-og-accessories","7":"product_cat-lysestager-og-stearinlys","8":"pa_collection-zodiac-crystal-candles-with-gemstone-bracelet-da","9":"pa_made-in-kina","11":"first","12":"instock","13":"purchasable","14":"product-type-simple"},"supplier_id":null,"supplier_sku":"ZCC-12","barcode":null,"atum_controlled":true,"out_stock_date":null,"out_stock_threshold":null,"inheritable":false,"inbound_stock":null,"stock_on_hold":0,"sold_today":0,"sales_last_days":0,"reserved_stock":null,"customer_returns":null,"warehouse_damage":null,"lost_in_post":null,"other_logs":null,"out_stock_days":0,"lost_sales":0,"has_location":null,"update_date":"2026-04-27T07:27:36","atum_locations":[],"atum_stock_status":"instock","restock_status":false,"low_stock_amount":"","sales_update_date":"2025-09-05T00:22:28","calc_backorders":null,"_links":{"self":[{"href":"https:\/\/aromasentia.com\/da\/wp-json\/wp\/v2\/product\/202174","targetHints":{"allow":["GET"]}}],"collection":[{"href":"https:\/\/aromasentia.com\/da\/wp-json\/wp\/v2\/product"}],"about":[{"href":"https:\/\/aromasentia.com\/da\/wp-json\/wp\/v2\/types\/product"}],"replies":[{"embeddable":true,"href":"https:\/\/aromasentia.com\/da\/wp-json\/wp\/v2\/comments?post=202174"}],"version-history":[{"count":0,"href":"https:\/\/aromasentia.com\/da\/wp-json\/wp\/v2\/product\/202174\/revisions"}],"wp:featuredmedia":[{"embeddable":true,"href":"https:\/\/aromasentia.com\/da\/wp-json\/wp\/v2\/media\/314294"}],"wp:attachment":[{"href":"https:\/\/aromasentia.com\/da\/wp-json\/wp\/v2\/media?parent=202174"}],"wp:term":[{"taxonomy":"product_brand","embeddable":true,"href":"https:\/\/aromasentia.com\/da\/wp-json\/wp\/v2\/product_brand?post=202174"},{"taxonomy":"product_cat","embeddable":true,"href":"https:\/\/aromasentia.com\/da\/wp-json\/wp\/v2\/product_cat?post=202174"},{"taxonomy":"product_tag","embeddable":true,"href":"https:\/\/aromasentia.com\/da\/wp-json\/wp\/v2\/product_tag?post=202174"}],"curies":[{"name":"wp","href":"https:\/\/api.w.org\/{rel}","templated":true}]}}