{"id":202173,"date":"2025-03-21T11:43:56","date_gmt":"2025-03-21T11:43:56","guid":{"rendered":"https:\/\/aromasentia.com\/product\/zodiac-crystal-candle-with-gemstone-bracelet-sagittarius\/"},"modified":"2025-06-22T03:51:25","modified_gmt":"2025-06-22T03:51:25","slug":"stjernetegn-krystallys-armbaand-skytten","status":"publish","type":"product","link":"https:\/\/aromasentia.com\/da\/stjernetegn-krystallys-armbaand-skytten\/","title":{"rendered":"Stjernetegn Krystallys Armb\u00e5nd &#8211; Skytten"},"content":{"rendered":"<p>Omfavn Skyttens eventyrlystne og frisindede energi med dette stjernetegns krystallys. Den friske og forfriskende duft af turkis duft skaber en opl\u00f8ftende atmosf\u00e6re, der afspejler optimismen og rejselysten hos dette ildtegn.<\/p>\n<p><strong>S\u00e6ttet indeholder et \u00e6delstensarmb\u00e5nd lavet med ametyst, sodalit og sort obsidian, valgt til at resonere med Skytten. nysgerrig og ekspansiv natur:<\/strong><\/p>\n<p>Ametyst forst\u00e6rker spirituel v\u00e6kst og klarhed. Sodalit fremmer sandhed og kommunikation. Sort obsidian tilbyder beskyttelse og jordforbindelse.<\/p>\n<p>Denne livlige kombination af stearinlys og armb\u00e5nd er perfekt til dem, der s\u00f8ger inspiration, eventyr eller som en bet\u00e6nksom gave til Skytten.<\/p>\n<p><em><strong>Topnoter: Citron, Bergamot, Grapefrugt, Appelsin.<\/strong><\/em><\/p>\n<p><em><strong>Hjertenoter: Jasmin, Rose, Ozoniske noter.<\/strong><\/em><\/p>\n<p><strong><em>Basenoter: Rav, Moskus, Cedertr\u00e6, Sandeltr\u00e6.<\/em><\/strong><\/p>\n","protected":false},"excerpt":{"rendered":"<p>Omfavn Skyttens eventyrlystne og frisindede energi med dette stjernetegns krystallys. Den friske og forfriskende duft af turkis duft skaber en opl\u00f8ftende atmosf\u00e6re, der afspejler optimismen og rejselysten hos dette ildtegn. S\u00e6ttet indeholder et \u00e6delstensarmb\u00e5nd lavet med ametyst, sodalit og sort obsidian, valgt til at resonere med Skytten. nysgerrig og ekspansiv natur: Ametyst forst\u00e6rker spirituel v\u00e6kst [&hellip;]<\/p>\n","protected":false},"featured_media":314261,"comment_status":"closed","ping_status":"open","template":"","meta":{"_angie_page":false},"product_brand":[],"product_cat":[25211,6251],"product_tag":[],"class_list":{"0":"post-202173","1":"product","2":"type-product","3":"status-publish","4":"has-post-thumbnail","6":"product_cat-armband-smykker-og-accessories","7":"product_cat-lysestager-og-stearinlys","8":"pa_collection-zodiac-crystal-candles-with-gemstone-bracelet-da","9":"pa_made-in-kina","11":"first","12":"instock","13":"purchasable","14":"product-type-simple"},"supplier_id":null,"supplier_sku":"ZCC-11","barcode":null,"atum_controlled":true,"out_stock_date":null,"out_stock_threshold":null,"inheritable":false,"inbound_stock":null,"stock_on_hold":0,"sold_today":0,"sales_last_days":0,"reserved_stock":null,"customer_returns":null,"warehouse_damage":null,"lost_in_post":null,"other_logs":null,"out_stock_days":0,"lost_sales":0,"has_location":null,"update_date":"2026-04-27T07:27:30","atum_locations":[],"atum_stock_status":"instock","restock_status":false,"low_stock_amount":"","sales_update_date":"2025-09-05T00:22:28","calc_backorders":null,"_links":{"self":[{"href":"https:\/\/aromasentia.com\/da\/wp-json\/wp\/v2\/product\/202173","targetHints":{"allow":["GET"]}}],"collection":[{"href":"https:\/\/aromasentia.com\/da\/wp-json\/wp\/v2\/product"}],"about":[{"href":"https:\/\/aromasentia.com\/da\/wp-json\/wp\/v2\/types\/product"}],"replies":[{"embeddable":true,"href":"https:\/\/aromasentia.com\/da\/wp-json\/wp\/v2\/comments?post=202173"}],"version-history":[{"count":0,"href":"https:\/\/aromasentia.com\/da\/wp-json\/wp\/v2\/product\/202173\/revisions"}],"wp:featuredmedia":[{"embeddable":true,"href":"https:\/\/aromasentia.com\/da\/wp-json\/wp\/v2\/media\/314261"}],"wp:attachment":[{"href":"https:\/\/aromasentia.com\/da\/wp-json\/wp\/v2\/media?parent=202173"}],"wp:term":[{"taxonomy":"product_brand","embeddable":true,"href":"https:\/\/aromasentia.com\/da\/wp-json\/wp\/v2\/product_brand?post=202173"},{"taxonomy":"product_cat","embeddable":true,"href":"https:\/\/aromasentia.com\/da\/wp-json\/wp\/v2\/product_cat?post=202173"},{"taxonomy":"product_tag","embeddable":true,"href":"https:\/\/aromasentia.com\/da\/wp-json\/wp\/v2\/product_tag?post=202173"}],"curies":[{"name":"wp","href":"https:\/\/api.w.org\/{rel}","templated":true}]}}