{"id":202172,"date":"2025-03-21T11:43:56","date_gmt":"2025-03-21T11:43:56","guid":{"rendered":"https:\/\/aromasentia.com\/product\/zodiac-crystal-candle-with-gemstone-bracelet-scorpio\/"},"modified":"2025-06-22T03:51:25","modified_gmt":"2025-06-22T03:51:25","slug":"stjernetegn-krystallys-armbaand-skorpionen","status":"publish","type":"product","link":"https:\/\/aromasentia.com\/da\/stjernetegn-krystallys-armbaand-skorpionen\/","title":{"rendered":"Stjernetegn Krystallys Armb\u00e5nd &#8211; Skorpionen"},"content":{"rendered":"<p><span style=\"color: rgb(75, 80, 88);\">Kanaliser Skorpionens intense og transformerende energi med dette stjernetegnskrystallys. Den dybe, fyldige duft af obsidian og m\u00f8rk kaffe skaber en mystisk og styrkende atmosf\u00e6re, perfekt til dette passionerede og frygtl\u00f8se tegn.<\/span><\/p>\n<p><span style=\"color: rgb(75, 80, 88);\"><strong>S\u00e6ttet indeholder et armb\u00e5nd med \u00e6delstensstykker lavet af r\u00f8get kvarts, lapis lazuli og sort obsidian, valgt til at underst\u00f8tte Skorpionens kraftfulde og magnetiske natur:<\/strong><\/span><\/p>\n<p><span style=\"color: rgb(75, 80, 88);\">R\u00f8get kvarts tilbyder beskyttelse og jordforbindelse. Lapis lazuli forst\u00e6rker visdom og selvudfoldelse. Sort obsidian giver dyb helbredelse og transformation.<\/span><\/p>\n<p><span style=\"color: rgb(75, 80, 88);\">Denne f\u00e6ngslende kombination af lys og armb\u00e5nd er ideel til \u00f8jeblikke med introspektion, styrkelse eller som en meningsfuld gave til en Skorpion.<\/span><\/p>\n<p><span style=\"color: rgb(75, 80, 88);\"><em><strong>Topnoter: Krydret, Sort peber<\/strong><\/em><\/span><\/p>\n<p><span style=\"color: rgb(75, 80, 88);\"><em><strong>Hjertenoter: Appelsinblomst, Tiramisu, Jasmin<\/strong><\/em><\/span><\/p>\n<p><span style=\"color: rgb(75, 80, 88);\"><strong><em>Basenoter: Tr\u00e6agtig, Vanilje, Tonkab\u00f8nne<\/em><\/strong><\/span><\/p>\n","protected":false},"excerpt":{"rendered":"<p>Kanaliser Skorpionens intense og transformerende energi med dette stjernetegnskrystallys. Den dybe, fyldige duft af obsidian og m\u00f8rk kaffe skaber en mystisk og styrkende atmosf\u00e6re, perfekt til dette passionerede og frygtl\u00f8se tegn. S\u00e6ttet indeholder et armb\u00e5nd med \u00e6delstensstykker lavet af r\u00f8get kvarts, lapis lazuli og sort obsidian, valgt til at underst\u00f8tte Skorpionens kraftfulde og magnetiske natur: [&hellip;]<\/p>\n","protected":false},"featured_media":314228,"comment_status":"closed","ping_status":"open","template":"","meta":{"_angie_page":false},"product_brand":[],"product_cat":[25211,6251],"product_tag":[],"class_list":{"0":"post-202172","1":"product","2":"type-product","3":"status-publish","4":"has-post-thumbnail","6":"product_cat-armband-smykker-og-accessories","7":"product_cat-lysestager-og-stearinlys","8":"pa_collection-zodiac-crystal-candles-with-gemstone-bracelet-da","9":"pa_made-in-kina","11":"first","12":"instock","13":"purchasable","14":"product-type-simple"},"supplier_id":null,"supplier_sku":"ZCC-10","barcode":null,"atum_controlled":true,"out_stock_date":null,"out_stock_threshold":null,"inheritable":false,"inbound_stock":null,"stock_on_hold":0,"sold_today":0,"sales_last_days":0,"reserved_stock":null,"customer_returns":null,"warehouse_damage":null,"lost_in_post":null,"other_logs":null,"out_stock_days":0,"lost_sales":0,"has_location":null,"update_date":"2026-04-27T07:27:30","atum_locations":[],"atum_stock_status":"instock","restock_status":false,"low_stock_amount":"","sales_update_date":"2025-09-05T00:22:28","calc_backorders":null,"_links":{"self":[{"href":"https:\/\/aromasentia.com\/da\/wp-json\/wp\/v2\/product\/202172","targetHints":{"allow":["GET"]}}],"collection":[{"href":"https:\/\/aromasentia.com\/da\/wp-json\/wp\/v2\/product"}],"about":[{"href":"https:\/\/aromasentia.com\/da\/wp-json\/wp\/v2\/types\/product"}],"replies":[{"embeddable":true,"href":"https:\/\/aromasentia.com\/da\/wp-json\/wp\/v2\/comments?post=202172"}],"version-history":[{"count":0,"href":"https:\/\/aromasentia.com\/da\/wp-json\/wp\/v2\/product\/202172\/revisions"}],"wp:featuredmedia":[{"embeddable":true,"href":"https:\/\/aromasentia.com\/da\/wp-json\/wp\/v2\/media\/314228"}],"wp:attachment":[{"href":"https:\/\/aromasentia.com\/da\/wp-json\/wp\/v2\/media?parent=202172"}],"wp:term":[{"taxonomy":"product_brand","embeddable":true,"href":"https:\/\/aromasentia.com\/da\/wp-json\/wp\/v2\/product_brand?post=202172"},{"taxonomy":"product_cat","embeddable":true,"href":"https:\/\/aromasentia.com\/da\/wp-json\/wp\/v2\/product_cat?post=202172"},{"taxonomy":"product_tag","embeddable":true,"href":"https:\/\/aromasentia.com\/da\/wp-json\/wp\/v2\/product_tag?post=202172"}],"curies":[{"name":"wp","href":"https:\/\/api.w.org\/{rel}","templated":true}]}}