{"id":202171,"date":"2025-03-21T11:43:56","date_gmt":"2025-03-21T11:43:56","guid":{"rendered":"https:\/\/aromasentia.com\/product\/zodiac-crystal-candle-with-gemstone-bracelet-libra\/"},"modified":"2025-06-22T03:51:23","modified_gmt":"2025-06-22T03:51:23","slug":"stjernetegn-krystallys-armbaand-vaegten","status":"publish","type":"product","link":"https:\/\/aromasentia.com\/da\/stjernetegn-krystallys-armbaand-vaegten\/","title":{"rendered":"Stjernetegn Krystallys Armb\u00e5nd &#8211; V\u00e6gten"},"content":{"rendered":"<p><span style=\"color: rgb(75, 80, 88);\">V\u00e6gten, find din balance i den kosmiske dans. Den k\u00f8lige Jade &#038; Oakmoss-duft, et harmonisk ekko af Venus&#8217; ynde, vil berolige din sj\u00e6l. Titaniumstenen, en perfekt afbalanceret skala, legemligg\u00f8r din str\u00e6ben efter ligev\u00e6gt. Dans, V\u00e6gt, og lad dine dr\u00f8mme lette p\u00e5 vinger af perfekt balance.<\/span><\/p>\n<p><span style=\"color: rgb(75, 80, 88);\"><strong>S\u00e6ttet indeholder et armb\u00e5nd med \u00e6delstenssten lavet med gr\u00f8n aventurin, opal og rosenkvarts, der er udvalgt til at resonere med V\u00e6gtens diplomatiske \u00e5nd, forst\u00e6rke deres charme og fremme balance i deres forhold.<\/strong><\/span><\/p>\n<p><span style=\"color: rgb(75, 80, 88);\">Gr\u00f8n aventurin hj\u00e6lper med at finde klarhed og balance i deres beslutningstagning. Opal forst\u00e6rker V\u00e6gtens naturlige charme og kreativitet. Rosenkvarts hj\u00e6lper dem med at opretholde harmoni i forhold.<\/span><\/p>\n<p><span style=\"color: rgb(75, 80, 88);\">V\u00e6gte, de diplomatiske charmetrold, s\u00f8ger harmoni i alle ting og navigerer yndefuldt i situationer med et roligt temperament og en skarp sans for retf\u00e6rdighed. Deres k\u00e6rlighed til sk\u00f8nhed og balance g\u00f8r dem til sociale sommerfugle.<\/span><\/p>\n<p><span style=\"color: rgb(75, 80, 88);\"><em><strong>Topnoter: Urter, Krydderi, Citrus.<\/strong><\/em><\/span><\/p>\n<p><em><strong><span style=\"color: rgb(75, 80, 88);\">Hjertenoter: Rose, Geranium.<\/span><\/strong><\/em><\/p>\n<p><span style=\"color: rgb(75, 80, 88);\"><strong><em>Basenoter: Egemos, Vanilje, Moskus.<\/em><\/strong><\/span><\/p>\n","protected":false},"excerpt":{"rendered":"<p>V\u00e6gten, find din balance i den kosmiske dans. Den k\u00f8lige Jade &#038; Oakmoss-duft, et harmonisk ekko af Venus&#8217; ynde, vil berolige din sj\u00e6l. Titaniumstenen, en perfekt afbalanceret skala, legemligg\u00f8r din str\u00e6ben efter ligev\u00e6gt. Dans, V\u00e6gt, og lad dine dr\u00f8mme lette p\u00e5 vinger af perfekt balance. S\u00e6ttet indeholder et armb\u00e5nd med \u00e6delstenssten lavet med gr\u00f8n aventurin, [&hellip;]<\/p>\n","protected":false},"featured_media":314219,"comment_status":"closed","ping_status":"open","template":"","meta":{"_angie_page":false},"product_brand":[],"product_cat":[25211,6251],"product_tag":[],"class_list":{"0":"post-202171","1":"product","2":"type-product","3":"status-publish","4":"has-post-thumbnail","6":"product_cat-armband-smykker-og-accessories","7":"product_cat-lysestager-og-stearinlys","8":"pa_collection-zodiac-crystal-candles-with-gemstone-bracelet-da","9":"pa_made-in-kina","11":"first","12":"instock","13":"purchasable","14":"product-type-simple"},"supplier_id":null,"supplier_sku":"ZCC-09","barcode":null,"atum_controlled":true,"out_stock_date":null,"out_stock_threshold":null,"inheritable":false,"inbound_stock":null,"stock_on_hold":0,"sold_today":0,"sales_last_days":0,"reserved_stock":null,"customer_returns":null,"warehouse_damage":null,"lost_in_post":null,"other_logs":null,"out_stock_days":0,"lost_sales":0,"has_location":null,"update_date":"2026-04-27T07:27:30","atum_locations":[],"atum_stock_status":"instock","restock_status":false,"low_stock_amount":"","sales_update_date":"2025-09-05T00:22:28","calc_backorders":null,"_links":{"self":[{"href":"https:\/\/aromasentia.com\/da\/wp-json\/wp\/v2\/product\/202171","targetHints":{"allow":["GET"]}}],"collection":[{"href":"https:\/\/aromasentia.com\/da\/wp-json\/wp\/v2\/product"}],"about":[{"href":"https:\/\/aromasentia.com\/da\/wp-json\/wp\/v2\/types\/product"}],"replies":[{"embeddable":true,"href":"https:\/\/aromasentia.com\/da\/wp-json\/wp\/v2\/comments?post=202171"}],"version-history":[{"count":0,"href":"https:\/\/aromasentia.com\/da\/wp-json\/wp\/v2\/product\/202171\/revisions"}],"wp:featuredmedia":[{"embeddable":true,"href":"https:\/\/aromasentia.com\/da\/wp-json\/wp\/v2\/media\/314219"}],"wp:attachment":[{"href":"https:\/\/aromasentia.com\/da\/wp-json\/wp\/v2\/media?parent=202171"}],"wp:term":[{"taxonomy":"product_brand","embeddable":true,"href":"https:\/\/aromasentia.com\/da\/wp-json\/wp\/v2\/product_brand?post=202171"},{"taxonomy":"product_cat","embeddable":true,"href":"https:\/\/aromasentia.com\/da\/wp-json\/wp\/v2\/product_cat?post=202171"},{"taxonomy":"product_tag","embeddable":true,"href":"https:\/\/aromasentia.com\/da\/wp-json\/wp\/v2\/product_tag?post=202171"}],"curies":[{"name":"wp","href":"https:\/\/api.w.org\/{rel}","templated":true}]}}