{"id":202170,"date":"2025-03-21T11:43:56","date_gmt":"2025-03-21T11:43:56","guid":{"rendered":"https:\/\/aromasentia.com\/product\/zodiac-crystal-candle-with-gemstone-bracelet-virgo\/"},"modified":"2025-06-22T03:51:22","modified_gmt":"2025-06-22T03:51:22","slug":"stjernetegn-krystallys-armbaand-jomfruen","status":"publish","type":"product","link":"https:\/\/aromasentia.com\/da\/stjernetegn-krystallys-armbaand-jomfruen\/","title":{"rendered":"Stjernetegn Krystallys Armb\u00e5nd &#8211; Jomfruen"},"content":{"rendered":"<p><span style=\"color: rgb(75, 80, 88);\">Omfavn Jomfruens praktiske, men dybt intuitive energi med dette stjernetegnskrystallys. Den jordagtige duft af tr\u00e6agat og oud skaber en jordn\u00e6r, beroligende atmosf\u00e6re, der afspejler Jomfruens k\u00e6rlighed til orden, natur og balance.<\/span><\/p>\n<p><span style=\"color: rgb(75, 80, 88);\"><strong>S\u00e6ttet indeholder et \u00e6delstensarmb\u00e5nd lavet med ametyst, karneol og mosagat, udvalgt til at resonere med Jomfruens omsorgsfulde og analytiske kvaliteter:<\/strong><\/span><\/p>\n<p><span style=\"color: rgb(75, 80, 88);\">Ametyst forbedrer klarhed og spirituel indsigt. Karneol \u00f8ger motivation og kreativitet. Mosagat fremmer v\u00e6kst og forbindelse til naturen.<\/span><\/p>\n<p><span style=\"color: rgb(75, 80, 88);\">Denne beroligende og styrkende kombination af lys og armb\u00e5nd er perfekt til mindfulness, selvpleje eller som en bet\u00e6nksom gave til Jomfruen..<\/span><\/p>\n<p><span style=\"color: rgb(75, 80, 88);\"><em><strong>Topnoter: Hindb\u00e6r, Nellike<\/strong><\/em><\/span><\/p>\n<p><em><strong><span style=\"color: rgb(75, 80, 88);\">Hjertenoter: Rose, Geranium, Jasmin, Pralin\u00e9<\/span><\/strong><\/em><\/p>\n<p><span style=\"color: rgb(75, 80, 88);\"><strong><em>Basenoter: Oudh, Rav, Moskus, Vanilje<\/em><\/strong><\/span><\/p>\n","protected":false},"excerpt":{"rendered":"<p>Omfavn Jomfruens praktiske, men dybt intuitive energi med dette stjernetegnskrystallys. Den jordagtige duft af tr\u00e6agat og oud skaber en jordn\u00e6r, beroligende atmosf\u00e6re, der afspejler Jomfruens k\u00e6rlighed til orden, natur og balance. S\u00e6ttet indeholder et \u00e6delstensarmb\u00e5nd lavet med ametyst, karneol og mosagat, udvalgt til at resonere med Jomfruens omsorgsfulde og analytiske kvaliteter: Ametyst forbedrer klarhed og [&hellip;]<\/p>\n","protected":false},"featured_media":314186,"comment_status":"closed","ping_status":"open","template":"","meta":{"_angie_page":false},"product_brand":[],"product_cat":[25211,6251],"product_tag":[],"class_list":{"0":"post-202170","1":"product","2":"type-product","3":"status-publish","4":"has-post-thumbnail","6":"product_cat-armband-smykker-og-accessories","7":"product_cat-lysestager-og-stearinlys","8":"pa_collection-zodiac-crystal-candles-with-gemstone-bracelet-da","9":"pa_made-in-kina","11":"first","12":"instock","13":"purchasable","14":"product-type-simple"},"supplier_id":null,"supplier_sku":"ZCC-08","barcode":null,"atum_controlled":true,"out_stock_date":null,"out_stock_threshold":null,"inheritable":false,"inbound_stock":null,"stock_on_hold":0,"sold_today":0,"sales_last_days":0,"reserved_stock":null,"customer_returns":null,"warehouse_damage":null,"lost_in_post":null,"other_logs":null,"out_stock_days":0,"lost_sales":0,"has_location":null,"update_date":"2026-04-27T07:27:30","atum_locations":[],"atum_stock_status":"instock","restock_status":false,"low_stock_amount":"","sales_update_date":"2025-09-05T00:22:28","calc_backorders":null,"_links":{"self":[{"href":"https:\/\/aromasentia.com\/da\/wp-json\/wp\/v2\/product\/202170","targetHints":{"allow":["GET"]}}],"collection":[{"href":"https:\/\/aromasentia.com\/da\/wp-json\/wp\/v2\/product"}],"about":[{"href":"https:\/\/aromasentia.com\/da\/wp-json\/wp\/v2\/types\/product"}],"replies":[{"embeddable":true,"href":"https:\/\/aromasentia.com\/da\/wp-json\/wp\/v2\/comments?post=202170"}],"version-history":[{"count":0,"href":"https:\/\/aromasentia.com\/da\/wp-json\/wp\/v2\/product\/202170\/revisions"}],"wp:featuredmedia":[{"embeddable":true,"href":"https:\/\/aromasentia.com\/da\/wp-json\/wp\/v2\/media\/314186"}],"wp:attachment":[{"href":"https:\/\/aromasentia.com\/da\/wp-json\/wp\/v2\/media?parent=202170"}],"wp:term":[{"taxonomy":"product_brand","embeddable":true,"href":"https:\/\/aromasentia.com\/da\/wp-json\/wp\/v2\/product_brand?post=202170"},{"taxonomy":"product_cat","embeddable":true,"href":"https:\/\/aromasentia.com\/da\/wp-json\/wp\/v2\/product_cat?post=202170"},{"taxonomy":"product_tag","embeddable":true,"href":"https:\/\/aromasentia.com\/da\/wp-json\/wp\/v2\/product_tag?post=202170"}],"curies":[{"name":"wp","href":"https:\/\/api.w.org\/{rel}","templated":true}]}}