{"id":202169,"date":"2025-03-21T11:43:56","date_gmt":"2025-03-21T11:43:56","guid":{"rendered":"https:\/\/aromasentia.com\/product\/zodiac-crystal-candle-with-gemstone-bracelet-leo\/"},"modified":"2025-06-22T03:51:22","modified_gmt":"2025-06-22T03:51:22","slug":"stjernetegn-krystallys-armbaand-loeven","status":"publish","type":"product","link":"https:\/\/aromasentia.com\/da\/stjernetegn-krystallys-armbaand-loeven\/","title":{"rendered":"Stjernetegn Krystallys Armb\u00e5nd &#8211; L\u00f8ven"},"content":{"rendered":"<p><span style=\"color: rgb(75, 80, 88);\">Slip L\u00f8vens dristige og str\u00e5lende energi l\u00f8s med dette stjernetegnskrystallys. Den varme, forfriskende duft af frostet citrin og ingef\u00e6r fylder luften og matcher perfekt den livlige og selvsikre \u00e5nd i dette ildtegn.<\/span><\/p>\n<p><span style=\"color: rgb(75, 80, 88);\"><strong>S\u00e6ttet indeholder et kraftfuldt \u00e6delstensarmb\u00e5nd lavet med tiger\u00f8je og karneol, omhyggeligt udvalgt for at forst\u00e6rke L\u00f8vens styrker:<\/strong><\/span><\/p>\n<p><span style=\"color: rgb(75, 80, 88);\">Tiger\u00f8je forst\u00e6rker mod og personlig kraft. Karneol \u00f8ger kreativitet og motivation.<\/span><\/p>\n<p><span style=\"color: rgb(75, 80, 88);\">Denne dristige kombination af lys og armb\u00e5nd er perfekt til at styrke L\u00f8vens indre, hvilket g\u00f8r det til en ideel gave eller et personligt supplement til selvplejeritualet.<\/span><\/p>\n<p><span style=\"color: rgb(75, 80, 88);\"><em><strong>Topnoter: Nektarin, Citrus, Gr\u00f8nne noter<\/strong><\/em><\/span><\/p>\n<p><em><strong><span style=\"color: rgb(75, 80, 88);\">Hjertenoter: Rosenblade, Muguet, Ingef\u00e6r<\/span><\/strong><\/em><\/p>\n<p><span style=\"color: rgb(75, 80, 88);\"><strong><em>Basenoter: Moskus, Tr\u00e6<\/em><\/strong><\/span><\/p>\n","protected":false},"excerpt":{"rendered":"<p>Slip L\u00f8vens dristige og str\u00e5lende energi l\u00f8s med dette stjernetegnskrystallys. Den varme, forfriskende duft af frostet citrin og ingef\u00e6r fylder luften og matcher perfekt den livlige og selvsikre \u00e5nd i dette ildtegn. S\u00e6ttet indeholder et kraftfuldt \u00e6delstensarmb\u00e5nd lavet med tiger\u00f8je og karneol, omhyggeligt udvalgt for at forst\u00e6rke L\u00f8vens styrker: Tiger\u00f8je forst\u00e6rker mod og personlig kraft. [&hellip;]<\/p>\n","protected":false},"featured_media":314153,"comment_status":"closed","ping_status":"open","template":"","meta":{"_angie_page":false},"product_brand":[],"product_cat":[25211,6251],"product_tag":[],"class_list":{"0":"post-202169","1":"product","2":"type-product","3":"status-publish","4":"has-post-thumbnail","6":"product_cat-armband-smykker-og-accessories","7":"product_cat-lysestager-og-stearinlys","8":"pa_collection-zodiac-crystal-candles-with-gemstone-bracelet-da","9":"pa_made-in-kina","11":"first","12":"instock","13":"purchasable","14":"product-type-simple"},"supplier_id":null,"supplier_sku":"ZCC-07","barcode":null,"atum_controlled":true,"out_stock_date":null,"out_stock_threshold":null,"inheritable":false,"inbound_stock":null,"stock_on_hold":0,"sold_today":0,"sales_last_days":0,"reserved_stock":null,"customer_returns":null,"warehouse_damage":null,"lost_in_post":null,"other_logs":null,"out_stock_days":0,"lost_sales":0,"has_location":null,"update_date":"2026-04-27T07:27:30","atum_locations":[],"atum_stock_status":"instock","restock_status":false,"low_stock_amount":"","sales_update_date":"2025-09-05T00:22:28","calc_backorders":null,"_links":{"self":[{"href":"https:\/\/aromasentia.com\/da\/wp-json\/wp\/v2\/product\/202169","targetHints":{"allow":["GET"]}}],"collection":[{"href":"https:\/\/aromasentia.com\/da\/wp-json\/wp\/v2\/product"}],"about":[{"href":"https:\/\/aromasentia.com\/da\/wp-json\/wp\/v2\/types\/product"}],"replies":[{"embeddable":true,"href":"https:\/\/aromasentia.com\/da\/wp-json\/wp\/v2\/comments?post=202169"}],"version-history":[{"count":0,"href":"https:\/\/aromasentia.com\/da\/wp-json\/wp\/v2\/product\/202169\/revisions"}],"wp:featuredmedia":[{"embeddable":true,"href":"https:\/\/aromasentia.com\/da\/wp-json\/wp\/v2\/media\/314153"}],"wp:attachment":[{"href":"https:\/\/aromasentia.com\/da\/wp-json\/wp\/v2\/media?parent=202169"}],"wp:term":[{"taxonomy":"product_brand","embeddable":true,"href":"https:\/\/aromasentia.com\/da\/wp-json\/wp\/v2\/product_brand?post=202169"},{"taxonomy":"product_cat","embeddable":true,"href":"https:\/\/aromasentia.com\/da\/wp-json\/wp\/v2\/product_cat?post=202169"},{"taxonomy":"product_tag","embeddable":true,"href":"https:\/\/aromasentia.com\/da\/wp-json\/wp\/v2\/product_tag?post=202169"}],"curies":[{"name":"wp","href":"https:\/\/api.w.org\/{rel}","templated":true}]}}