{"id":202168,"date":"2025-03-21T11:43:56","date_gmt":"2025-03-21T11:43:56","guid":{"rendered":"https:\/\/aromasentia.com\/product\/zodiac-crystal-candle-with-gemstone-bracelet-cancer\/"},"modified":"2025-06-22T03:51:21","modified_gmt":"2025-06-22T03:51:21","slug":"stjernetegn-krystallys-armbaand-krebsen","status":"publish","type":"product","link":"https:\/\/aromasentia.com\/da\/stjernetegn-krystallys-armbaand-krebsen\/","title":{"rendered":"Stjernetegn Krystallys Armb\u00e5nd &#8211; Krebsen"},"content":{"rendered":"<p><span style=\"color: rgb(75, 80, 88);\">Tap ind i Krebsens intuitive og n\u00e6rende energi med dette stjernetegnskrystallys. Den beroligende duft af Moonstone Eclipse skaber en beroligende og beskyttende atmosf\u00e6re, der afspejler den f\u00f8lelsesm\u00e6ssige dybde og f\u00f8lsomhed hos dette vandtegn.<\/span><\/p>\n<p><span style=\"color: rgb(75, 80, 88);\"><strong>S\u00e6ttet indeholder et armb\u00e5nd med \u00e6delstensarter lavet af akvamarin, r\u00f8get kvarts og m\u00e5nesten, udvalgt til at underst\u00f8tte Krebsens medf\u00f8lende og empatiske natur:<\/strong><\/span><\/p>\n<p><span style=\"color: rgb(75, 80, 88);\">Akvamarin fremmer ro og f\u00f8lelsesm\u00e6ssig heling. R\u00f8get kvarts giver jordforbindelse og beskyttelse. M\u00e5nesten forbedrer intuition og f\u00f8lelsesm\u00e6ssig balance.<\/span><\/p>\n<p><span style=\"color: rgb(75, 80, 88);\">Denne blide og helende kombination af stearinlys og armb\u00e5nd er perfekt til selvpleje, meditation eller som en bet\u00e6nksom gave til en Krebs.<\/span><\/p>\n<p><span style=\"color: rgb(75, 80, 88);\"><em><strong>Topnoter: Solb\u00e6r, Mandarin<\/strong><\/em><\/span><\/p>\n<p><em><strong><span style=\"color: rgb(75, 80, 88);\">Hjertenoter: Lavendel, R\u00f8de B\u00e6r, Rose<\/span><\/strong><\/em><\/p>\n<p><span style=\"color: rgb(75, 80, 88);\"><strong><em>Basenoter: Sandeltr\u00e6, Rav<\/em><\/strong><\/span><\/p>\n","protected":false},"excerpt":{"rendered":"<p>Tap ind i Krebsens intuitive og n\u00e6rende energi med dette stjernetegnskrystallys. Den beroligende duft af Moonstone Eclipse skaber en beroligende og beskyttende atmosf\u00e6re, der afspejler den f\u00f8lelsesm\u00e6ssige dybde og f\u00f8lsomhed hos dette vandtegn. S\u00e6ttet indeholder et armb\u00e5nd med \u00e6delstensarter lavet af akvamarin, r\u00f8get kvarts og m\u00e5nesten, udvalgt til at underst\u00f8tte Krebsens medf\u00f8lende og empatiske natur: [&hellip;]<\/p>\n","protected":false},"featured_media":314120,"comment_status":"closed","ping_status":"open","template":"","meta":{"_angie_page":false},"product_brand":[],"product_cat":[25211,6251],"product_tag":[],"class_list":{"0":"post-202168","1":"product","2":"type-product","3":"status-publish","4":"has-post-thumbnail","6":"product_cat-armband-smykker-og-accessories","7":"product_cat-lysestager-og-stearinlys","8":"pa_collection-zodiac-crystal-candles-with-gemstone-bracelet-da","9":"pa_made-in-kina","11":"first","12":"instock","13":"purchasable","14":"product-type-simple"},"supplier_id":null,"supplier_sku":"ZCC-06","barcode":null,"atum_controlled":true,"out_stock_date":null,"out_stock_threshold":null,"inheritable":false,"inbound_stock":null,"stock_on_hold":0,"sold_today":0,"sales_last_days":0,"reserved_stock":null,"customer_returns":null,"warehouse_damage":null,"lost_in_post":null,"other_logs":null,"out_stock_days":0,"lost_sales":0,"has_location":null,"update_date":"2026-04-27T07:27:29","atum_locations":[],"atum_stock_status":"instock","restock_status":false,"low_stock_amount":"","sales_update_date":"2025-09-05T00:22:27","calc_backorders":null,"_links":{"self":[{"href":"https:\/\/aromasentia.com\/da\/wp-json\/wp\/v2\/product\/202168","targetHints":{"allow":["GET"]}}],"collection":[{"href":"https:\/\/aromasentia.com\/da\/wp-json\/wp\/v2\/product"}],"about":[{"href":"https:\/\/aromasentia.com\/da\/wp-json\/wp\/v2\/types\/product"}],"replies":[{"embeddable":true,"href":"https:\/\/aromasentia.com\/da\/wp-json\/wp\/v2\/comments?post=202168"}],"version-history":[{"count":0,"href":"https:\/\/aromasentia.com\/da\/wp-json\/wp\/v2\/product\/202168\/revisions"}],"wp:featuredmedia":[{"embeddable":true,"href":"https:\/\/aromasentia.com\/da\/wp-json\/wp\/v2\/media\/314120"}],"wp:attachment":[{"href":"https:\/\/aromasentia.com\/da\/wp-json\/wp\/v2\/media?parent=202168"}],"wp:term":[{"taxonomy":"product_brand","embeddable":true,"href":"https:\/\/aromasentia.com\/da\/wp-json\/wp\/v2\/product_brand?post=202168"},{"taxonomy":"product_cat","embeddable":true,"href":"https:\/\/aromasentia.com\/da\/wp-json\/wp\/v2\/product_cat?post=202168"},{"taxonomy":"product_tag","embeddable":true,"href":"https:\/\/aromasentia.com\/da\/wp-json\/wp\/v2\/product_tag?post=202168"}],"curies":[{"name":"wp","href":"https:\/\/api.w.org\/{rel}","templated":true}]}}