{"id":202167,"date":"2025-03-21T14:37:32","date_gmt":"2025-03-21T14:37:32","guid":{"rendered":"https:\/\/aromasentia.com\/product\/hop-hare-bamboo-socks-41-46-tree-of-life\/"},"modified":"2025-06-22T03:51:21","modified_gmt":"2025-06-22T03:51:21","slug":"hop-hare-bambus-stroemper-41-46-tree-of-life","status":"publish","type":"product","link":"https:\/\/aromasentia.com\/da\/hop-hare-bambus-stroemper-41-46-tree-of-life\/","title":{"rendered":"Hop Hare Bambus Str\u00f8mper (41-46) &#8211; Tree Of Life"},"content":{"rendered":"<p>Kom i kontakt med naturen og gammel visdom if\u00f8rt Hop Hare Bamboo Socks (41-46) &#8211; Tree of Life. Disse smukke bambusstr\u00f8mper, der er designet til st\u00f8rrelse 41-46, viser det ikoniske symbol p\u00e5 livets tr\u00e6, der repr\u00e6senterer forbundethed, v\u00e6kst og styrke. De er fremstillet af us\u00e6dvanligt bl\u00f8d og b\u00e6redygtig bambus og giver suver\u00e6n komfort og \u00e5ndbarhed. Et meningsfuldt tilbeh\u00f8r, der tilf\u00f8jer et strejf af spirituel elegance til dit outfit og minder dig om naturens vedvarende kraft og sk\u00f8nhed.<\/p>\n","protected":false},"excerpt":{"rendered":"<p>Kom i kontakt med naturen og gammel visdom if\u00f8rt Hop Hare Bamboo Socks (41-46) &#8211; Tree of Life. Disse smukke bambusstr\u00f8mper, der er designet til st\u00f8rrelse 41-46, viser det ikoniske symbol p\u00e5 livets tr\u00e6, der repr\u00e6senterer forbundethed, v\u00e6kst og styrke. De er fremstillet af us\u00e6dvanligt bl\u00f8d og b\u00e6redygtig bambus og giver suver\u00e6n komfort og \u00e5ndbarhed. [&hellip;]<\/p>\n","protected":false},"featured_media":314552,"comment_status":"closed","ping_status":"open","template":"","meta":[],"product_brand":[27111],"product_cat":[26600,25831],"product_tag":[],"class_list":{"0":"post-202167","1":"product","2":"type-product","3":"status-publish","4":"has-post-thumbnail","6":"product_brand-hop-hare","7":"product_cat-sokker-og-stromper","8":"product_cat-toj","9":"pa_collection-hop-hare-bamboo-socks-da","10":"pa_made-in-tyrkiet","12":"first","13":"outofstock","14":"purchasable","15":"product-type-simple"},"supplier_id":null,"supplier_sku":"BamS-04M","barcode":null,"atum_controlled":true,"out_stock_date":"2026-01-09 12:45:05","out_stock_threshold":null,"inheritable":false,"inbound_stock":null,"stock_on_hold":0,"sold_today":0,"sales_last_days":0,"reserved_stock":null,"customer_returns":null,"warehouse_damage":null,"lost_in_post":null,"other_logs":null,"out_stock_days":20,"lost_sales":0,"has_location":null,"update_date":"2026-01-30T01:24:35","atum_locations":[],"atum_stock_status":"outofstock","restock_status":false,"low_stock_amount":"","sales_update_date":"2026-01-30T01:24:35","calc_backorders":null,"_links":{"self":[{"href":"https:\/\/aromasentia.com\/da\/wp-json\/wp\/v2\/product\/202167","targetHints":{"allow":["GET"]}}],"collection":[{"href":"https:\/\/aromasentia.com\/da\/wp-json\/wp\/v2\/product"}],"about":[{"href":"https:\/\/aromasentia.com\/da\/wp-json\/wp\/v2\/types\/product"}],"replies":[{"embeddable":true,"href":"https:\/\/aromasentia.com\/da\/wp-json\/wp\/v2\/comments?post=202167"}],"version-history":[{"count":0,"href":"https:\/\/aromasentia.com\/da\/wp-json\/wp\/v2\/product\/202167\/revisions"}],"wp:featuredmedia":[{"embeddable":true,"href":"https:\/\/aromasentia.com\/da\/wp-json\/wp\/v2\/media\/314552"}],"wp:attachment":[{"href":"https:\/\/aromasentia.com\/da\/wp-json\/wp\/v2\/media?parent=202167"}],"wp:term":[{"taxonomy":"product_brand","embeddable":true,"href":"https:\/\/aromasentia.com\/da\/wp-json\/wp\/v2\/product_brand?post=202167"},{"taxonomy":"product_cat","embeddable":true,"href":"https:\/\/aromasentia.com\/da\/wp-json\/wp\/v2\/product_cat?post=202167"},{"taxonomy":"product_tag","embeddable":true,"href":"https:\/\/aromasentia.com\/da\/wp-json\/wp\/v2\/product_tag?post=202167"}],"curies":[{"name":"wp","href":"https:\/\/api.w.org\/{rel}","templated":true}]}}