{"id":202158,"date":"2025-03-21T14:37:32","date_gmt":"2025-03-21T14:37:32","guid":{"rendered":"https:\/\/aromasentia.com\/product\/agnes-and-cat-cotton-bag-6oz-35x30-cm-agnescat\/"},"modified":"2025-06-22T03:51:16","modified_gmt":"2025-06-22T03:51:16","slug":"agnes-and-cat-bomuldstaske-6oz-35x30-cm-agnescat","status":"publish","type":"product","link":"https:\/\/aromasentia.com\/da\/agnes-and-cat-bomuldstaske-6oz-35x30-cm-agnescat\/","title":{"rendered":"Agnes And Cat Bomuldstaske 6Oz &#8211; 35X30 cm &#8211; Agnes+Cat"},"content":{"rendered":"<p>Denne<strong>Agnes and Cat bomuldspose 6oz &#8211; 35&#215;30 cm &#8211; Agnes+Cat<\/strong><\/p>\n<p>er<strong>&nbsp;<\/strong>smukt lavet af bomuld i Indien.<\/p>\n<p>De leveres med vores logo &#8211; Agnes+Cat &#8211; trykt p\u00e5 dem og st\u00e6rke sorte stropper. De er ideelle til at pakke vores produkter ind og til at tage med hjem af kunderne.<\/p>\n<p>Disse muleposer er en anden nem m\u00e5de for dine kunder at v\u00e6re milj\u00f8venlige p\u00e5 og have en smuk taske, som de kan bruge og genbruge!<\/p>\n<p><strong><span style=\"color: rgb(184, 49, 47);\">Bestil nu via Aroma Sentia-ping. Brug og genbrug! Bliv mere milj\u00f8venlig.<\/span><\/strong><\/p>\n","protected":false},"excerpt":{"rendered":"<p>DenneAgnes and Cat bomuldspose 6oz &#8211; 35&#215;30 cm &#8211; Agnes+Cat er&nbsp;smukt lavet af bomuld i Indien. De leveres med vores logo &#8211; Agnes+Cat &#8211; trykt p\u00e5 dem og st\u00e6rke sorte stropper. De er ideelle til at pakke vores produkter ind og til at tage med hjem af kunderne. Disse muleposer er en anden nem m\u00e5de [&hellip;]<\/p>\n","protected":false},"featured_media":314327,"comment_status":"closed","ping_status":"open","template":"","meta":{"_angie_page":false},"product_brand":[27084],"product_cat":[7878,7860,7861],"product_tag":[],"class_list":{"0":"post-202158","1":"product","2":"type-product","3":"status-publish","4":"has-post-thumbnail","6":"product_brand-agnes-and-cat","7":"product_cat-bomuldstasker-og-skuldertasker-nepal","8":"product_cat-oekologiske-tasker","9":"product_cat-tasker-og-rygsaekke","10":"pa_collection-agnes-cat-cotton-tote-bags-da","11":"pa_made-in-indien","13":"first","14":"instock","15":"purchasable","16":"product-type-simple"},"supplier_id":null,"supplier_sku":"ACCBag-01","barcode":null,"atum_controlled":true,"out_stock_date":null,"out_stock_threshold":null,"inheritable":false,"inbound_stock":null,"stock_on_hold":0,"sold_today":0,"sales_last_days":0,"reserved_stock":null,"customer_returns":null,"warehouse_damage":null,"lost_in_post":null,"other_logs":null,"out_stock_days":0,"lost_sales":0,"has_location":null,"update_date":"2026-05-04T00:02:48","atum_locations":[],"atum_stock_status":"instock","restock_status":false,"low_stock_amount":"","sales_update_date":"2026-01-30T01:25:43","calc_backorders":null,"_links":{"self":[{"href":"https:\/\/aromasentia.com\/da\/wp-json\/wp\/v2\/product\/202158","targetHints":{"allow":["GET"]}}],"collection":[{"href":"https:\/\/aromasentia.com\/da\/wp-json\/wp\/v2\/product"}],"about":[{"href":"https:\/\/aromasentia.com\/da\/wp-json\/wp\/v2\/types\/product"}],"replies":[{"embeddable":true,"href":"https:\/\/aromasentia.com\/da\/wp-json\/wp\/v2\/comments?post=202158"}],"version-history":[{"count":0,"href":"https:\/\/aromasentia.com\/da\/wp-json\/wp\/v2\/product\/202158\/revisions"}],"wp:featuredmedia":[{"embeddable":true,"href":"https:\/\/aromasentia.com\/da\/wp-json\/wp\/v2\/media\/314327"}],"wp:attachment":[{"href":"https:\/\/aromasentia.com\/da\/wp-json\/wp\/v2\/media?parent=202158"}],"wp:term":[{"taxonomy":"product_brand","embeddable":true,"href":"https:\/\/aromasentia.com\/da\/wp-json\/wp\/v2\/product_brand?post=202158"},{"taxonomy":"product_cat","embeddable":true,"href":"https:\/\/aromasentia.com\/da\/wp-json\/wp\/v2\/product_cat?post=202158"},{"taxonomy":"product_tag","embeddable":true,"href":"https:\/\/aromasentia.com\/da\/wp-json\/wp\/v2\/product_tag?post=202158"}],"curies":[{"name":"wp","href":"https:\/\/api.w.org\/{rel}","templated":true}]}}