{"id":202117,"date":"2025-03-21T14:37:40","date_gmt":"2025-03-21T14:37:40","guid":{"rendered":"https:\/\/aromasentia.com\/product\/hop-hare-bamboo-socks-36-40-psychedelic-evil-eye\/"},"modified":"2025-06-22T03:50:52","modified_gmt":"2025-06-22T03:50:52","slug":"hop-hare-bambus-stroemper-36-40-psykedelisk-ondt-oeje-2","status":"publish","type":"product","link":"https:\/\/aromasentia.com\/da\/hop-hare-bambus-stroemper-36-40-psykedelisk-ondt-oeje-2\/","title":{"rendered":"Hop Hare Bambus Str\u00f8mper (36-40) &#8211; Psykedelisk Ondt \u00d8je"},"content":{"rendered":"<p>Det onde \u00f8je er et symbol, der skal beskytte mod d\u00e5rlige hensigter og fiaskoer, og som ogs\u00e5 skal bringe held og lykke og beskyttelse. Det psykedeliske onde \u00f8je er en kombination af dette symbol med psykedelisk \u00e6stetik, som g\u00f8r det visuelt mere sp\u00e6ndende og intenst.<\/p>\n<p>Hop Hare-sokkerne f\u00e5s i to st\u00f8rrelser: 3,5-6,5 UK (36-40 EU) og 7,5-11,5 UK (41-46 EU). Fremstillet af bambusgarn af h\u00f8j kvalitet, som lader f\u00f8dderne \u00e5nde.&nbsp;<\/p>\n<p>Fremstillet i Tyrkiet. Sammens\u00e6tning: 70% bambus, 28,5% polyamid, 1,5% elastan.<\/p>\n<p><strong>Hvorfor bambusstr\u00f8mper?<\/strong><\/p>\n<p>&#8211; \u00e5ndbare<\/p>\n<p>&#8211; antibakterielle<\/p>\n<p>&#8211; termoregulerende<\/p>\n<p>&#8211; fugttransporterende<\/p>\n<p>&#8211; glat t\u00e5s\u00f8m<\/p>\n<p>&#8211; milj\u00f8venlige bambusfibre<\/p>\n","protected":false},"excerpt":{"rendered":"<p>Det onde \u00f8je er et symbol, der skal beskytte mod d\u00e5rlige hensigter og fiaskoer, og som ogs\u00e5 skal bringe held og lykke og beskyttelse. Det psykedeliske onde \u00f8je er en kombination af dette symbol med psykedelisk \u00e6stetik, som g\u00f8r det visuelt mere sp\u00e6ndende og intenst. Hop Hare-sokkerne f\u00e5s i to st\u00f8rrelser: 3,5-6,5 UK (36-40 EU) [&hellip;]<\/p>\n","protected":false},"featured_media":315426,"comment_status":"closed","ping_status":"open","template":"","meta":{"_angie_page":false},"product_brand":[27111],"product_cat":[26600,25831],"product_tag":[],"class_list":{"0":"post-202117","1":"product","2":"type-product","3":"status-publish","4":"has-post-thumbnail","6":"product_brand-hop-hare","7":"product_cat-sokker-og-stromper","8":"product_cat-toj","9":"pa_collection-hop-hare-bamboo-socks-da","10":"pa_made-in-tyrkiet","12":"first","13":"instock","14":"purchasable","15":"product-type-simple"},"supplier_id":null,"supplier_sku":"BamS-16F","barcode":null,"atum_controlled":true,"out_stock_date":null,"out_stock_threshold":null,"inheritable":false,"inbound_stock":null,"stock_on_hold":0,"sold_today":0,"sales_last_days":0,"reserved_stock":null,"customer_returns":null,"warehouse_damage":null,"lost_in_post":null,"other_logs":null,"out_stock_days":0,"lost_sales":0,"has_location":null,"update_date":"2026-02-06T00:01:19","atum_locations":[],"atum_stock_status":"instock","restock_status":false,"low_stock_amount":"","sales_update_date":"2026-02-06T00:01:19","calc_backorders":null,"_links":{"self":[{"href":"https:\/\/aromasentia.com\/da\/wp-json\/wp\/v2\/product\/202117","targetHints":{"allow":["GET"]}}],"collection":[{"href":"https:\/\/aromasentia.com\/da\/wp-json\/wp\/v2\/product"}],"about":[{"href":"https:\/\/aromasentia.com\/da\/wp-json\/wp\/v2\/types\/product"}],"replies":[{"embeddable":true,"href":"https:\/\/aromasentia.com\/da\/wp-json\/wp\/v2\/comments?post=202117"}],"version-history":[{"count":0,"href":"https:\/\/aromasentia.com\/da\/wp-json\/wp\/v2\/product\/202117\/revisions"}],"wp:featuredmedia":[{"embeddable":true,"href":"https:\/\/aromasentia.com\/da\/wp-json\/wp\/v2\/media\/315426"}],"wp:attachment":[{"href":"https:\/\/aromasentia.com\/da\/wp-json\/wp\/v2\/media?parent=202117"}],"wp:term":[{"taxonomy":"product_brand","embeddable":true,"href":"https:\/\/aromasentia.com\/da\/wp-json\/wp\/v2\/product_brand?post=202117"},{"taxonomy":"product_cat","embeddable":true,"href":"https:\/\/aromasentia.com\/da\/wp-json\/wp\/v2\/product_cat?post=202117"},{"taxonomy":"product_tag","embeddable":true,"href":"https:\/\/aromasentia.com\/da\/wp-json\/wp\/v2\/product_tag?post=202117"}],"curies":[{"name":"wp","href":"https:\/\/api.w.org\/{rel}","templated":true}]}}