{"id":202100,"date":"2025-03-21T14:37:45","date_gmt":"2025-03-21T14:37:45","guid":{"rendered":"https:\/\/aromasentia.com\/product\/m-l-hop-hare-bamboo-socks-low-41-46-flowers-of-life\/"},"modified":"2025-06-22T03:42:44","modified_gmt":"2025-06-22T03:42:44","slug":"m-l-hop-hare-bambus-stroemper-lav-41-46-flowers-of-life","status":"publish","type":"product","link":"https:\/\/aromasentia.com\/da\/m-l-hop-hare-bambus-stroemper-lav-41-46-flowers-of-life\/","title":{"rendered":"M\/L Hop Hare Bambus Str\u00f8mper Lav (41-46) &#8211; Flowers Of Life"},"content":{"rendered":"<p>Smyk dine ankler med hellig geometri i M\/L Hop Hare Bamboo Socks Low (41-46) &#8211; Flowers of Life. Disse lavtsk\u00e5rne bambusstr\u00f8mper (str. 41-46) viser det indviklede Flower of Life-m\u00f8nster, et symbol p\u00e5 skabelse og indbyrdes forbundethed. De er fremstillet af luksuri\u00f8st bl\u00f8dt og \u00e5ndbart bambus og er behagelige og diskrete at have p\u00e5. En stilfuld m\u00e5de at inkorporere \u00e6ldgammel symbolik og mindful sk\u00f8nhed i din daglige p\u00e5kl\u00e6dning og fremme harmoni fra bunden.<\/p>\n","protected":false},"excerpt":{"rendered":"<p>Smyk dine ankler med hellig geometri i M\/L Hop Hare Bamboo Socks Low (41-46) &#8211; Flowers of Life. Disse lavtsk\u00e5rne bambusstr\u00f8mper (str. 41-46) viser det indviklede Flower of Life-m\u00f8nster, et symbol p\u00e5 skabelse og indbyrdes forbundethed. De er fremstillet af luksuri\u00f8st bl\u00f8dt og \u00e5ndbart bambus og er behagelige og diskrete at have p\u00e5. En stilfuld [&hellip;]<\/p>\n","protected":false},"featured_media":316284,"comment_status":"closed","ping_status":"open","template":"","meta":[],"product_brand":[27111],"product_cat":[26600,25831],"product_tag":[],"class_list":{"0":"post-202100","1":"product","2":"type-product","3":"status-publish","4":"has-post-thumbnail","6":"product_brand-hop-hare","7":"product_cat-sokker-og-stromper","8":"product_cat-toj","9":"pa_collection-hop-hore-bamboo-low-trainer-socks-da","10":"pa_made-in-tyrkiet","12":"first","13":"instock","14":"purchasable","15":"product-type-simple"},"supplier_id":null,"supplier_sku":"BamSL-02M","barcode":null,"atum_controlled":true,"out_stock_date":null,"out_stock_threshold":null,"inheritable":false,"inbound_stock":null,"stock_on_hold":0,"sold_today":0,"sales_last_days":0,"reserved_stock":null,"customer_returns":null,"warehouse_damage":null,"lost_in_post":null,"other_logs":null,"out_stock_days":0,"lost_sales":0,"has_location":null,"update_date":"2026-01-30T01:25:43","atum_locations":[],"atum_stock_status":"instock","restock_status":false,"low_stock_amount":"","sales_update_date":"2026-01-30T01:25:43","calc_backorders":null,"_links":{"self":[{"href":"https:\/\/aromasentia.com\/da\/wp-json\/wp\/v2\/product\/202100","targetHints":{"allow":["GET"]}}],"collection":[{"href":"https:\/\/aromasentia.com\/da\/wp-json\/wp\/v2\/product"}],"about":[{"href":"https:\/\/aromasentia.com\/da\/wp-json\/wp\/v2\/types\/product"}],"replies":[{"embeddable":true,"href":"https:\/\/aromasentia.com\/da\/wp-json\/wp\/v2\/comments?post=202100"}],"version-history":[{"count":0,"href":"https:\/\/aromasentia.com\/da\/wp-json\/wp\/v2\/product\/202100\/revisions"}],"wp:featuredmedia":[{"embeddable":true,"href":"https:\/\/aromasentia.com\/da\/wp-json\/wp\/v2\/media\/316284"}],"wp:attachment":[{"href":"https:\/\/aromasentia.com\/da\/wp-json\/wp\/v2\/media?parent=202100"}],"wp:term":[{"taxonomy":"product_brand","embeddable":true,"href":"https:\/\/aromasentia.com\/da\/wp-json\/wp\/v2\/product_brand?post=202100"},{"taxonomy":"product_cat","embeddable":true,"href":"https:\/\/aromasentia.com\/da\/wp-json\/wp\/v2\/product_cat?post=202100"},{"taxonomy":"product_tag","embeddable":true,"href":"https:\/\/aromasentia.com\/da\/wp-json\/wp\/v2\/product_tag?post=202100"}],"curies":[{"name":"wp","href":"https:\/\/api.w.org\/{rel}","templated":true}]}}