{"id":202099,"date":"2025-03-21T14:37:45","date_gmt":"2025-03-21T14:37:45","guid":{"rendered":"https:\/\/aromasentia.com\/product\/m-l-hop-hare-bamboo-socks-low-41-46-sun-and-moon\/"},"modified":"2025-06-22T03:42:43","modified_gmt":"2025-06-22T03:42:43","slug":"m-l-hop-hare-bambus-stroemper-lav-41-46-sun-and-moon","status":"publish","type":"product","link":"https:\/\/aromasentia.com\/da\/m-l-hop-hare-bambus-stroemper-lav-41-46-sun-and-moon\/","title":{"rendered":"M\/L Hop Hare Bambus Str\u00f8mper Lav (41-46) &#8211; Sun And moon"},"content":{"rendered":"<p>Nyd den himmelske stil med M\/L Hop Hare Bamboo Socks Low (41-46) &#8211; Sun and Moon. Disse lavtsk\u00e5rne bambusstr\u00f8mper til st\u00f8rrelse 41-46 har et harmonisk sol- og m\u00e5nedesign, der symboliserer balance og kosmisk rytme. De er fremstillet af utrolig bl\u00f8d, \u00e5ndbar bambus og giver diskret komfort og et strejf af himmelsk magi. De er perfekte til hverdagsbrug og giver en f\u00f8lelse af kosmisk forbindelse og stilfuld komfort lige over skosnuden.<\/p>\n","protected":false},"excerpt":{"rendered":"<p>Nyd den himmelske stil med M\/L Hop Hare Bamboo Socks Low (41-46) &#8211; Sun and Moon. Disse lavtsk\u00e5rne bambusstr\u00f8mper til st\u00f8rrelse 41-46 har et harmonisk sol- og m\u00e5nedesign, der symboliserer balance og kosmisk rytme. De er fremstillet af utrolig bl\u00f8d, \u00e5ndbar bambus og giver diskret komfort og et strejf af himmelsk magi. De er perfekte [&hellip;]<\/p>\n","protected":false},"featured_media":316243,"comment_status":"closed","ping_status":"open","template":"","meta":[],"product_brand":[27111],"product_cat":[26600,25831],"product_tag":[],"class_list":{"0":"post-202099","1":"product","2":"type-product","3":"status-publish","4":"has-post-thumbnail","6":"product_brand-hop-hare","7":"product_cat-sokker-og-stromper","8":"product_cat-toj","9":"pa_collection-hop-hore-bamboo-low-trainer-socks-da","10":"pa_made-in-tyrkiet","12":"first","13":"instock","14":"purchasable","15":"product-type-simple"},"supplier_id":null,"supplier_sku":"BamSL-01M","barcode":null,"atum_controlled":true,"out_stock_date":null,"out_stock_threshold":null,"inheritable":false,"inbound_stock":null,"stock_on_hold":0,"sold_today":0,"sales_last_days":0,"reserved_stock":null,"customer_returns":null,"warehouse_damage":null,"lost_in_post":null,"other_logs":null,"out_stock_days":0,"lost_sales":0,"has_location":null,"update_date":"2026-02-06T00:00:48","atum_locations":[],"atum_stock_status":"instock","restock_status":false,"low_stock_amount":"","sales_update_date":"2026-02-06T00:00:48","calc_backorders":null,"_links":{"self":[{"href":"https:\/\/aromasentia.com\/da\/wp-json\/wp\/v2\/product\/202099","targetHints":{"allow":["GET"]}}],"collection":[{"href":"https:\/\/aromasentia.com\/da\/wp-json\/wp\/v2\/product"}],"about":[{"href":"https:\/\/aromasentia.com\/da\/wp-json\/wp\/v2\/types\/product"}],"replies":[{"embeddable":true,"href":"https:\/\/aromasentia.com\/da\/wp-json\/wp\/v2\/comments?post=202099"}],"version-history":[{"count":0,"href":"https:\/\/aromasentia.com\/da\/wp-json\/wp\/v2\/product\/202099\/revisions"}],"wp:featuredmedia":[{"embeddable":true,"href":"https:\/\/aromasentia.com\/da\/wp-json\/wp\/v2\/media\/316243"}],"wp:attachment":[{"href":"https:\/\/aromasentia.com\/da\/wp-json\/wp\/v2\/media?parent=202099"}],"wp:term":[{"taxonomy":"product_brand","embeddable":true,"href":"https:\/\/aromasentia.com\/da\/wp-json\/wp\/v2\/product_brand?post=202099"},{"taxonomy":"product_cat","embeddable":true,"href":"https:\/\/aromasentia.com\/da\/wp-json\/wp\/v2\/product_cat?post=202099"},{"taxonomy":"product_tag","embeddable":true,"href":"https:\/\/aromasentia.com\/da\/wp-json\/wp\/v2\/product_tag?post=202099"}],"curies":[{"name":"wp","href":"https:\/\/api.w.org\/{rel}","templated":true}]}}