{"id":202093,"date":"2025-03-21T14:37:49","date_gmt":"2025-03-21T14:37:49","guid":{"rendered":"https:\/\/aromasentia.com\/product\/s-m-hop-hare-bamboo-socks-low-36-40-sun-and-moon\/"},"modified":"2025-06-22T03:42:41","modified_gmt":"2025-06-22T03:42:41","slug":"s-m-hop-hare-bambus-stroemper-lav-36-40-sol-og-maane","status":"publish","type":"product","link":"https:\/\/aromasentia.com\/da\/s-m-hop-hare-bambus-stroemper-lav-36-40-sol-og-maane\/","title":{"rendered":"S\/M Hop Hare Bambus Str\u00f8mper Lav (36-40) &#8211; Sol Og m\u00e5ne"},"content":{"rendered":"<p><strong>Hop Hare Bamboo Socks Low &#8211; Sun and Moon<\/strong>, den perfekte blanding af stil, komfort og b\u00e6redygtighed. Str\u00f8mperne er inspireret af mystik, tro, traditioner og uforglemmelige oplevelser og tilbyder en unik fusion af stil og spiritualitet.&nbsp;<\/p>\n<p>Lavet af bambusgarn af h\u00f8j kvalitet. &nbsp;Fordelene ved <strong>bambusfibre<\/strong>, s\u00e5som fremragende fugtabsorption og ventilation, hj\u00e6lper med at holde f\u00f8dderne k\u00f8lige, t\u00f8rre og lugtfri. Bambusmaterialet giver ogs\u00e5 en silkebl\u00f8d fornemmelse, som g\u00f8r disse str\u00f8mper til en forn\u00f8jelse at have p\u00e5.<\/p>\n<p><strong>Motiver af sol og m\u00e5ne<\/strong> symboliserer harmoni, balance og den evige dans mellem lys og m\u00f8rke. Designet fungerer som en p\u00e5mindelse om universets indbyrdes forbundethed og den dybt forankrede visdom, der findes i gamle kulturer.<\/p>\n<p>Det lavtsk\u00e5rne design sikrer et alsidigt og moderigtigt look, der passer godt til forskellige skostilarter, fra sneakers til loafers.<\/p>\n<p>Hop Hare-sokkerne f\u00e5s i to st\u00f8rrelser: 3,5-6,5 UK (36-40 EU) og 7,5-11,5 UK (41-46 EU).&nbsp;<\/p>\n<p><em>Fremstillet i Tyrkiet. Sammens\u00e6tning: 70% bambus, 28,5% polyamid, 1,5% elastan.<\/em><\/p>\n<p><strong>Hvorfor bambusstr\u00f8mper?<\/strong><\/p>\n<p>&#8211; \u00e5ndbare<\/p>\n<p>&#8211; antibakterielle<\/p>\n<p>&#8211; termoregulerende<\/p>\n<p>&#8211; fugttransporterende<\/p>\n<p>&#8211; glat t\u00e5s\u00f8m<\/p>\n<p>&#8211; milj\u00f8venlige bambusfibre<\/p>\n<p><strong>Bestil nu, og giv dine kunder komfort og stil, der respekterer planeten.<\/strong><\/p>\n","protected":false},"excerpt":{"rendered":"<p>Hop Hare Bamboo Socks Low &#8211; Sun and Moon, den perfekte blanding af stil, komfort og b\u00e6redygtighed. Str\u00f8mperne er inspireret af mystik, tro, traditioner og uforglemmelige oplevelser og tilbyder en unik fusion af stil og spiritualitet.&nbsp; Lavet af bambusgarn af h\u00f8j kvalitet. &nbsp;Fordelene ved bambusfibre, s\u00e5som fremragende fugtabsorption og ventilation, hj\u00e6lper med at holde f\u00f8dderne [&hellip;]<\/p>\n","protected":false},"featured_media":317063,"comment_status":"closed","ping_status":"open","template":"","meta":{"_angie_page":false},"product_brand":[27111],"product_cat":[26600,25831],"product_tag":[],"class_list":{"0":"post-202093","1":"product","2":"type-product","3":"status-publish","4":"has-post-thumbnail","6":"product_brand-hop-hare","7":"product_cat-sokker-og-stromper","8":"product_cat-toj","9":"pa_collection-hop-hore-bamboo-low-trainer-socks-da","10":"pa_made-in-tyrkiet","12":"first","13":"instock","14":"purchasable","15":"product-type-simple"},"supplier_id":null,"supplier_sku":"BamSL-01F","barcode":null,"atum_controlled":true,"out_stock_date":null,"out_stock_threshold":null,"inheritable":false,"inbound_stock":null,"stock_on_hold":0,"sold_today":0,"sales_last_days":0,"reserved_stock":null,"customer_returns":null,"warehouse_damage":null,"lost_in_post":null,"other_logs":null,"out_stock_days":34,"lost_sales":0,"has_location":null,"update_date":"2026-05-08T05:04:56","atum_locations":[],"atum_stock_status":"instock","restock_status":false,"low_stock_amount":"","sales_update_date":"2025-10-09T03:25:10","calc_backorders":null,"_links":{"self":[{"href":"https:\/\/aromasentia.com\/da\/wp-json\/wp\/v2\/product\/202093","targetHints":{"allow":["GET"]}}],"collection":[{"href":"https:\/\/aromasentia.com\/da\/wp-json\/wp\/v2\/product"}],"about":[{"href":"https:\/\/aromasentia.com\/da\/wp-json\/wp\/v2\/types\/product"}],"replies":[{"embeddable":true,"href":"https:\/\/aromasentia.com\/da\/wp-json\/wp\/v2\/comments?post=202093"}],"version-history":[{"count":0,"href":"https:\/\/aromasentia.com\/da\/wp-json\/wp\/v2\/product\/202093\/revisions"}],"wp:featuredmedia":[{"embeddable":true,"href":"https:\/\/aromasentia.com\/da\/wp-json\/wp\/v2\/media\/317063"}],"wp:attachment":[{"href":"https:\/\/aromasentia.com\/da\/wp-json\/wp\/v2\/media?parent=202093"}],"wp:term":[{"taxonomy":"product_brand","embeddable":true,"href":"https:\/\/aromasentia.com\/da\/wp-json\/wp\/v2\/product_brand?post=202093"},{"taxonomy":"product_cat","embeddable":true,"href":"https:\/\/aromasentia.com\/da\/wp-json\/wp\/v2\/product_cat?post=202093"},{"taxonomy":"product_tag","embeddable":true,"href":"https:\/\/aromasentia.com\/da\/wp-json\/wp\/v2\/product_tag?post=202093"}],"curies":[{"name":"wp","href":"https:\/\/api.w.org\/{rel}","templated":true}]}}