{"id":202086,"date":"2025-03-21T14:37:49","date_gmt":"2025-03-21T14:37:49","guid":{"rendered":"https:\/\/aromasentia.com\/product\/m-l-hop-hare-bamboo-socks-low-41-46-moonlight-wolfs\/"},"modified":"2025-06-22T03:42:38","modified_gmt":"2025-06-22T03:42:38","slug":"m-l-hop-hare-bambus-stroemper-lav-41-46-moonlight-wolfs","status":"publish","type":"product","link":"https:\/\/aromasentia.com\/da\/m-l-hop-hare-bambus-stroemper-lav-41-46-moonlight-wolfs\/","title":{"rendered":"M\/L Hop Hare Bambus Str\u00f8mper Lav (41-46) &#8211; moonlight Wolfs"},"content":{"rendered":"<p>Omfavn den vilde \u00e5nd med M\/L Hop Hare Bamboo Socks Low (41-46) &#8211; Moonlight Wolfs. Disse f\u00e6ngslende bambusstr\u00f8mper med lavt snit (str. 41-46) har et mystisk design af ulve i m\u00e5neskin, som symboliserer intuition, frihed og loyalitet. De er lavet af utrolig bl\u00f8d og milj\u00f8venlig bambus og giver overlegen komfort. Et perfekt tilbeh\u00f8r til dem, der er tiltrukket af naturens ut\u00e6mmede sk\u00f8nhed og ulvens g\u00e5defulde tiltr\u00e6kningskraft, og som tilf\u00f8jer et strejf af vildmark til din stil.<\/p>\n","protected":false},"excerpt":{"rendered":"<p>Omfavn den vilde \u00e5nd med M\/L Hop Hare Bamboo Socks Low (41-46) &#8211; Moonlight Wolfs. Disse f\u00e6ngslende bambusstr\u00f8mper med lavt snit (str. 41-46) har et mystisk design af ulve i m\u00e5neskin, som symboliserer intuition, frihed og loyalitet. De er lavet af utrolig bl\u00f8d og milj\u00f8venlig bambus og giver overlegen komfort. Et perfekt tilbeh\u00f8r til dem, [&hellip;]<\/p>\n","protected":false},"featured_media":316784,"comment_status":"closed","ping_status":"open","template":"","meta":{"_angie_page":false},"product_brand":[27111],"product_cat":[26600,25831],"product_tag":[],"class_list":{"0":"post-202086","1":"product","2":"type-product","3":"status-publish","4":"has-post-thumbnail","6":"product_brand-hop-hare","7":"product_cat-sokker-og-stromper","8":"product_cat-toj","9":"pa_collection-hop-hore-bamboo-low-trainer-socks-da","10":"pa_made-in-tyrkiet","12":"first","13":"instock","14":"purchasable","15":"product-type-simple"},"supplier_id":null,"supplier_sku":"BamSL-14M","barcode":null,"atum_controlled":true,"out_stock_date":null,"out_stock_threshold":null,"inheritable":false,"inbound_stock":null,"stock_on_hold":0,"sold_today":0,"sales_last_days":0,"reserved_stock":null,"customer_returns":null,"warehouse_damage":null,"lost_in_post":null,"other_logs":null,"out_stock_days":0,"lost_sales":0,"has_location":null,"update_date":"2026-01-30T01:25:43","atum_locations":[],"atum_stock_status":"instock","restock_status":false,"low_stock_amount":"","sales_update_date":"2026-01-30T01:25:43","calc_backorders":null,"_links":{"self":[{"href":"https:\/\/aromasentia.com\/da\/wp-json\/wp\/v2\/product\/202086","targetHints":{"allow":["GET"]}}],"collection":[{"href":"https:\/\/aromasentia.com\/da\/wp-json\/wp\/v2\/product"}],"about":[{"href":"https:\/\/aromasentia.com\/da\/wp-json\/wp\/v2\/types\/product"}],"replies":[{"embeddable":true,"href":"https:\/\/aromasentia.com\/da\/wp-json\/wp\/v2\/comments?post=202086"}],"version-history":[{"count":0,"href":"https:\/\/aromasentia.com\/da\/wp-json\/wp\/v2\/product\/202086\/revisions"}],"wp:featuredmedia":[{"embeddable":true,"href":"https:\/\/aromasentia.com\/da\/wp-json\/wp\/v2\/media\/316784"}],"wp:attachment":[{"href":"https:\/\/aromasentia.com\/da\/wp-json\/wp\/v2\/media?parent=202086"}],"wp:term":[{"taxonomy":"product_brand","embeddable":true,"href":"https:\/\/aromasentia.com\/da\/wp-json\/wp\/v2\/product_brand?post=202086"},{"taxonomy":"product_cat","embeddable":true,"href":"https:\/\/aromasentia.com\/da\/wp-json\/wp\/v2\/product_cat?post=202086"},{"taxonomy":"product_tag","embeddable":true,"href":"https:\/\/aromasentia.com\/da\/wp-json\/wp\/v2\/product_tag?post=202086"}],"curies":[{"name":"wp","href":"https:\/\/api.w.org\/{rel}","templated":true}]}}