{"id":202085,"date":"2025-03-21T14:37:49","date_gmt":"2025-03-21T14:37:49","guid":{"rendered":"https:\/\/aromasentia.com\/product\/m-l-hop-hare-bamboo-socks-low-41-46-lucky-cat\/"},"modified":"2025-06-22T03:42:37","modified_gmt":"2025-06-22T03:42:37","slug":"m-l-hop-hare-bambus-stroemper-lav-41-46-lucky-cat","status":"publish","type":"product","link":"https:\/\/aromasentia.com\/da\/m-l-hop-hare-bambus-stroemper-lav-41-46-lucky-cat\/","title":{"rendered":"M\/L Hop Hare Bambus Str\u00f8mper Lav (41-46) &#8211; Lucky Cat"},"content":{"rendered":"<p>Inviter til velstand med M\/L Hop Hare Bamboo Socks Low (41-46) &#8211; Lucky Cat. Disse charmerende bambusstr\u00f8mper med lav udsk\u00e6ring i st\u00f8rrelse 41-46 er prydet med Maneki-neko, den japanske vinkende kat, som er et popul\u00e6rt symbol p\u00e5 held og lykke. De er fremstillet af us\u00e6dvanligt bl\u00f8dt og \u00e5ndbart bambus og sikrer komfort hele dagen, samtidig med at de tilf\u00f8jer et strejf af finurlig charme. En dejlig og diskret m\u00e5de at have lidt ekstra held og katteappeal med sig p\u00e5.<\/p>\n","protected":false},"excerpt":{"rendered":"<p>Inviter til velstand med M\/L Hop Hare Bamboo Socks Low (41-46) &#8211; Lucky Cat. Disse charmerende bambusstr\u00f8mper med lav udsk\u00e6ring i st\u00f8rrelse 41-46 er prydet med Maneki-neko, den japanske vinkende kat, som er et popul\u00e6rt symbol p\u00e5 held og lykke. De er fremstillet af us\u00e6dvanligt bl\u00f8dt og \u00e5ndbart bambus og sikrer komfort hele dagen, samtidig [&hellip;]<\/p>\n","protected":false},"featured_media":316735,"comment_status":"closed","ping_status":"open","template":"","meta":[],"product_brand":[27111],"product_cat":[26600,25831],"product_tag":[],"class_list":{"0":"post-202085","1":"product","2":"type-product","3":"status-publish","4":"has-post-thumbnail","6":"product_brand-hop-hare","7":"product_cat-sokker-og-stromper","8":"product_cat-toj","9":"pa_collection-hop-hore-bamboo-low-trainer-socks-da","10":"pa_made-in-tyrkiet","12":"first","13":"outofstock","14":"purchasable","15":"product-type-simple"},"supplier_id":null,"supplier_sku":"BamSL-13M","barcode":null,"atum_controlled":true,"out_stock_date":"2026-02-09 10:23:43","out_stock_threshold":null,"inheritable":false,"inbound_stock":null,"stock_on_hold":0,"sold_today":0,"sales_last_days":0,"reserved_stock":null,"customer_returns":null,"warehouse_damage":null,"lost_in_post":null,"other_logs":null,"out_stock_days":0,"lost_sales":0,"has_location":null,"update_date":"2026-02-09T11:35:49","atum_locations":[],"atum_stock_status":"outofstock","restock_status":false,"low_stock_amount":"","sales_update_date":"2026-02-06T00:00:48","calc_backorders":null,"_links":{"self":[{"href":"https:\/\/aromasentia.com\/da\/wp-json\/wp\/v2\/product\/202085","targetHints":{"allow":["GET"]}}],"collection":[{"href":"https:\/\/aromasentia.com\/da\/wp-json\/wp\/v2\/product"}],"about":[{"href":"https:\/\/aromasentia.com\/da\/wp-json\/wp\/v2\/types\/product"}],"replies":[{"embeddable":true,"href":"https:\/\/aromasentia.com\/da\/wp-json\/wp\/v2\/comments?post=202085"}],"version-history":[{"count":0,"href":"https:\/\/aromasentia.com\/da\/wp-json\/wp\/v2\/product\/202085\/revisions"}],"wp:featuredmedia":[{"embeddable":true,"href":"https:\/\/aromasentia.com\/da\/wp-json\/wp\/v2\/media\/316735"}],"wp:attachment":[{"href":"https:\/\/aromasentia.com\/da\/wp-json\/wp\/v2\/media?parent=202085"}],"wp:term":[{"taxonomy":"product_brand","embeddable":true,"href":"https:\/\/aromasentia.com\/da\/wp-json\/wp\/v2\/product_brand?post=202085"},{"taxonomy":"product_cat","embeddable":true,"href":"https:\/\/aromasentia.com\/da\/wp-json\/wp\/v2\/product_cat?post=202085"},{"taxonomy":"product_tag","embeddable":true,"href":"https:\/\/aromasentia.com\/da\/wp-json\/wp\/v2\/product_tag?post=202085"}],"curies":[{"name":"wp","href":"https:\/\/api.w.org\/{rel}","templated":true}]}}