{"id":202080,"date":"2025-03-21T14:37:49","date_gmt":"2025-03-21T14:37:49","guid":{"rendered":"https:\/\/aromasentia.com\/product\/m-l-hop-hare-bamboo-socks-low-41-46-lucky-elephant\/"},"modified":"2025-06-22T03:42:33","modified_gmt":"2025-06-22T03:42:33","slug":"m-l-hop-hare-bambus-stroemper-lav-41-46-lucky-elephant","status":"publish","type":"product","link":"https:\/\/aromasentia.com\/da\/m-l-hop-hare-bambus-stroemper-lav-41-46-lucky-elephant\/","title":{"rendered":"M\/L Hop Hare Bambus Str\u00f8mper Lav (41-46) &#8211; Lucky Elephant"},"content":{"rendered":"<p>Indbyd til held og lykke med M\/L Hop Hare Bamboo Socks Low (41-46) &#8211; Lucky Elephant. Disse charmerende bambusstr\u00f8mper med lav udsk\u00e6ring (str. 41-46) har det lykkebringende elefantmotiv, der symboliserer visdom, styrke og held. De er fremstillet af b\u00e6redygtig og luksuri\u00f8st bl\u00f8d bambus og giver enest\u00e5ende komfort og \u00e5ndbarhed med en diskret profil. En dejlig m\u00e5de at b\u00e6re positiv energi og et strejf af blid majest\u00e6t med dig hele dagen og forbedre dine skridt med subtilt held.<\/p>\n","protected":false},"excerpt":{"rendered":"<p>Indbyd til held og lykke med M\/L Hop Hare Bamboo Socks Low (41-46) &#8211; Lucky Elephant. Disse charmerende bambusstr\u00f8mper med lav udsk\u00e6ring (str. 41-46) har det lykkebringende elefantmotiv, der symboliserer visdom, styrke og held. De er fremstillet af b\u00e6redygtig og luksuri\u00f8st bl\u00f8d bambus og giver enest\u00e5ende komfort og \u00e5ndbarhed med en diskret profil. En dejlig [&hellip;]<\/p>\n","protected":false},"featured_media":316530,"comment_status":"closed","ping_status":"open","template":"","meta":[],"product_brand":[27111],"product_cat":[26600,25831],"product_tag":[],"class_list":{"0":"post-202080","1":"product","2":"type-product","3":"status-publish","4":"has-post-thumbnail","6":"product_brand-hop-hare","7":"product_cat-sokker-og-stromper","8":"product_cat-toj","9":"pa_collection-hop-hore-bamboo-low-trainer-socks-da","10":"pa_made-in-tyrkiet","12":"first","13":"outofstock","14":"purchasable","15":"product-type-simple"},"supplier_id":null,"supplier_sku":"BamSL-08M","barcode":null,"atum_controlled":true,"out_stock_date":"2026-01-05 15:25:34","out_stock_threshold":null,"inheritable":false,"inbound_stock":null,"stock_on_hold":0,"sold_today":0,"sales_last_days":0,"reserved_stock":null,"customer_returns":null,"warehouse_damage":null,"lost_in_post":null,"other_logs":null,"out_stock_days":0,"lost_sales":0,"has_location":null,"update_date":"2026-02-12T05:42:04","atum_locations":[],"atum_stock_status":"outofstock","restock_status":false,"low_stock_amount":"","sales_update_date":"2025-10-09T03:25:15","calc_backorders":null,"_links":{"self":[{"href":"https:\/\/aromasentia.com\/da\/wp-json\/wp\/v2\/product\/202080","targetHints":{"allow":["GET"]}}],"collection":[{"href":"https:\/\/aromasentia.com\/da\/wp-json\/wp\/v2\/product"}],"about":[{"href":"https:\/\/aromasentia.com\/da\/wp-json\/wp\/v2\/types\/product"}],"replies":[{"embeddable":true,"href":"https:\/\/aromasentia.com\/da\/wp-json\/wp\/v2\/comments?post=202080"}],"version-history":[{"count":0,"href":"https:\/\/aromasentia.com\/da\/wp-json\/wp\/v2\/product\/202080\/revisions"}],"wp:featuredmedia":[{"embeddable":true,"href":"https:\/\/aromasentia.com\/da\/wp-json\/wp\/v2\/media\/316530"}],"wp:attachment":[{"href":"https:\/\/aromasentia.com\/da\/wp-json\/wp\/v2\/media?parent=202080"}],"wp:term":[{"taxonomy":"product_brand","embeddable":true,"href":"https:\/\/aromasentia.com\/da\/wp-json\/wp\/v2\/product_brand?post=202080"},{"taxonomy":"product_cat","embeddable":true,"href":"https:\/\/aromasentia.com\/da\/wp-json\/wp\/v2\/product_cat?post=202080"},{"taxonomy":"product_tag","embeddable":true,"href":"https:\/\/aromasentia.com\/da\/wp-json\/wp\/v2\/product_tag?post=202080"}],"curies":[{"name":"wp","href":"https:\/\/api.w.org\/{rel}","templated":true}]}}